{"id":4244,"date":"2019-12-10T22:52:42","date_gmt":"2019-12-10T22:52:42","guid":{"rendered":"https:\/\/www.thefinitive.com\/?post_type=product&#038;p=4244"},"modified":"2023-03-20T15:49:43","modified_gmt":"2023-03-20T14:49:43","slug":"istruttore-pre-militare-pnf-g-i-l-distintivo","status":"publish","type":"product","link":"https:\/\/thefinitive.com\/en\/prodotto\/istruttore-pre-militare-pnf-g-i-l-distintivo\/","title":{"rendered":"\u274c\ud83d\ude41Istruttore PRE MILITARE PNF &#8211; G.I.L. Distintivo"},"content":{"rendered":"<p>Distintivo di grado &#8220;argento&#8221; per <strong>ISTRUTTORE PRE MILITARE<\/strong> della\u00a0 GIL\u00a0 <strong>Giovent\u00f9 Italiana del Littorio<\/strong>, l&#8217;organizzazione del <strong>PNF<\/strong>\u00a0 Partito Nazionale Fascista, che si occupava dei giovani sin dall&#8217;infanzia. In metallo a rilievo, riporta una bella iconografia fascista, con la <strong>M<\/strong> di Mussolini sullo sfondo, un elmetto modello 31 (con crestino) preceduto da un moschetto <strong>Balilla<\/strong>, e con dettagli a smalto nero sulle scritte <strong>PNF<\/strong> &#8211; <strong>GIL<\/strong> &#8211; <strong>ISTRUTTORE PRE MILITARE.<\/strong><\/p>\n<p>Al verso troviamo la spilla d&#8217;aggancio, ed impresso il marchio di fabbrica\u00a0 <strong>S.JOHNSON MILANO ROMA<\/strong>,\u00a0 contrapposto al numero di assegnazione dello stesso distintivo all&#8217;istruttore designato, <strong>B 00550<\/strong> . Da notare che la lettera <strong>B<\/strong> del numero di serie, apposta sui distintivi di classe ARGENTO, \u00e8 impressa a rilievo, mentre il numero vero e proprio risulta poi impresso a punzonatura.<\/p>\n<p>Questo distintivo per Istruttore PRE MILITARE del PNF\u00a0 \u00e8 in ottimo stato, senza danni agli smalti.<\/p>\n<p>&nbsp;<\/p>\n<p><strong>MATERIALE\u00a0 \u00a0 \u00a0:\u00a0<\/strong> Metallo smaltato<\/p>\n<p><strong>MISURE\u00a0 \u00a0 \u00a0 \u00a0 \u00a0 \u00a0 \u00a0:<\/strong><\/p>\n<p><strong>MARCHIO\u00a0 \u00a0 \u00a0 \u00a0 \u00a0:<\/strong>\u00a0 Johnson Milano &#8211; Roma<\/p>\n<p>&nbsp;<\/p>\n<h2>NOTIZIE<\/h2>\n<p>Estratto dal testo di <b><a title=\"Autore:Achille Starace\" href=\"https:\/\/it.wikisource.org\/wiki\/Autore:Achille_Starace\">Achille Starace<\/a><\/b>,\u00a0<i><b><a title=\"Giovent\u00f9 italiana del littorio\" href=\"https:\/\/it.wikisource.org\/wiki\/Giovent%C3%B9_italiana_del_littorio\">Giovent\u00f9 italiana del littorio<\/a><\/b><\/i><span class=\"ws-noexport\">\u00a0<\/span> Milano, Mondadori, 1939, dove si parla dei compiti\u00a0 dell&#8217;istruttore Pre Militare del PNF-GIL.<\/p>\n<div class=\"centertext\">\n<p><strong>ADDESTRAMENTO PREMILITARE<\/strong><\/p>\n<\/div>\n<p><span class=\"dropinitial\">T<\/span>utti\u00a0i giovani del Littorio, fin dai primi anni d\u2019et\u00e0, sono addestrati militarmente. Col passaggio ai ranghi superiori, l\u2019istruzione militare si specifica e si definisce tecnicamente. All\u2019et\u00e0 delle armi, il giovane fascista, che per un lungo volgere di anni la G. I. L. ha educato, istruito e addestrato, entra nell\u2019Esercito come un soldato gi\u00e0 forgiato, preparato all\u2019uso delle armi che gli saranno affidate e con lo spirito disciplinato ed entusiasta.<\/p>\n<p>Ai movimenti in ordine chiuso, nei quali, per quanto riguarda l\u2019addestramento, si conclude sostanzialmente l\u2019istruzione premilitare dei balilla, si aggiungono, per i balilla moschettieri, la conoscenza e il maneggio del\u00a0moschetto &#8217;91 tipo \u201cBalilla\u201d, e, per gli avanguardisti, la conoscenza delle armi portatili e qualche esercitazione tattica.<\/p>\n<p>Il provvedimento del\u00a0<span id=\"Benito_Mussolini\"><span data-progetto=\"w\">Duce<\/span><\/span>, durante la sessione di febbraio XVI della Commissione suprema di difesa, che affidava al Comando generale della G. I. L. il compito di provvedere\u00a0<span id=\"pag28\" class=\"numeropagina ws-noexport noprint\"><span id=\"pagename28\">[p.\u00a028<span class=\"plainlinks linkModifica\">\u00a0modifica<\/span>]<\/span><\/span>sia all\u2019istruzione premilitare generale sia a quella specializzata dei giovani fascisti, ha avuto vigore con la legge dell\u201911 aprile 1938-xvi, n. 405. Tale provvedimento ha integrato i compiti e i mezzi della Giovent\u00fa italiana del Littorio e ha dato maggiore organicit\u00e0 a tutta la sua azione nel campo della preparazione militare della giovent\u00fa. Risoluzione logica, quindi, per l\u2019unit\u00e0 delle direttive che ne \u00e8 risultata, e la cui efficacia potr\u00e0 essere largamente rilevata quando si consideri che, mediante gli organi centrali appositi del Comando generale e quelli periferici istituiti presso i Comandi federali, \u00e8 possibile giungere a un censimento qualitativo e quantitativo sempre pi\u00fa minuzioso e, in conseguenza, alla preparazione adeguata di una massa sempre pi\u00fa numerosa di giovani specializzati da avviare alle Forze Armate dello Stato. Questi organi sono, presso il Comando generale della G. I. L., il comando premilitare della G. I. L. e i tre centri premilitari rispettivamente per la leva di terra, di mare e dell\u2019aria; e presso ogni Comando federale, il centro premilitare federale e le sezioni premilitari leva di terra, di mare e dell\u2019aria.<\/p>\n<p>I corsi premilitari che si svolgono sotto la direzione dei Comandi federali della G. I. L. o dei Comandi della G. I. L. di Fascio, tendono\u00a0<span id=\"pag29\" class=\"numeropagina ws-noexport noprint\"><span id=\"pagename29\">[p.\u00a029<span class=\"plainlinks linkModifica\">\u00a0modifica<\/span>]<\/span><\/span>alla specializzazione preterrestre, premarinara e preaeronautica dei giovani fascisti. La premilitare terrestre prepara i seguenti specialisti: mitraglieri, cavalieri, artiglieri goniometristi, a. puntatori, genieri, segnalatori, telefonisti, telegrafisti, fototelegrafisti, marconisti, automobilisti, motoristi, motociclisti, musicanti, infermieri e portaferiti. I corsi di specializzazione premarinara istruiscono: segnalatori, nocchieri, radiotelegrafisti, elettricisti, specialisti direzione tiro, cannonieri ordinari, c. armaioli, c. artiglieri, infermieri, portaferiti, torpedinieri, siluristi, autisti, fuochisti conduttori di macchine, f. artefici, f. motoristi navali, f. motoristi abilitati. La premilitare aeronautica prepara: motoristi, montatori, radiotelegrafisti, radioaerologisti, elettricisti, armieri, meccanici autisti, autisti, motoscafisti, brevettati volo vela.<\/p>\n<p>Pi\u00f9 di 78.000 sono stati i giovani fascisti delle classi di leva 1917-18 che hanno frequentato i corsi preterrestri. Notevole \u00e8 anche il numero dei partecipanti ai corsi che preparano i giovani alle leve di mare e dell\u2019aria. I giovani delle classi 1918-19 che hanno frequentato i corsi premarinari e preaeronautici sono stati rispettivamente 26.000 e 4500.<\/p>\n<p>Il saggio di tutta l\u2019attivit\u00e0 premilitare, quello in cui si dimostra pienamente il risultato di\u00a0<span id=\"pag30\" class=\"numeropagina ws-noexport noprint\"><span id=\"pagename30\">[p.\u00a030<span class=\"plainlinks linkModifica\">\u00a0modifica<\/span>]<\/span><\/span>tutta l\u2019istruzione premilitare, \u00e8 dato dal campo \u201cRoma\u201d. \u00c8 in questa imponente manifestazione che pu\u00f2 essere misurato il grado di efficienza morale e bellica e di preparazione tecnica raggiunto di anno in anno dai giovani fascisti. \u00ab<i>Il III campo \u201cRoma\u201d rester\u00e0 a lungo nelle memorie<\/i>\u00bb disse il\u00a0<span id=\"Benito_Mussolini\"><span data-progetto=\"w\">Duce<\/span><\/span>\u00a0nel messaggio inviato il 5 maggio dell\u2019anno XVI al Segretario del Partito, dopo aver espresso il Suo compiacimento per l\u2019esercitazione finale di Centocelle nella quale 52.000 avanguardisti moschettieri e giovani fascisti gareggiarono in bravura e perfezione. La Giovent\u00f9 italiana del Littorio ha dato in quell\u2019occasione un\u2019altra prova dell\u2019importanza fondamentale che essa riveste quale organo destinato a forgiare il volto e l\u2019anima della Nazione guerriera.<\/p>\n<p>Oltre i corsi e i campi, hanno un carattere premilitare anche i collegi navali della G. I. L. di Venezia e di Brindisi, il collegio aeronautico della G. I. L. di Forl\u00ec e la scuola marinara della G. I. L. di Sabaudia. Mentre i primi due preparano i giovani che vogliono frequentare la R. Accademia navale, il terzo \u00e8, analogamente, un istituto propedeutico di quella aeronautica. La scuola marinara provvede all\u2019istruzione di ottime maestranze marittime.<\/p>\n<p>L\u2019istruzione premilitare della giovent\u00f9\u00a0<span id=\"pag31\" class=\"numeropagina ws-noexport noprint\"><span id=\"pagename31\">[p.\u00a031<span class=\"plainlinks linkModifica\">\u00a0modifica<\/span>]<\/span><\/span>richiede dei comandanti particolarmente preparati. A ci\u00f2 provvedono i corsi che, periodicamente, con durata varia, si tengono presso la scuola di perfezionamento per istruttori premilitari della G. I. L., e rilasciano, a compimento, il brevetto di istruttore premilitare.<\/p>\n<p>Corsi speciali di perfezionamento hanno luogo, di volta in volta, a seconda delle necessit\u00e0, anche all\u2019infuori di questa scuola. Ne \u00e8 un esempio quello che si \u00e8 svolto in Roma, tra il gennaio e il marzo dell\u2019anno XVII, con la partecipazione di 600 ufficiali, scelti mediante appositi esperimenti, fra tutti i Comandi federali.<\/p>\n<p>Tutti questi corsi hanno lo scopo di accertare ed integrare le capacit\u00e0 tecniche degli istruttori e di metterli in grado di organizzare eventualmente in provincia, corsi analoghi, attraverso i quali formare il maggior numero possibile di istruttori ben preparati.<\/p>\n<p>L\u2019istruzione premilitare, considerata generalmente, \u00e8 rivolta, come \u00e8 stato detto in principio, a tutte le categorie maschili della G. I. L. \u00c8 per\u00f2 degna di menzione particolare quella che viene impartita agli avanguardisti moschettieri ed agli avanguardisti marinari, e che, dopo l\u2019addestramento in provincia, ha la sua manifestazione nazionale e conclusiva nel campo \u201cDux\u201d. Durante dieci giorni di sana e rude\u00a0<span id=\"pag32\" class=\"numeropagina ws-noexport noprint\"><span id=\"pagename32\">[p.\u00a032<span class=\"plainlinks linkModifica\">\u00a0modifica<\/span>]<\/span><\/span>vita di tenda viene saggiato, individualmente e per reparto, il grado raggiunto dagli avanguardisti nella preparazione culturale e militare, nonch\u00e9 la loro efficienza sportiva. Il campo \u201cDux\u201d, che ha luogo annualmente a Roma negli ultimi giorni di agosto, con l\u2019attendamento di molte migliaia di giovani, \u00e8 preceduto dai corsi nazionali per cadetti e capicenturia, che si svolgono generalmente a Roma e a Forl\u00ec, ed hanno lo scopo di preparare i graduati avanguardisti alla funzione di comando nei reparti minori, dopo un periodo di lezioni e di esercitazioni particolarmente intenso e proficuo, che dura un mese. L\u2019istruzione e l\u2019addestramento per i moschettieri si distinguono da quelli dei marinari, che hanno luogo presso la sede di una legione marinara, che di solito \u00e8 quella della\u00a0\u201cCaio Duilio\u201d, di Roma, e sotto la guida di personale specializzato messo a disposizione della G. I. L. dalla R. Marina.<\/p>\n<p>Oltre a questi corsi, che sono nazionali, sono da ricordare quelli per capisquadra, distinti per avanguardisti e balilla, e quelli per le graduate addette alle organizzazioni femminili, che hanno luogo a cura dei Comandi federali della G. I. L. in tutte le province, da dicembre a marzo, e si svolgono sulla traccia di manuali editi dal Comando generale della G. I. L.<\/p>\n<p>&nbsp;<\/p>\n<p>Fonti\u00a0 web<\/p>\n<p>12.19<\/p>\n","protected":false},"excerpt":{"rendered":"<p style=\"text-align: center;\">Distintivo di grado &#8220;argento&#8221; per <strong>ISTRUTTORE PRE MILITARE<\/strong> della\u00a0 GIL\u00a0 <strong>Giovent\u00f9 Italiana del Littorio.<\/strong><\/p>\n<p style=\"text-align: center;\">Marcato\u00a0 <strong>S.JOHNSON MILANO ROMA<\/strong>,\u00a0 con numero di assegnazione all&#8217;istruttore designato, <strong>B 00550<\/strong> .<\/p>\n<p style=\"text-align: center;\">In condizioni eccellenti , come evidenziato dalle fotografie allegate.<\/p>\n<p>&nbsp;<\/p>\n<p style=\"text-align: center;\"><strong><em>(Scorri la pagina in basso per ulteriori dettagli e informazioni)<\/em><\/strong><\/p>\n<p>&nbsp;<\/p>\n<p>&nbsp;<\/p>\n","protected":false},"featured_media":4245,"comment_status":"open","ping_status":"closed","template":"","meta":[],"product_cat":[586],"product_tag":[197,155,458,160,228,305,195],"yoast_head":"<!-- This site is optimized with the Yoast SEO plugin v21.9.1 - https:\/\/yoast.com\/wordpress\/plugins\/seo\/ -->\n<title>\u274c\ud83d\ude41Istruttore PRE MILITARE PNF - G.I.L. Distintivo - Thefinitive<\/title>\n<meta name=\"description\" content=\"Distintivo ISTRUTTORE PRE MILITARE - Organo PNF G.I.L. Giovent\u00f9 Italiana del Littorio - Fascist Youth organization badge Military Instructor\" \/>\n<meta name=\"robots\" content=\"index, follow, max-snippet:-1, max-image-preview:large, max-video-preview:-1\" \/>\n<link rel=\"canonical\" href=\"https:\/\/thefinitive.com\/en\/prodotto\/istruttore-pre-militare-pnf-g-i-l-distintivo\/\" \/>\n<meta property=\"og:locale\" content=\"en_US\" \/>\n<meta property=\"og:type\" content=\"article\" \/>\n<meta property=\"og:title\" content=\"\u274c\ud83d\ude41Istruttore PRE MILITARE PNF - G.I.L. Distintivo - Thefinitive\" \/>\n<meta property=\"og:description\" content=\"Distintivo ISTRUTTORE PRE MILITARE - Organo PNF G.I.L. Giovent\u00f9 Italiana del Littorio - Fascist Youth organization badge Military Instructor\" \/>\n<meta property=\"og:url\" content=\"https:\/\/thefinitive.com\/en\/prodotto\/istruttore-pre-militare-pnf-g-i-l-distintivo\/\" \/>\n<meta property=\"og:site_name\" content=\"Thefinitive\" \/>\n<meta property=\"article:publisher\" content=\"https:\/\/business.facebook.com\/Thefinitive-111771813534320\/\" \/>\n<meta property=\"article:modified_time\" content=\"2023-03-20T14:49:43+00:00\" \/>\n<meta property=\"og:image\" content=\"https:\/\/thefinitive.com\/wp-content\/uploads\/2019\/12\/20191210_171741.jpg\" \/>\n\t<meta property=\"og:image:width\" content=\"2160\" \/>\n\t<meta property=\"og:image:height\" content=\"2160\" \/>\n\t<meta property=\"og:image:type\" content=\"image\/jpeg\" \/>\n<meta name=\"twitter:card\" content=\"summary_large_image\" \/>\n<meta name=\"twitter:label1\" content=\"Est. reading time\" \/>\n\t<meta name=\"twitter:data1\" content=\"6 minutes\" \/>\n<script type=\"application\/ld+json\" class=\"yoast-schema-graph\">{\"@context\":\"https:\/\/schema.org\",\"@graph\":[{\"@type\":\"WebPage\",\"@id\":\"https:\/\/thefinitive.com\/en\/prodotto\/istruttore-pre-militare-pnf-g-i-l-distintivo\/\",\"url\":\"https:\/\/thefinitive.com\/en\/prodotto\/istruttore-pre-militare-pnf-g-i-l-distintivo\/\",\"name\":\"\u274c\ud83d\ude41Istruttore PRE MILITARE PNF - G.I.L. Distintivo - Thefinitive\",\"isPartOf\":{\"@id\":\"https:\/\/thefinitive.com\/en\/#website\"},\"datePublished\":\"2019-12-10T22:52:42+00:00\",\"dateModified\":\"2023-03-20T14:49:43+00:00\",\"description\":\"Distintivo ISTRUTTORE PRE MILITARE - Organo PNF G.I.L. Giovent\u00f9 Italiana del Littorio - Fascist Youth organization badge Military Instructor\",\"breadcrumb\":{\"@id\":\"https:\/\/thefinitive.com\/en\/prodotto\/istruttore-pre-militare-pnf-g-i-l-distintivo\/#breadcrumb\"},\"inLanguage\":\"en-US\",\"potentialAction\":[{\"@type\":\"ReadAction\",\"target\":[\"https:\/\/thefinitive.com\/en\/prodotto\/istruttore-pre-militare-pnf-g-i-l-distintivo\/\"]}]},{\"@type\":\"BreadcrumbList\",\"@id\":\"https:\/\/thefinitive.com\/en\/prodotto\/istruttore-pre-militare-pnf-g-i-l-distintivo\/#breadcrumb\",\"itemListElement\":[{\"@type\":\"ListItem\",\"position\":1,\"name\":\"Home\",\"item\":\"https:\/\/thefinitive.com\/en\/\"},{\"@type\":\"ListItem\",\"position\":2,\"name\":\"Shop\",\"item\":\"https:\/\/thefinitive.com\/en\/shop-2\/\"},{\"@type\":\"ListItem\",\"position\":3,\"name\":\"\u274c\ud83d\ude41Istruttore PRE MILITARE PNF &#8211; G.I.L. Distintivo\"}]},{\"@type\":\"WebSite\",\"@id\":\"https:\/\/thefinitive.com\/en\/#website\",\"url\":\"https:\/\/thefinitive.com\/en\/\",\"name\":\"Thefinitive\",\"description\":\"Antiquariato Online\",\"publisher\":{\"@id\":\"https:\/\/thefinitive.com\/en\/#organization\"},\"potentialAction\":[{\"@type\":\"SearchAction\",\"target\":{\"@type\":\"EntryPoint\",\"urlTemplate\":\"https:\/\/thefinitive.com\/en\/?s={search_term_string}\"},\"query-input\":\"required name=search_term_string\"}],\"inLanguage\":\"en-US\"},{\"@type\":\"Organization\",\"@id\":\"https:\/\/thefinitive.com\/en\/#organization\",\"name\":\"Thefinitive\",\"url\":\"https:\/\/thefinitive.com\/en\/\",\"logo\":{\"@type\":\"ImageObject\",\"inLanguage\":\"en-US\",\"@id\":\"https:\/\/thefinitive.com\/en\/#\/schema\/logo\/image\/\",\"url\":\"https:\/\/thefinitive.com\/wp-content\/uploads\/2019\/07\/logo4vett.svg\",\"contentUrl\":\"https:\/\/thefinitive.com\/wp-content\/uploads\/2019\/07\/logo4vett.svg\",\"width\":500,\"height\":100,\"caption\":\"Thefinitive\"},\"image\":{\"@id\":\"https:\/\/thefinitive.com\/en\/#\/schema\/logo\/image\/\"},\"sameAs\":[\"https:\/\/business.facebook.com\/Thefinitive-111771813534320\/\",\"https:\/\/www.instagram.com\/_thefinitive_\/\"]}]}<\/script>\n<!-- \/ Yoast SEO plugin. -->","yoast_head_json":{"title":"\u274c\ud83d\ude41Istruttore PRE MILITARE PNF - G.I.L. Distintivo - Thefinitive","description":"Distintivo ISTRUTTORE PRE MILITARE - Organo PNF G.I.L. Giovent\u00f9 Italiana del Littorio - Fascist Youth organization badge Military Instructor","robots":{"index":"index","follow":"follow","max-snippet":"max-snippet:-1","max-image-preview":"max-image-preview:large","max-video-preview":"max-video-preview:-1"},"canonical":"https:\/\/thefinitive.com\/en\/prodotto\/istruttore-pre-militare-pnf-g-i-l-distintivo\/","og_locale":"en_US","og_type":"article","og_title":"\u274c\ud83d\ude41Istruttore PRE MILITARE PNF - G.I.L. Distintivo - Thefinitive","og_description":"Distintivo ISTRUTTORE PRE MILITARE - Organo PNF G.I.L. Giovent\u00f9 Italiana del Littorio - Fascist Youth organization badge Military Instructor","og_url":"https:\/\/thefinitive.com\/en\/prodotto\/istruttore-pre-militare-pnf-g-i-l-distintivo\/","og_site_name":"Thefinitive","article_publisher":"https:\/\/business.facebook.com\/Thefinitive-111771813534320\/","article_modified_time":"2023-03-20T14:49:43+00:00","og_image":[{"width":2160,"height":2160,"url":"https:\/\/thefinitive.com\/wp-content\/uploads\/2019\/12\/20191210_171741.jpg","type":"image\/jpeg"}],"twitter_card":"summary_large_image","twitter_misc":{"Est. reading time":"6 minutes"},"schema":{"@context":"https:\/\/schema.org","@graph":[{"@type":"WebPage","@id":"https:\/\/thefinitive.com\/en\/prodotto\/istruttore-pre-militare-pnf-g-i-l-distintivo\/","url":"https:\/\/thefinitive.com\/en\/prodotto\/istruttore-pre-militare-pnf-g-i-l-distintivo\/","name":"\u274c\ud83d\ude41Istruttore PRE MILITARE PNF - G.I.L. Distintivo - Thefinitive","isPartOf":{"@id":"https:\/\/thefinitive.com\/en\/#website"},"datePublished":"2019-12-10T22:52:42+00:00","dateModified":"2023-03-20T14:49:43+00:00","description":"Distintivo ISTRUTTORE PRE MILITARE - Organo PNF G.I.L. Giovent\u00f9 Italiana del Littorio - Fascist Youth organization badge Military Instructor","breadcrumb":{"@id":"https:\/\/thefinitive.com\/en\/prodotto\/istruttore-pre-militare-pnf-g-i-l-distintivo\/#breadcrumb"},"inLanguage":"en-US","potentialAction":[{"@type":"ReadAction","target":["https:\/\/thefinitive.com\/en\/prodotto\/istruttore-pre-militare-pnf-g-i-l-distintivo\/"]}]},{"@type":"BreadcrumbList","@id":"https:\/\/thefinitive.com\/en\/prodotto\/istruttore-pre-militare-pnf-g-i-l-distintivo\/#breadcrumb","itemListElement":[{"@type":"ListItem","position":1,"name":"Home","item":"https:\/\/thefinitive.com\/en\/"},{"@type":"ListItem","position":2,"name":"Shop","item":"https:\/\/thefinitive.com\/en\/shop-2\/"},{"@type":"ListItem","position":3,"name":"\u274c\ud83d\ude41Istruttore PRE MILITARE PNF &#8211; G.I.L. Distintivo"}]},{"@type":"WebSite","@id":"https:\/\/thefinitive.com\/en\/#website","url":"https:\/\/thefinitive.com\/en\/","name":"Thefinitive","description":"Antiquariato Online","publisher":{"@id":"https:\/\/thefinitive.com\/en\/#organization"},"potentialAction":[{"@type":"SearchAction","target":{"@type":"EntryPoint","urlTemplate":"https:\/\/thefinitive.com\/en\/?s={search_term_string}"},"query-input":"required name=search_term_string"}],"inLanguage":"en-US"},{"@type":"Organization","@id":"https:\/\/thefinitive.com\/en\/#organization","name":"Thefinitive","url":"https:\/\/thefinitive.com\/en\/","logo":{"@type":"ImageObject","inLanguage":"en-US","@id":"https:\/\/thefinitive.com\/en\/#\/schema\/logo\/image\/","url":"https:\/\/thefinitive.com\/wp-content\/uploads\/2019\/07\/logo4vett.svg","contentUrl":"https:\/\/thefinitive.com\/wp-content\/uploads\/2019\/07\/logo4vett.svg","width":500,"height":100,"caption":"Thefinitive"},"image":{"@id":"https:\/\/thefinitive.com\/en\/#\/schema\/logo\/image\/"},"sameAs":["https:\/\/business.facebook.com\/Thefinitive-111771813534320\/","https:\/\/www.instagram.com\/_thefinitive_\/"]}]}},"_links":{"self":[{"href":"https:\/\/thefinitive.com\/en\/wp-json\/wp\/v3\/product\/4244"}],"collection":[{"href":"https:\/\/thefinitive.com\/en\/wp-json\/wp\/v3\/product"}],"about":[{"href":"https:\/\/thefinitive.com\/en\/wp-json\/wp\/v2\/types\/product"}],"replies":[{"embeddable":true,"href":"https:\/\/thefinitive.com\/en\/wp-json\/wp\/v2\/comments?post=4244"}],"version-history":[{"count":1,"href":"https:\/\/thefinitive.com\/en\/wp-json\/wp\/v3\/product\/4244\/revisions"}],"predecessor-version":[{"id":14838,"href":"https:\/\/thefinitive.com\/en\/wp-json\/wp\/v3\/product\/4244\/revisions\/14838"}],"wp:featuredmedia":[{"embeddable":true,"href":"https:\/\/thefinitive.com\/en\/wp-json\/wp\/v2\/media\/4245"}],"wp:attachment":[{"href":"https:\/\/thefinitive.com\/en\/wp-json\/wp\/v2\/media?parent=4244"}],"wp:term":[{"taxonomy":"product_cat","embeddable":true,"href":"https:\/\/thefinitive.com\/en\/wp-json\/wp\/v2\/product_cat?post=4244"},{"taxonomy":"product_tag","embeddable":true,"href":"https:\/\/thefinitive.com\/en\/wp-json\/wp\/v2\/product_tag?post=4244"}],"curies":[{"name":"wp","href":"https:\/\/api.w.org\/{rel}","templated":true}]}}