{"id":4229,"date":"2019-12-10T19:04:07","date_gmt":"2019-12-10T19:04:07","guid":{"rendered":"https:\/\/www.thefinitive.com\/?post_type=product&#038;p=4229"},"modified":"2023-03-20T15:49:52","modified_gmt":"2023-03-20T14:49:52","slug":"idrovolante-cant-z-ala-littoria-record-velocita-punta-stilo","status":"publish","type":"product","link":"https:\/\/thefinitive.com\/en\/prodotto\/idrovolante-cant-z-ala-littoria-record-velocita-punta-stilo\/","title":{"rendered":"\u274c\ud83d\ude41Idrovolante CANT-Z Ala Littoria &#8211; Record velocit\u00e0 &#8211; Punta Stilo"},"content":{"rendered":"<p>Brochure delle <strong>OFFICINE AERONAUTICHE di MONFALCONE<\/strong> , <strong>Cantieri Riuniti dell&#8217;Adriatico<\/strong> , per aeroplano <strong>idrovolante CANT-Z <\/strong>, trimotore con funzioni di bombardiere, aviotrasporto per passeggeri linea<strong> Ala Littoria.<\/strong><\/p>\n<p>La brochure si compone di 25 pagine illustrate , piu scheda , con apertura dedicata alla storia delle Officine Aeronautiche di Monfalcone, che iniziarono l&#8217;attivit\u00e0 nel 1923 costruendo dal 1925 al 1932 diversi modelli di idrovolante che vediamo qui illustrati , in diverse livree di volo, completi delle rispettive schede tecniche. In lingua italiana sulla facciata sinistra ed in lingua francese alla destra , con bella sezione dedicata al <strong>CANT-Z 1007<\/strong> bombardiere , al <strong>CANT-Z 506<\/strong> che fu impiegato nel secondo conflitto mondiale dalla <strong>Regia Aeronautica<\/strong>, nelle operazioni in Adriatico , battaglia di <strong>Punta Stilo<\/strong>, a <strong>Cefalonia<\/strong> , etc.\u00a0 L&#8217;idrovolante CANT-Z montava motori Isotta Fraschini ed anche Alfa Romeo come nel 506 della Ala Littoria.\u00a0 In ultima abbiamo una scheda apribile, staccata dal resto del volume, con l&#8217;illustrazione di tutti i primati di velocit\u00e0 e primati aeronautici detenuti dall&#8217;idrovolante . <strong>CANT-Z<\/strong><\/p>\n<p>In carta spessa, le dimensioni del volumetto sono di circa cm. 27 x 21. In buone condizioni generali, le graffette metalliche di legatura sono ossidate ed hanno macchiato lievemente la carta in alcuni punti.<\/p>\n<p>&nbsp;<\/p>\n<p><strong>MATERIALE\u00a0 \u00a0 \u00a0:\u00a0<\/strong> Carta<\/p>\n<p><strong>MISURE\u00a0 \u00a0 \u00a0 \u00a0 \u00a0 \u00a0 \u00a0:<\/strong>\u00a0 cm. 27 x 21<\/p>\n<p><strong>MARCHIO\u00a0 \u00a0 \u00a0 \u00a0 \u00a0:<\/strong>\u00a0 Cantieri Riuniti dell&#8217;Adriatico<\/p>\n<p>&nbsp;<\/p>\n<h2 style=\"text-align: left;\">NOTIZIE<\/h2>\n<p>CANT-Z 506<\/p>\n<p>Il\u00a0<b>CANT Z.506\u00a0<i>Airone<\/i><\/b>\u00a0era un\u00a0idrovolante\u00a0a doppio galleggiante trimotore ad\u00a0ala bassa, multiruolo, prodotto dalla\u00a0Italiana\u00a0Cantieri Riuniti dell&#8217;Adriatico, Cantiere Navale Triestino (C.R.D.A. CANT) dalla met\u00e0 degli\u00a0anni trenta.<\/p>\n<p>Inizialmente progettato come aereo civile, venne utilizzato come\u00a0idrovolante postale\u00a0e da trasporto, e &#8211; durante la seconda guerra mondiale &#8211; come bombardiere, ricognitore e mezzo da soccorso, da\u00a0Regia Aeronautica,\u00a0Regia Marina,\u00a0Aeronautica Cobelligerante Italiana,\u00a0Aeronautica Nazionale Repubblicana\u00a0e dalla\u00a0Luftwaffe. La versione militare si rivel\u00f2 uno dei migliori idrovolanti mai costruiti e, nonostante avesse la struttura in legno, era in grado di operare anche in condizioni atmosferiche proibitive (con\u00a0vento a forza 5). La\u00a0Polonia\u00a0ricevette un esemplare tre giorni prima dell&#8217;invasione tedesca. Alcuni esemplari da salvataggio in mare restarono in servizio fino al 1959.<\/p>\n<h3><span id=\"Sviluppo\" class=\"mw-headline\">Sviluppo<\/span><\/h3>\n<p>Progettato dall&#8217;ingegnere\u00a0Filippo Zappata, il\u00a0<b>CANT Z.506<\/b>\u00a0venne portato in volo la prima volta il 19 agosto\u00a01935, ai comandi del\u00a0pilota\u00a0collaudatore\u00a0Mario Stoppani. L&#8217;aereo era stato disegnato come un idrovolante a doppio galleggiante per il trasporto di 12-14 passeggeri, propulso da tre motori radiali\u00a0Piaggio Stella P.IX\u00a0da 455\u00a0kW (610\u00a0hp). Derivava dal pi\u00f9 grande e pi\u00f9 pesante\u00a0Z.505. Lo Z.506 era caratterizzato dall&#8217;impiego ancora massiccio del legno come materiale strutturale. La\u00a0fusoliera\u00a0a struttura ellittica aveva struttura lignea, rivestita in lamelle di legno\u00a0toulipier. Aveva una chiglia di fondo con tre paratie collegate ai tre longheroni alari, del tipo in legno a scatola, collegati da centine lignee, costituenti comparti stagni con rivestimento in compensato telato. Le\u00a0ali, con marcato diedro, erano anch&#8217;esse in legno, con ipersostentatori e alettoni di grandi dimensioni. I galleggianti, a carenatura idrodinamica, erano realizzati in\u00a0duralluminio\u00a0e rivestiti in\u00a0<i>chitonal<\/i> e al loro interno si trovavano diversi compartimenti stagni. Erano uniti alla fusoliera mediante tubi d&#8217;acciaio sagomati controventati. Gli otto serbatoi disposti nelle ali contenevano al massimo 4.148 litri (kg. 3.020), normalmente kg 2.150.<\/p>\n<p>Entr\u00f2 in produzione nel 1936, come\u00a0<b>Z.506A<\/b>, presso i Cantieri Riuniti dell&#8217;Adriatico e il Cantiere Navale Triestino, (da cui\u00a0C.R.D.A. CANT), a Monfalcone . . Il modello di serie era propulso dai pi\u00f9 potenti motori radiali\u00a0Alfa Romeo 126 RC.34\u00a0da 750\u00a0CV\u00a0(552\u00a0kW).<\/p>\n<p>Ne fu realizzata una versione per usi militari (versione B, bellica) che si differenziava dalla prima versione civile per la presenza di una gondola sotto la fusoliera e la cabina di pilotaggio rialzata e che venne prodotto anche dalla Piaggio, sotto licenza, a Finale Ligure.<\/p>\n<h3><span id=\"Impiego_operativo\" class=\"mw-headline\">Impiego operativo<\/span><\/h3>\n<h4><span id=\"Civile\" class=\"mw-headline\">Civile<\/span><\/h4>\n<p><img loading=\"lazy\" decoding=\"async\" class=\"alignnone wp-image-3409\" src=\"https:\/\/www.thefinitive.com\/wp-content\/uploads\/2019\/08\/CantZ506.jpg\" alt=\"idrovolante cant-z ala littoria\" width=\"354\" height=\"235\" srcset=\"https:\/\/thefinitive.com\/wp-content\/uploads\/2019\/08\/CantZ506.jpg 390w, https:\/\/thefinitive.com\/wp-content\/uploads\/2019\/08\/CantZ506-64x43.jpg 64w, https:\/\/thefinitive.com\/wp-content\/uploads\/2019\/08\/CantZ506-300x199.jpg 300w\" sizes=\"(max-width: 354px) 100vw, 354px\" \/><\/p>\n<p>&nbsp;<\/p>\n<p>L&#8217;idrovolante CANT-Z denominato correttamente Z 506A entr\u00f2 in servizio nel 1936 con la compagnia aerea Ala Littoria su rotte attorno al mar Mediterraneo tra cui la linea dell&#8217;Impero Roma-Siracusa-Bengasi e quella Napoli-Trapani-Tunisi. Pilotato per lo pi\u00f9 da Mario Stoppani, il Z.506A stabil\u00ec una serie di record di quota, velocit\u00e0 e distanza, per la sua classe, tra il 1936 ed il 1938, inclusi quelli di velocit\u00e0 sui 5000 km (308.25 km\/h), sui 2000 km (319.78 km\/h) e sui 1000 km (322.06 km\/h). L&#8217;idrovolante CANT-Z Ala Littoria\u00a0 vol\u00f2 per 5383.6 km in circuito chiuso. Trasportava un peso di 2000 kg a 7810 metri e di 5000 kg a 6917 m.<\/p>\n<h5><span id=\"Primati\" class=\"mw-headline\">Primati<\/span><\/h5>\n<p>Nel\u00a01936\u00a0lo Z.506 conquist\u00f2, con l&#8217;equipaggio composto dal collaudatore\u00a0Mario Stoppani\u00a0assieme ad\u00a0Amelio Novelli, ben otto primati di velocit\u00e0 con carichi progressivi sui 1.000 e 2.000\u00a0km. Successive versioni, dotate prima di motori\u00a0Wright R-1820 Cyclone 9\u00a0da 750\u00a0CV\u00a0e successivamente di tre\u00a0Alfa Romeo 126 RC.34\u00a0di pari potenza, si aggiudicarono altri 16 primati internazionali di velocit\u00e0 e altezza.<\/p>\n<h4><span id=\"Militare\" class=\"mw-headline\">Militare<\/span><\/h4>\n<h5><span id=\"Guerra_civile_spagnola\" class=\"mw-headline\">Guerra civile spagnola<\/span><\/h5>\n<div class=\"thumb tleft\">\n<div class=\"thumbinner\">\n<p><a class=\"image\" href=\"https:\/\/it.wikipedia.org\/wiki\/File:CANT_Z.506_B-Pollensa_harbour.jpg\"><img loading=\"lazy\" decoding=\"async\" class=\"thumbimage\" src=\"https:\/\/upload.wikimedia.org\/wikipedia\/commons\/thumb\/d\/d9\/CANT_Z.506_B-Pollensa_harbour.jpg\/220px-CANT_Z.506_B-Pollensa_harbour.jpg\" srcset=\"\/\/upload.wikimedia.org\/wikipedia\/commons\/thumb\/d\/d9\/CANT_Z.506_B-Pollensa_harbour.jpg\/330px-CANT_Z.506_B-Pollensa_harbour.jpg 1.5x, \/\/upload.wikimedia.org\/wikipedia\/commons\/thumb\/d\/d9\/CANT_Z.506_B-Pollensa_harbour.jpg\/440px-CANT_Z.506_B-Pollensa_harbour.jpg 2x\" alt=\"\" width=\"220\" height=\"134\" data-file-width=\"997\" data-file-height=\"606\" \/><\/a><\/p>\n<div class=\"thumbcaption\">\n<div class=\"magnify\"><\/div>\n<p>CANT Z.506 a\u00a0Pollen\u00e7a<\/p>\n<\/div>\n<div><\/div>\n<\/div>\n<\/div>\n<p>Lo Z.506 ebbe il suo esordio ad uso militare durante la\u00a0guerra civile spagnola\u00a0nei reparti dell&#8217;Aviazione Legionariaa supporto della fazione\u00a0franchista. Furono quattro gli esemplari forniti utilizzati come supporto ed assistenza per le unit\u00e0 navali, affiancando, nel luglio 1938, i nove\u00a0CANT Z.501. Alla fine del conflitto vennero ceduti al neofondato\u00a0Ej\u00e9rcito del Aire.<\/p>\n<h5><span id=\"Seconda_guerra_mondiale\" class=\"mw-headline\">Seconda guerra mondiale<\/span><\/h5>\n<div class=\"thumb tleft\">\n<div class=\"thumbinner\">\n<div class=\"thumbcaption\">\n<div class=\"magnify\"><\/div>\n<\/div>\n<\/div>\n<\/div>\n<div class=\"thumb tright\">\n<div class=\"thumbinner\">\n<p><a class=\"image\" href=\"https:\/\/it.wikipedia.org\/wiki\/File:CANT_506_in_acqua.jpg\"><img loading=\"lazy\" decoding=\"async\" class=\"thumbimage\" src=\"https:\/\/upload.wikimedia.org\/wikipedia\/it\/thumb\/5\/58\/CANT_506_in_acqua.jpg\/220px-CANT_506_in_acqua.jpg\" srcset=\"\/\/upload.wikimedia.org\/wikipedia\/it\/thumb\/5\/58\/CANT_506_in_acqua.jpg\/330px-CANT_506_in_acqua.jpg 1.5x, \/\/upload.wikimedia.org\/wikipedia\/it\/thumb\/5\/58\/CANT_506_in_acqua.jpg\/440px-CANT_506_in_acqua.jpg 2x\" alt=\"\" width=\"220\" height=\"137\" data-file-width=\"1508\" data-file-height=\"936\" \/><\/a><\/p>\n<div class=\"thumbcaption\">\n<div class=\"magnify\"><\/div>\n<p>Visto di profilo<\/p>\n<\/div>\n<\/div>\n<\/div>\n<div class=\"thumb tright\">\n<div class=\"thumbinner\">\n<div class=\"thumbcaption\">\n<div class=\"magnify\"><\/div>\n<\/div>\n<\/div>\n<\/div>\n<p>Allo scoppio della\u00a0seconda guerra mondiale\u00a0la\u00a0<a title=\"Regia Aeronautica\" href=\"https:\/\/it.wikipedia.org\/wiki\/Regia_Aeronautica\">Regia Aeronautica<\/a> aveva gi\u00e0 in linea 97\u00a0 CANT ripartiti in due\u00a0stormi\u00a0da Bombardamento Marittimo e in alcune\u00a0Squadriglie\u00a0da Ricognizione Marittima, come all&#8217;idroscalo di Marsala. Uno Stormo era in Sardegna, l&#8217;altro a Brindisi. Entrambi presero parte a numerosi eventi bellici. In particolare i CANT Z.506 in forza allo stormo di\u00a0Brindisi\u00a0parteciparono alla\u00a0<a title=\"Battaglia di Punta Stilo\" href=\"https:\/\/it.wikipedia.org\/wiki\/Battaglia_di_Punta_Stilo\">battaglia di Punta Stilo<\/a>. I CANT Z.506 furono impiegati anche sul fronte greco, contro obiettivi costieri e sul canale di\u00a0Corinto. Rilevante fu il loro impiego per la conquista delle isole, fra cui\u00a0Corf\u00f9,\u00a0Cefalonia\u00a0e\u00a0Zante. Sciolti i reparti da Bombardamento Marittimo, in seguito alle perdite dovute agli attacchi dei caccia nemici, il CANT continu\u00f2 ad essere utilizzato esclusivamente con le squadriglie da Ricognizione. Altre due versioni erano in linea con il Soccorso Aereo: tutti gli esemplari civili vennero requisiti e trasformati in aerei ambulanza e fu realizzata direttamente sullo schema della versione B, la versione S (sanitaria). Quando l&#8217;Italia entr\u00f2 in guerra il 10 giugno 1940, non esistevano reparti dedicati all&#8217;attivit\u00e0 di ricerca e soccorso in mare. Quello stesso giorno furono costituite quattro\u00a0<i>Squadriglie<\/i>\u00a0per il soccorso, ad\u00a0Orbetello. Si trattava della 612\u00aa, basata a\u00a0Stagnone, con gli aerei con gli identificativi DAMB, GORO, BUIE, CANT (il prototipo) e POLA, e la 614\u00aa, a\u00a0Bengasi, con gli esemplari DUCO, ALA, DODO e DAIM. Due altre sezioni con due aerei ciascuna, erano basate a\u00a0Torre del Lago\u00a0e, nell&#8217;Egeo, a\u00a0Lero, in seguito trasferita a\u00a0Rodi. Ma anche questi velivoli subirono forti perdite in quanto la loro colorazione bianca con le croci rosse, se da un lato li rendeva facilmente visibili, non impediva gli attacchi dei caccia alleati che li abbattevano in serie. Il 12 giugno 1941, al largo di Malta, gli\u00a0Hawker Hurricane\u00a0del 46\u00a0<i>Squadron<\/i>\u00a0abbattevano un primo CANT e poco dopo i caccia del 249 Sqd abbattevano un secondo Airone in versione &#8220;soccorso&#8221;, con la &#8220;registrazione civile&#8221; I-POLA, inviato a soccorrere l&#8217;equipaggio del primo. Ricordava il\u00a0<i>Sergeant<\/i>\u00a0Etchells, in\u00a0<i>249 at Malta<\/i>:<\/p>\n<p>L&#8217;8 settembre\u00a01943\u00a0gli &#8220;Aironi&#8221; operativi superstiti erano una settantina, tutti nell&#8217;aviazione della Regia Marina. Una quarantina di &#8220;506&#8221; erano dislocati al centro-nord o in zone soggette ad influenza germanica. I tedeschi mostrano subito interesse per il CANT e requisiscono tutti gli esemplari su cui riescono a mettere le mani. Molti vengono impiegati nell&#8217;Alto Adriatico, soprattutto per salvataggi in mare e trasporto feriti. Alcuni 506C catturati a Vigna di Valle vengono trasferiti a Venezia ed utilizzati per voli di inquadramento della\u00a0flak\u00a0e per collegamenti con\u00a0Pola,\u00a0Trieste\u00a0e la\u00a0Dalmazia, fino al 1944. Il reparto Egeo della RSI ne ripristin\u00f2 alcuni. La <strong>Luftwaffe<\/strong> impiego gli &#8220;<strong>Aironi<\/strong>&#8221; anche in Germania, in Polonia, in Francia e sulle isole greche. I CANT della 171\u00aa Squadriglia continuarono ad effettuare missioni di soccorso e salvataggio in mare dalla base di\u00a0Tolone\u00a0con equipaggi misti. Alcuni &#8220;506&#8221; catturati dai tedeschi, con equipaggi italiani, operarono sul\u00a0Mar Baltico, nel 1944, pattugliando gli accessi di\u00a0Peenem\u00fcnde, sito delle bombe volanti\u00a0<strong>V-2<\/strong>. L&#8217;82\u00ba Gruppo Autonomo Idrovolanti, dell&#8217;Aeronautica Cobelligerante Italiana\u00a0oper\u00f2 con CANT Z.506.<\/p>\n<p>&nbsp;<\/p>\n<p>Fonti \u00a0<a href=\"https:\/\/it.wikipedia.org\/wiki\/CANT_Z.506\"><em>Wikipedia<\/em>\u00a0<\/a><\/p>\n<p>9.19<\/p>\n","protected":false},"excerpt":{"rendered":"<p style=\"text-align: center;\">Brochure delle <strong>OFFICINE AERONAUTICHE di MONFALCONE<\/strong> , <strong>Cantieri Riuniti dell&#8217;Adriatico<\/strong> , per aeroplano <strong>idrovolante CANT-Z <\/strong>, trimotore con funzioni di bombardiere, aviotrasporto per passeggeri linea<strong> Ala Littoria. <\/strong>Produzione dal 1923 al 1932 , diverse livree di volo, con rispettive schede tecniche. In lingua italiana sulla facciata sinistra ed in lingua francese alla destra.<\/p>\n<p style=\"text-align: center;\">Misure del volumetto circa cm. 27 x 21. Pagine 25 con scheda finale. In buone condizioni generali, le graffette metalliche di legatura sono ossidate ed hanno leggermente macchiato la carta in alcuni punti.<\/p>\n<p style=\"text-align: center;\"><strong><em>(Scorri la pagina in basso per ulteriori dettagli e informazioni)<\/em><\/strong><\/p>\n<p>&nbsp;<\/p>\n<p>&nbsp;<\/p>\n","protected":false},"featured_media":3394,"comment_status":"open","ping_status":"closed","template":"","meta":[],"product_cat":[586],"product_tag":[391,176,190,180,392,182,181,155,393,178,198,175,185],"yoast_head":"<!-- This site is optimized with the Yoast SEO plugin v21.9.1 - https:\/\/yoast.com\/wordpress\/plugins\/seo\/ -->\n<title>\u274c\ud83d\ude41Idrovolante CANT-Z Ala Littoria - Record velocit\u00e0 - Punta Stilo - Thefinitive<\/title>\n<meta name=\"description\" content=\"CANT-Z idrovolante Regia Aeronautica , cantieri Monfalcone , ALA LITTORIA - Bombardiere Punta Stilo , Cefalonia , periodo Fascista\" \/>\n<meta name=\"robots\" content=\"index, follow, max-snippet:-1, max-image-preview:large, max-video-preview:-1\" \/>\n<link rel=\"canonical\" href=\"https:\/\/thefinitive.com\/en\/prodotto\/idrovolante-cant-z-ala-littoria-record-velocita-punta-stilo\/\" \/>\n<meta property=\"og:locale\" content=\"en_US\" \/>\n<meta property=\"og:type\" content=\"article\" \/>\n<meta property=\"og:title\" content=\"\u274c\ud83d\ude41Idrovolante CANT-Z Ala Littoria - Record velocit\u00e0 - Punta Stilo - Thefinitive\" \/>\n<meta property=\"og:description\" content=\"CANT-Z idrovolante Regia Aeronautica , cantieri Monfalcone , ALA LITTORIA - Bombardiere Punta Stilo , Cefalonia , periodo Fascista\" \/>\n<meta property=\"og:url\" content=\"https:\/\/thefinitive.com\/en\/prodotto\/idrovolante-cant-z-ala-littoria-record-velocita-punta-stilo\/\" \/>\n<meta property=\"og:site_name\" content=\"Thefinitive\" \/>\n<meta property=\"article:publisher\" content=\"https:\/\/business.facebook.com\/Thefinitive-111771813534320\/\" \/>\n<meta property=\"article:modified_time\" content=\"2023-03-20T14:49:52+00:00\" \/>\n<meta property=\"og:image\" content=\"https:\/\/thefinitive.com\/wp-content\/uploads\/2019\/08\/20190824_123358.jpg\" \/>\n\t<meta property=\"og:image:width\" content=\"2160\" \/>\n\t<meta property=\"og:image:height\" content=\"2160\" \/>\n\t<meta property=\"og:image:type\" content=\"image\/jpeg\" \/>\n<meta name=\"twitter:card\" content=\"summary_large_image\" \/>\n<meta name=\"twitter:label1\" content=\"Est. reading time\" \/>\n\t<meta name=\"twitter:data1\" content=\"7 minutes\" \/>\n<script type=\"application\/ld+json\" class=\"yoast-schema-graph\">{\"@context\":\"https:\/\/schema.org\",\"@graph\":[{\"@type\":\"WebPage\",\"@id\":\"https:\/\/thefinitive.com\/en\/prodotto\/idrovolante-cant-z-ala-littoria-record-velocita-punta-stilo\/\",\"url\":\"https:\/\/thefinitive.com\/en\/prodotto\/idrovolante-cant-z-ala-littoria-record-velocita-punta-stilo\/\",\"name\":\"\u274c\ud83d\ude41Idrovolante CANT-Z Ala Littoria - Record velocit\u00e0 - Punta Stilo - Thefinitive\",\"isPartOf\":{\"@id\":\"https:\/\/thefinitive.com\/en\/#website\"},\"datePublished\":\"2019-12-10T19:04:07+00:00\",\"dateModified\":\"2023-03-20T14:49:52+00:00\",\"description\":\"CANT-Z idrovolante Regia Aeronautica , cantieri Monfalcone , ALA LITTORIA - Bombardiere Punta Stilo , Cefalonia , periodo Fascista\",\"breadcrumb\":{\"@id\":\"https:\/\/thefinitive.com\/en\/prodotto\/idrovolante-cant-z-ala-littoria-record-velocita-punta-stilo\/#breadcrumb\"},\"inLanguage\":\"en-US\",\"potentialAction\":[{\"@type\":\"ReadAction\",\"target\":[\"https:\/\/thefinitive.com\/en\/prodotto\/idrovolante-cant-z-ala-littoria-record-velocita-punta-stilo\/\"]}]},{\"@type\":\"BreadcrumbList\",\"@id\":\"https:\/\/thefinitive.com\/en\/prodotto\/idrovolante-cant-z-ala-littoria-record-velocita-punta-stilo\/#breadcrumb\",\"itemListElement\":[{\"@type\":\"ListItem\",\"position\":1,\"name\":\"Home\",\"item\":\"https:\/\/thefinitive.com\/en\/\"},{\"@type\":\"ListItem\",\"position\":2,\"name\":\"Shop\",\"item\":\"https:\/\/thefinitive.com\/en\/shop-2\/\"},{\"@type\":\"ListItem\",\"position\":3,\"name\":\"\u274c\ud83d\ude41Idrovolante CANT-Z Ala Littoria &#8211; Record velocit\u00e0 &#8211; Punta Stilo\"}]},{\"@type\":\"WebSite\",\"@id\":\"https:\/\/thefinitive.com\/en\/#website\",\"url\":\"https:\/\/thefinitive.com\/en\/\",\"name\":\"Thefinitive\",\"description\":\"Antiquariato Online\",\"publisher\":{\"@id\":\"https:\/\/thefinitive.com\/en\/#organization\"},\"potentialAction\":[{\"@type\":\"SearchAction\",\"target\":{\"@type\":\"EntryPoint\",\"urlTemplate\":\"https:\/\/thefinitive.com\/en\/?s={search_term_string}\"},\"query-input\":\"required name=search_term_string\"}],\"inLanguage\":\"en-US\"},{\"@type\":\"Organization\",\"@id\":\"https:\/\/thefinitive.com\/en\/#organization\",\"name\":\"Thefinitive\",\"url\":\"https:\/\/thefinitive.com\/en\/\",\"logo\":{\"@type\":\"ImageObject\",\"inLanguage\":\"en-US\",\"@id\":\"https:\/\/thefinitive.com\/en\/#\/schema\/logo\/image\/\",\"url\":\"https:\/\/thefinitive.com\/wp-content\/uploads\/2019\/07\/logo4vett.svg\",\"contentUrl\":\"https:\/\/thefinitive.com\/wp-content\/uploads\/2019\/07\/logo4vett.svg\",\"width\":500,\"height\":100,\"caption\":\"Thefinitive\"},\"image\":{\"@id\":\"https:\/\/thefinitive.com\/en\/#\/schema\/logo\/image\/\"},\"sameAs\":[\"https:\/\/business.facebook.com\/Thefinitive-111771813534320\/\",\"https:\/\/www.instagram.com\/_thefinitive_\/\"]}]}<\/script>\n<!-- \/ Yoast SEO plugin. -->","yoast_head_json":{"title":"\u274c\ud83d\ude41Idrovolante CANT-Z Ala Littoria - Record velocit\u00e0 - Punta Stilo - Thefinitive","description":"CANT-Z idrovolante Regia Aeronautica , cantieri Monfalcone , ALA LITTORIA - Bombardiere Punta Stilo , Cefalonia , periodo Fascista","robots":{"index":"index","follow":"follow","max-snippet":"max-snippet:-1","max-image-preview":"max-image-preview:large","max-video-preview":"max-video-preview:-1"},"canonical":"https:\/\/thefinitive.com\/en\/prodotto\/idrovolante-cant-z-ala-littoria-record-velocita-punta-stilo\/","og_locale":"en_US","og_type":"article","og_title":"\u274c\ud83d\ude41Idrovolante CANT-Z Ala Littoria - Record velocit\u00e0 - Punta Stilo - Thefinitive","og_description":"CANT-Z idrovolante Regia Aeronautica , cantieri Monfalcone , ALA LITTORIA - Bombardiere Punta Stilo , Cefalonia , periodo Fascista","og_url":"https:\/\/thefinitive.com\/en\/prodotto\/idrovolante-cant-z-ala-littoria-record-velocita-punta-stilo\/","og_site_name":"Thefinitive","article_publisher":"https:\/\/business.facebook.com\/Thefinitive-111771813534320\/","article_modified_time":"2023-03-20T14:49:52+00:00","og_image":[{"width":2160,"height":2160,"url":"https:\/\/thefinitive.com\/wp-content\/uploads\/2019\/08\/20190824_123358.jpg","type":"image\/jpeg"}],"twitter_card":"summary_large_image","twitter_misc":{"Est. reading time":"7 minutes"},"schema":{"@context":"https:\/\/schema.org","@graph":[{"@type":"WebPage","@id":"https:\/\/thefinitive.com\/en\/prodotto\/idrovolante-cant-z-ala-littoria-record-velocita-punta-stilo\/","url":"https:\/\/thefinitive.com\/en\/prodotto\/idrovolante-cant-z-ala-littoria-record-velocita-punta-stilo\/","name":"\u274c\ud83d\ude41Idrovolante CANT-Z Ala Littoria - Record velocit\u00e0 - Punta Stilo - Thefinitive","isPartOf":{"@id":"https:\/\/thefinitive.com\/en\/#website"},"datePublished":"2019-12-10T19:04:07+00:00","dateModified":"2023-03-20T14:49:52+00:00","description":"CANT-Z idrovolante Regia Aeronautica , cantieri Monfalcone , ALA LITTORIA - Bombardiere Punta Stilo , Cefalonia , periodo Fascista","breadcrumb":{"@id":"https:\/\/thefinitive.com\/en\/prodotto\/idrovolante-cant-z-ala-littoria-record-velocita-punta-stilo\/#breadcrumb"},"inLanguage":"en-US","potentialAction":[{"@type":"ReadAction","target":["https:\/\/thefinitive.com\/en\/prodotto\/idrovolante-cant-z-ala-littoria-record-velocita-punta-stilo\/"]}]},{"@type":"BreadcrumbList","@id":"https:\/\/thefinitive.com\/en\/prodotto\/idrovolante-cant-z-ala-littoria-record-velocita-punta-stilo\/#breadcrumb","itemListElement":[{"@type":"ListItem","position":1,"name":"Home","item":"https:\/\/thefinitive.com\/en\/"},{"@type":"ListItem","position":2,"name":"Shop","item":"https:\/\/thefinitive.com\/en\/shop-2\/"},{"@type":"ListItem","position":3,"name":"\u274c\ud83d\ude41Idrovolante CANT-Z Ala Littoria &#8211; Record velocit\u00e0 &#8211; Punta Stilo"}]},{"@type":"WebSite","@id":"https:\/\/thefinitive.com\/en\/#website","url":"https:\/\/thefinitive.com\/en\/","name":"Thefinitive","description":"Antiquariato Online","publisher":{"@id":"https:\/\/thefinitive.com\/en\/#organization"},"potentialAction":[{"@type":"SearchAction","target":{"@type":"EntryPoint","urlTemplate":"https:\/\/thefinitive.com\/en\/?s={search_term_string}"},"query-input":"required name=search_term_string"}],"inLanguage":"en-US"},{"@type":"Organization","@id":"https:\/\/thefinitive.com\/en\/#organization","name":"Thefinitive","url":"https:\/\/thefinitive.com\/en\/","logo":{"@type":"ImageObject","inLanguage":"en-US","@id":"https:\/\/thefinitive.com\/en\/#\/schema\/logo\/image\/","url":"https:\/\/thefinitive.com\/wp-content\/uploads\/2019\/07\/logo4vett.svg","contentUrl":"https:\/\/thefinitive.com\/wp-content\/uploads\/2019\/07\/logo4vett.svg","width":500,"height":100,"caption":"Thefinitive"},"image":{"@id":"https:\/\/thefinitive.com\/en\/#\/schema\/logo\/image\/"},"sameAs":["https:\/\/business.facebook.com\/Thefinitive-111771813534320\/","https:\/\/www.instagram.com\/_thefinitive_\/"]}]}},"_links":{"self":[{"href":"https:\/\/thefinitive.com\/en\/wp-json\/wp\/v3\/product\/4229"}],"collection":[{"href":"https:\/\/thefinitive.com\/en\/wp-json\/wp\/v3\/product"}],"about":[{"href":"https:\/\/thefinitive.com\/en\/wp-json\/wp\/v2\/types\/product"}],"replies":[{"embeddable":true,"href":"https:\/\/thefinitive.com\/en\/wp-json\/wp\/v2\/comments?post=4229"}],"version-history":[{"count":1,"href":"https:\/\/thefinitive.com\/en\/wp-json\/wp\/v3\/product\/4229\/revisions"}],"predecessor-version":[{"id":14842,"href":"https:\/\/thefinitive.com\/en\/wp-json\/wp\/v3\/product\/4229\/revisions\/14842"}],"wp:featuredmedia":[{"embeddable":true,"href":"https:\/\/thefinitive.com\/en\/wp-json\/wp\/v2\/media\/3394"}],"wp:attachment":[{"href":"https:\/\/thefinitive.com\/en\/wp-json\/wp\/v2\/media?parent=4229"}],"wp:term":[{"taxonomy":"product_cat","embeddable":true,"href":"https:\/\/thefinitive.com\/en\/wp-json\/wp\/v2\/product_cat?post=4229"},{"taxonomy":"product_tag","embeddable":true,"href":"https:\/\/thefinitive.com\/en\/wp-json\/wp\/v2\/product_tag?post=4229"}],"curies":[{"name":"wp","href":"https:\/\/api.w.org\/{rel}","templated":true}]}}