{"id":3893,"date":"2019-09-25T20:13:31","date_gmt":"2019-09-25T20:13:31","guid":{"rendered":"https:\/\/www.thefinitive.com\/?post_type=product&#038;p=3893"},"modified":"2023-03-20T15:59:19","modified_gmt":"2023-03-20T14:59:19","slug":"uniforme-libia-italo-turca-tripolitania-regio-esercito-1911","status":"publish","type":"product","link":"https:\/\/thefinitive.com\/en\/prodotto\/uniforme-libia-italo-turca-tripolitania-regio-esercito-1911\/","title":{"rendered":"\u274c\ud83d\ude41Uniforme LIBIA Italo Turca &#8211; Tripolitania &#8211; Regio Esercito 1911"},"content":{"rendered":"<p>Giacca in tela bigia , per uniforme da fatica , Regio Esercito , da truppa , usata nel periodo 1900 &#8211; 1918, verosimilmente anche durante la campagna in Libia per la <strong>guerra Italo &#8211; Turca<\/strong>. Rinvenuta in un lotto di materiale appartenuto ad un soldato di <strong>Artiglieria<\/strong> del <strong>Regio Esercito<\/strong>, la giacca porta i gradi da <strong>Caporal Maggiore<\/strong> cuciti sopra il paramani sagomato a <strong>V<\/strong> rovesciata, \u00e8 completa delle spalline fisse, con chiusura a bottone bombato in metallo liscio ; chiusura al petto con cinque bottoni a scomparsa ; gancetto di chiusura al colletto ; ha due tasche applicate, ai fianchi , con patta ad ali di gabbiano, e bottone centrale come quello delle spalline ; all&#8217;interno troviamo un timbro circolare ad inchiostro nero, purtroppo non leggibile. Seppur difforme dal modello regolamentare di nostra conoscenza (le tasche a scomparsa sul petto) , dalle peculiarit\u00e0 sartoriali della giacca in oggetto (tasche applicate) e dalle circostanze del ritrovamento, potrebbe essere che la giacca era di quelle assegnate all&#8217; Artiglieria, ma non vi \u00e8 garanzia di certezza, dunque viene proposta cos\u00ec come si vede, una <strong>Giubba da Fatica<\/strong>. In <em>ottime condizioni generali<\/em>, i gradi da Caporal Maggiore presentano delle scuciture come ben evidenziato dalle foto allegate. Mancante di stellette a vite che andavano applicate al colletto.<\/p>\n<p>&nbsp;<\/p>\n<p><strong>MATERIALE\u00a0 \u00a0:<\/strong> Stoffa<\/p>\n<p><strong>MISURE\u00a0 \u00a0 \u00a0 \u00a0 \u00a0 \u00a0:<\/strong><\/p>\n<p><strong>MARCHIO\u00a0 \u00a0 \u00a0 \u00a0:<\/strong> non leggibile<\/p>\n<p>&nbsp;<\/p>\n<h2>Notizie<\/h2>\n<p>&nbsp;<\/p>\n<p>La\u00a0<b>guerra italo-turca<\/b> , nota anche come\u00a0<b>guerra di Libia<\/b>,\u00a0<b>impresa di Libia<\/b>\u00a0o\u00a0<b>campagna di Libia<\/b> , fu combattuta dal Regno d&#8217;Italia\u00a0contro l&#8217;Impero ottomano\u00a0tra il 29 settembre\u00a0<strong>1911\u00a0<\/strong>e il 18 ottobre\u00a0<strong>1912<\/strong>, per conquistare le regioni nordafricane della\u00a0<strong>Tripolitania\u00a0<\/strong>e della\u00a0<strong>Cirenaica<\/strong>.<\/p>\n<p>Le ambizioni coloniali spinsero l&#8217;Italia ad impadronirsi delle due province ottomane che nel 1934, assieme al\u00a0Fezzan, avrebbero costituito la\u00a0Libia dapprima come\u00a0colonia italiana\u00a0ed in seguito come Stato indipendente. Durante il conflitto fu occupato anche il\u00a0<strong>Dodecaneso\u00a0<\/strong>nel\u00a0<strong>Mar Egeo<\/strong>; quest&#8217;ultimo avrebbe dovuto essere restituito ai turchi alla fine della guerra, ma rimase sotto amministrazione provvisoria da parte dell&#8217;Italia fino a quando, con la firma del\u00a0trattato di Losanna nel 1923, la Turchia rinunci\u00f2 ad ogni rivendicazione e riconobbe ufficialmente la sovranit\u00e0 italiana sui territori perduti nel conflitto.<\/p>\n<p>Nel corso della guerra l&#8217;Impero ottomano si trov\u00f2 notevolmente svantaggiato, poich\u00e9 pot\u00e9 rifornire il suo piccolo contingente in Libia solo attraverso il\u00a0Mediterraneo. La flotta turca non fu in grado di competere con la\u00a0Regia Marina, e gli Ottomani non riuscirono ad inviare rinforzi alle province\u00a0nordafricane. Pure se minore, questo evento bellico fu un importante precursore della\u00a0prima guerra mondiale, perch\u00e9 contribu\u00ec al risveglio del\u00a0nazionalismo\u00a0nei\u00a0Balcani. Osservando la facilit\u00e0 con cui gli italiani avevano sconfitto i disorganizzati turchi ottomani, i membri della\u00a0Lega Balcanica attaccarono\u00a0l&#8217;Impero prima del termine del conflitto con l&#8217;Italia.<\/p>\n<p>La guerra registr\u00f2 numerosi progressi tecnologici nell&#8217;arte militare, tra cui, in particolare, il\u00a0primo impiego militare dell&#8217;aeroplano sia come mezzo offensivo che come strumento di ricognizione (furono schierati in totale 9 apparecchi). Il 23 ottobre 1911 in pieno svolgimento della guerra italo turca, il pilota capitano <strong><a title=\"Carlo Maria Piazza\" href=\"https:\/\/it.wikipedia.org\/wiki\/Carlo_Maria_Piazza\">Carlo Maria Piazza<\/a><\/strong>\u00a0sorvol\u00f2 le linee turche in missione di\u00a0ricognizione\u00a0ed il 1\u00ba novembre dello stesso anno l&#8217;aviatore\u00a0<strong><a title=\"Giulio Gavotti\" href=\"https:\/\/it.wikipedia.org\/wiki\/Giulio_Gavotti\">Giulio Gavotti<\/a><\/strong> lanci\u00f2 a mano la prima bomba aerea (grande come un&#8217;arancia, si disse) sulle truppe turche in uniforme di stanza in Libia. Altrettanto significativo fu l&#8217;impiego della radio\u00a0con l&#8217;allestimento del\u00a0primo servizio regolare di radiotelegrafia campale militare\u00a0su larga scala, organizzato dall&#8217;arma del genio\u00a0sotto la guida del comandante della compagnia R.T.\u00a0Luigi Sacco\u00a0e con la collaborazione dello stesso\u00a0<strong>Guglielmo Marconi<\/strong>. Infine, il conflitto libico registr\u00f2 il primo utilizzo nella storia di\u00a0automobili\u00a0in una guerra: le truppe italiane furono dotate di <strong>autovetture\u00a0Fiat Tipo 2<\/strong>\u00a0e\u00a0<strong>motociclette\u00a0SIAMT<\/strong>.<\/p>\n<p>&nbsp;<\/p>\n<p>Per approfondimenti\u00a0 , fonti <a href=\"https:\/\/it.wikipedia.org\/wiki\/Guerra_italo-turca\">Wikipedia<\/a><\/p>\n<p>&nbsp;<\/p>\n<p>9.19<\/p>\n","protected":false},"excerpt":{"rendered":"<p style=\"text-align: center;\">Giacca in tela bigia , per uniforme da fatica , <strong>Regio Esercito<\/strong> , da truppa , usata presumibilmente nel periodo 1900 &#8211; 1918. La giacca porta i gradi da <strong>Caporal Maggiore<\/strong> cuciti sopra i paramani sagomati a <strong>V<\/strong> rovesciata, completa di spalline fisse, bottoni al petto a scomparsa , tasche applicate ai fianchi. Mancante di stellette a vite al colletto. In <em>ottime condizioni generali.<\/em><\/p>\n<p style=\"text-align: center;\"><strong><em>(Scorri la pagina in basso per ulteriori dettagli e informazioni)<\/em><\/strong><\/p>\n","protected":false},"featured_media":2989,"comment_status":"open","ping_status":"closed","template":"","meta":[],"product_cat":[586],"product_tag":[191,176,367,366,364,192,175,306,365],"yoast_head":"<!-- This site is optimized with the Yoast SEO plugin v21.9.1 - https:\/\/yoast.com\/wordpress\/plugins\/seo\/ -->\n<title>\u274c\ud83d\ude41Uniforme LIBIA Italo Turca - Tripolitania - Regio Esercito 1911 - Thefinitive<\/title>\n<meta name=\"description\" content=\"Giacca in tela bigia - Uniforme da fatica - Regio Esercito - Guerra Italo Turca - Libia 1911 1912 - Tripolitania - 1WW - Italian Turkish war\" \/>\n<meta name=\"robots\" content=\"index, follow, max-snippet:-1, max-image-preview:large, max-video-preview:-1\" \/>\n<link rel=\"canonical\" href=\"https:\/\/thefinitive.com\/en\/prodotto\/uniforme-libia-italo-turca-tripolitania-regio-esercito-1911\/\" \/>\n<meta property=\"og:locale\" content=\"en_US\" \/>\n<meta property=\"og:type\" content=\"article\" \/>\n<meta property=\"og:title\" content=\"\u274c\ud83d\ude41Uniforme LIBIA Italo Turca - Tripolitania - Regio Esercito 1911 - Thefinitive\" \/>\n<meta property=\"og:description\" content=\"Giacca in tela bigia - Uniforme da fatica - Regio Esercito - Guerra Italo Turca - Libia 1911 1912 - Tripolitania - 1WW - Italian Turkish war\" \/>\n<meta property=\"og:url\" content=\"https:\/\/thefinitive.com\/en\/prodotto\/uniforme-libia-italo-turca-tripolitania-regio-esercito-1911\/\" \/>\n<meta property=\"og:site_name\" content=\"Thefinitive\" \/>\n<meta property=\"article:publisher\" content=\"https:\/\/business.facebook.com\/Thefinitive-111771813534320\/\" \/>\n<meta property=\"article:modified_time\" content=\"2023-03-20T14:59:19+00:00\" \/>\n<meta property=\"og:image\" content=\"https:\/\/thefinitive.com\/wp-content\/uploads\/2019\/08\/20190818_092219.jpg\" \/>\n\t<meta property=\"og:image:width\" content=\"2160\" \/>\n\t<meta property=\"og:image:height\" content=\"2160\" \/>\n\t<meta property=\"og:image:type\" content=\"image\/jpeg\" \/>\n<meta name=\"twitter:card\" content=\"summary_large_image\" \/>\n<meta name=\"twitter:label1\" content=\"Est. reading time\" \/>\n\t<meta name=\"twitter:data1\" content=\"3 minutes\" \/>\n<script type=\"application\/ld+json\" class=\"yoast-schema-graph\">{\"@context\":\"https:\/\/schema.org\",\"@graph\":[{\"@type\":\"WebPage\",\"@id\":\"https:\/\/thefinitive.com\/en\/prodotto\/uniforme-libia-italo-turca-tripolitania-regio-esercito-1911\/\",\"url\":\"https:\/\/thefinitive.com\/en\/prodotto\/uniforme-libia-italo-turca-tripolitania-regio-esercito-1911\/\",\"name\":\"\u274c\ud83d\ude41Uniforme LIBIA Italo Turca - Tripolitania - Regio Esercito 1911 - Thefinitive\",\"isPartOf\":{\"@id\":\"https:\/\/thefinitive.com\/en\/#website\"},\"datePublished\":\"2019-09-25T20:13:31+00:00\",\"dateModified\":\"2023-03-20T14:59:19+00:00\",\"description\":\"Giacca in tela bigia - Uniforme da fatica - Regio Esercito - Guerra Italo Turca - Libia 1911 1912 - Tripolitania - 1WW - Italian Turkish war\",\"breadcrumb\":{\"@id\":\"https:\/\/thefinitive.com\/en\/prodotto\/uniforme-libia-italo-turca-tripolitania-regio-esercito-1911\/#breadcrumb\"},\"inLanguage\":\"en-US\",\"potentialAction\":[{\"@type\":\"ReadAction\",\"target\":[\"https:\/\/thefinitive.com\/en\/prodotto\/uniforme-libia-italo-turca-tripolitania-regio-esercito-1911\/\"]}]},{\"@type\":\"BreadcrumbList\",\"@id\":\"https:\/\/thefinitive.com\/en\/prodotto\/uniforme-libia-italo-turca-tripolitania-regio-esercito-1911\/#breadcrumb\",\"itemListElement\":[{\"@type\":\"ListItem\",\"position\":1,\"name\":\"Home\",\"item\":\"https:\/\/thefinitive.com\/en\/\"},{\"@type\":\"ListItem\",\"position\":2,\"name\":\"Shop\",\"item\":\"https:\/\/thefinitive.com\/en\/shop-2\/\"},{\"@type\":\"ListItem\",\"position\":3,\"name\":\"\u274c\ud83d\ude41Uniforme LIBIA Italo Turca &#8211; Tripolitania &#8211; Regio Esercito 1911\"}]},{\"@type\":\"WebSite\",\"@id\":\"https:\/\/thefinitive.com\/en\/#website\",\"url\":\"https:\/\/thefinitive.com\/en\/\",\"name\":\"Thefinitive\",\"description\":\"Antiquariato Online\",\"publisher\":{\"@id\":\"https:\/\/thefinitive.com\/en\/#organization\"},\"potentialAction\":[{\"@type\":\"SearchAction\",\"target\":{\"@type\":\"EntryPoint\",\"urlTemplate\":\"https:\/\/thefinitive.com\/en\/?s={search_term_string}\"},\"query-input\":\"required name=search_term_string\"}],\"inLanguage\":\"en-US\"},{\"@type\":\"Organization\",\"@id\":\"https:\/\/thefinitive.com\/en\/#organization\",\"name\":\"Thefinitive\",\"url\":\"https:\/\/thefinitive.com\/en\/\",\"logo\":{\"@type\":\"ImageObject\",\"inLanguage\":\"en-US\",\"@id\":\"https:\/\/thefinitive.com\/en\/#\/schema\/logo\/image\/\",\"url\":\"https:\/\/thefinitive.com\/wp-content\/uploads\/2019\/07\/logo4vett.svg\",\"contentUrl\":\"https:\/\/thefinitive.com\/wp-content\/uploads\/2019\/07\/logo4vett.svg\",\"width\":500,\"height\":100,\"caption\":\"Thefinitive\"},\"image\":{\"@id\":\"https:\/\/thefinitive.com\/en\/#\/schema\/logo\/image\/\"},\"sameAs\":[\"https:\/\/business.facebook.com\/Thefinitive-111771813534320\/\",\"https:\/\/www.instagram.com\/_thefinitive_\/\"]}]}<\/script>\n<!-- \/ Yoast SEO plugin. -->","yoast_head_json":{"title":"\u274c\ud83d\ude41Uniforme LIBIA Italo Turca - Tripolitania - Regio Esercito 1911 - Thefinitive","description":"Giacca in tela bigia - Uniforme da fatica - Regio Esercito - Guerra Italo Turca - Libia 1911 1912 - Tripolitania - 1WW - Italian Turkish war","robots":{"index":"index","follow":"follow","max-snippet":"max-snippet:-1","max-image-preview":"max-image-preview:large","max-video-preview":"max-video-preview:-1"},"canonical":"https:\/\/thefinitive.com\/en\/prodotto\/uniforme-libia-italo-turca-tripolitania-regio-esercito-1911\/","og_locale":"en_US","og_type":"article","og_title":"\u274c\ud83d\ude41Uniforme LIBIA Italo Turca - Tripolitania - Regio Esercito 1911 - Thefinitive","og_description":"Giacca in tela bigia - Uniforme da fatica - Regio Esercito - Guerra Italo Turca - Libia 1911 1912 - Tripolitania - 1WW - Italian Turkish war","og_url":"https:\/\/thefinitive.com\/en\/prodotto\/uniforme-libia-italo-turca-tripolitania-regio-esercito-1911\/","og_site_name":"Thefinitive","article_publisher":"https:\/\/business.facebook.com\/Thefinitive-111771813534320\/","article_modified_time":"2023-03-20T14:59:19+00:00","og_image":[{"width":2160,"height":2160,"url":"https:\/\/thefinitive.com\/wp-content\/uploads\/2019\/08\/20190818_092219.jpg","type":"image\/jpeg"}],"twitter_card":"summary_large_image","twitter_misc":{"Est. reading time":"3 minutes"},"schema":{"@context":"https:\/\/schema.org","@graph":[{"@type":"WebPage","@id":"https:\/\/thefinitive.com\/en\/prodotto\/uniforme-libia-italo-turca-tripolitania-regio-esercito-1911\/","url":"https:\/\/thefinitive.com\/en\/prodotto\/uniforme-libia-italo-turca-tripolitania-regio-esercito-1911\/","name":"\u274c\ud83d\ude41Uniforme LIBIA Italo Turca - Tripolitania - Regio Esercito 1911 - Thefinitive","isPartOf":{"@id":"https:\/\/thefinitive.com\/en\/#website"},"datePublished":"2019-09-25T20:13:31+00:00","dateModified":"2023-03-20T14:59:19+00:00","description":"Giacca in tela bigia - Uniforme da fatica - Regio Esercito - Guerra Italo Turca - Libia 1911 1912 - Tripolitania - 1WW - Italian Turkish war","breadcrumb":{"@id":"https:\/\/thefinitive.com\/en\/prodotto\/uniforme-libia-italo-turca-tripolitania-regio-esercito-1911\/#breadcrumb"},"inLanguage":"en-US","potentialAction":[{"@type":"ReadAction","target":["https:\/\/thefinitive.com\/en\/prodotto\/uniforme-libia-italo-turca-tripolitania-regio-esercito-1911\/"]}]},{"@type":"BreadcrumbList","@id":"https:\/\/thefinitive.com\/en\/prodotto\/uniforme-libia-italo-turca-tripolitania-regio-esercito-1911\/#breadcrumb","itemListElement":[{"@type":"ListItem","position":1,"name":"Home","item":"https:\/\/thefinitive.com\/en\/"},{"@type":"ListItem","position":2,"name":"Shop","item":"https:\/\/thefinitive.com\/en\/shop-2\/"},{"@type":"ListItem","position":3,"name":"\u274c\ud83d\ude41Uniforme LIBIA Italo Turca &#8211; Tripolitania &#8211; Regio Esercito 1911"}]},{"@type":"WebSite","@id":"https:\/\/thefinitive.com\/en\/#website","url":"https:\/\/thefinitive.com\/en\/","name":"Thefinitive","description":"Antiquariato Online","publisher":{"@id":"https:\/\/thefinitive.com\/en\/#organization"},"potentialAction":[{"@type":"SearchAction","target":{"@type":"EntryPoint","urlTemplate":"https:\/\/thefinitive.com\/en\/?s={search_term_string}"},"query-input":"required name=search_term_string"}],"inLanguage":"en-US"},{"@type":"Organization","@id":"https:\/\/thefinitive.com\/en\/#organization","name":"Thefinitive","url":"https:\/\/thefinitive.com\/en\/","logo":{"@type":"ImageObject","inLanguage":"en-US","@id":"https:\/\/thefinitive.com\/en\/#\/schema\/logo\/image\/","url":"https:\/\/thefinitive.com\/wp-content\/uploads\/2019\/07\/logo4vett.svg","contentUrl":"https:\/\/thefinitive.com\/wp-content\/uploads\/2019\/07\/logo4vett.svg","width":500,"height":100,"caption":"Thefinitive"},"image":{"@id":"https:\/\/thefinitive.com\/en\/#\/schema\/logo\/image\/"},"sameAs":["https:\/\/business.facebook.com\/Thefinitive-111771813534320\/","https:\/\/www.instagram.com\/_thefinitive_\/"]}]}},"_links":{"self":[{"href":"https:\/\/thefinitive.com\/en\/wp-json\/wp\/v3\/product\/3893"}],"collection":[{"href":"https:\/\/thefinitive.com\/en\/wp-json\/wp\/v3\/product"}],"about":[{"href":"https:\/\/thefinitive.com\/en\/wp-json\/wp\/v2\/types\/product"}],"replies":[{"embeddable":true,"href":"https:\/\/thefinitive.com\/en\/wp-json\/wp\/v2\/comments?post=3893"}],"version-history":[{"count":1,"href":"https:\/\/thefinitive.com\/en\/wp-json\/wp\/v3\/product\/3893\/revisions"}],"predecessor-version":[{"id":14860,"href":"https:\/\/thefinitive.com\/en\/wp-json\/wp\/v3\/product\/3893\/revisions\/14860"}],"wp:featuredmedia":[{"embeddable":true,"href":"https:\/\/thefinitive.com\/en\/wp-json\/wp\/v2\/media\/2989"}],"wp:attachment":[{"href":"https:\/\/thefinitive.com\/en\/wp-json\/wp\/v2\/media?parent=3893"}],"wp:term":[{"taxonomy":"product_cat","embeddable":true,"href":"https:\/\/thefinitive.com\/en\/wp-json\/wp\/v2\/product_cat?post=3893"},{"taxonomy":"product_tag","embeddable":true,"href":"https:\/\/thefinitive.com\/en\/wp-json\/wp\/v2\/product_tag?post=3893"}],"curies":[{"name":"wp","href":"https:\/\/api.w.org\/{rel}","templated":true}]}}