{"id":3742,"date":"2019-09-10T21:15:40","date_gmt":"2019-09-10T21:15:40","guid":{"rendered":"https:\/\/www.thefinitive.com\/?post_type=product&#038;p=3742"},"modified":"2023-03-20T15:59:41","modified_gmt":"2023-03-20T14:59:41","slug":"coni-olimpiadi-merito-sportivo-medaglia-duce-bronzo","status":"publish","type":"product","link":"https:\/\/thefinitive.com\/en\/prodotto\/coni-olimpiadi-merito-sportivo-medaglia-duce-bronzo\/","title":{"rendered":"\u274c\ud83d\ude41CONI Olimpiadi merito sportivo &#8211; medaglia DUCE Bronzo"},"content":{"rendered":"<p style=\"text-align: left;\">Medaglia non portativa, generica, del <strong>CONI<\/strong> , che veniva assegnata a vario titolo e per merito sportivo a personalit\u00e0 in occasione di eventi sportivi, dalle <strong>Olimpiadi<\/strong> ai <strong>Mondiali<\/strong> di <strong>Atletica<\/strong>, ed ogni altra manifestazione sportiva, anche i Mondiali di Calcio, in diversi gradi a seconda della risonanza del personaggio che la doveva ricevere (in bronzo, argento, oro), e per varie motivazioni come potevano essere gli accompagnatori delle nazionali agli eventi ufficiali, gli organizzatori degli eventi, i giudici arbitri delle gare, lo staff della nazionale, i simpatizzanti politici del regime fascista, e cos\u00ec via. Splendida medaglia cosi detta di grosso modulo, in bronzo, al recto raffigura il profilo del Duce , Mussolini con elmetto della Milizia Volontaria Sicurezza Nazionale <strong>MVSN<\/strong>, circondato dalla scritta <strong>COMITATO\u00a0 OLIMPICO\u00a0 NAZIONALE\u00a0 ITALIANO<\/strong> intervallata ai quarti da nodi savoia e fasci littori. Al verso l&#8217;allegoria di un atleta proteso verso la vittoria, con in mano un ramo d&#8217;alloro, protetto alle spalle dalla dea alata della Vittoria al saluto romano, che porta il Fascio Littorio; in basso ad ore\u00a0 7\u00a0 troviamo i cinque cerchi olimpici accompagnati dal simbolo fascista. La medaglia \u00e8 in perfette condizioni. E&#8217; completa della sua scatola originale, che porta il marchio del CONI con simbolo fascista in serigrafia argentata. Marcata &#8220;<strong>S.I. Arte della Medaglia &#8211; Roma<\/strong>&#8220;<\/p>\n<p>&nbsp;<\/p>\n<p><strong>MATERIALE &#8230;..:\u00a0<\/strong> Bronzo<\/p>\n<p><strong>MISURE &#8230;&#8230;&#8230;:<\/strong>\u00a0 mm.50 diametro<\/p>\n<p><strong>PESO &#8230;&#8230;&#8230;&#8230;:<\/strong>\u00a0 gr. 56<\/p>\n<p><strong>MARCHIO &#8230;&#8230;:<\/strong> S.I. Arte della Medaglia &#8211; Roma<\/p>\n<p>&nbsp;<\/p>\n<h2 style=\"text-align: left;\"><\/h2>\n<h2 style=\"text-align: left;\">NOTIZIE<\/h2>\n<p style=\"text-align: left;\">L&#8217;evento sportivo \u00e8 sempre stato accompagnato da medaglie e trofei, ed in qualche modo anche chi non era un diretto concorrente o partecipante alla gara, portava poi con s\u00e9 il ricordo di quella che era stata la sua funzione in quella manifestazione. Vuoi un organizzatore delle olimpiadi, o un membro dello staff dell&#8217;organizzazione dei mondiali di calcio, un giudice di gara di qualunque altra disciplina sportiva, che invece di essere insigniti della medaglia ufficiale di partecipazione alla gara, riceveva un simbolo a ricordo come una piastra in bronzo, o una medaglia come quella generica del <strong>CONI<\/strong>. In realt\u00e0 per l&#8217;atleta, i dirigenti tecnici, esistono le vere e proprie onorificenze sportive.<\/p>\n<p><span style=\"color: #333333; font-family: Georgia, 'Times New Roman', 'Bitstream Charter', Times, serif; font-size: 16px;\">Le <\/span><strong style=\"color: #333333; font-family: Georgia, 'Times New Roman', 'Bitstream Charter', Times, serif; font-size: 16px;\">Onorificenze Sportive\u00a0<\/strong><span style=\"color: #333333; font-family: Georgia, 'Times New Roman', 'Bitstream Charter', Times, serif; font-size: 16px;\">sono riconoscimenti conferiti dal\u00a0<\/span><strong style=\"color: #333333; font-family: Georgia, 'Times New Roman', 'Bitstream Charter', Times, serif; font-size: 16px;\">Comitato Olimpico Nazionale Italiano\u00a0 CONI <\/strong>,<span style=\"color: #333333; font-family: Georgia, 'Times New Roman', 'Bitstream Charter', Times, serif; font-size: 16px;\"> allo scopo di premiare atleti, dirigenti, tecnici, e societ\u00e0 che, per l\u2019attivit\u00e0 svolta abbiano dato lustro allo Sport Italiano, in eventi come olimpiadi, per merito sportivo a vario titolo, mondiali di calcio ed in ogni altra disciplina sportiva.<\/span><\/p>\n<div>\n<p>Il\u00a0<strong>Consiglio Nazionale del CONI<\/strong>\u00a0ha istituito le seguenti Onorificenze Sportive:<\/p>\n<ul>\n<li><strong>Collare d\u2019Oro al Merito Sportivo<\/strong>;<\/li>\n<li><strong>Stella al Merito Sportivo<\/strong>;<\/li>\n<li><strong>Medaglia al Valore Atletico<\/strong>;<\/li>\n<li><strong>Palma al Merito Tecnico<\/strong>.<\/li>\n<\/ul>\n<p>La Giunta Nazionale del CONI conferisce le Onorificenze sportive su proposta della\u00a0<strong>Commissione Benemerenze Sportive<\/strong>, che valuta le proposte avanzate dai soggetti abilitati alla presentazione delle candidature ed all\u2019invio delle segnalazioni per l\u2019assegnazione delle Onorificenze e formulare le relative proposte di conferimento.<\/p>\n<p>La Commissione, nominata dal Consiglio Nazionale del CONI, \u00e8 composta da: un Presidente, un Vice Presidente, un componente della Giunta Nazionale delegato e n. 15 componenti, sulla base delle specifiche competenze sportive, che durano in carica sino alla scadenza del quadriennio olimpico.<\/p>\n<p>Le proposte di candidature per i diversi gradi di Stella al Merito Sportivo e della Palma al Merito Tecnico e le segnalazioni per i diversi gradi della Medaglia al Valore Atletico sono inoltrate, dagli Enti proponenti, alla Commissione Benemerenze Sportive, sulla base delle disposizioni annualmente impartite dal CONI, a seconda del merito sportivo, degli eventi in svolgimento come olimpiadi, etc<\/p>\n<p>Gli Enti abilitati all\u2019inoltro delle candidature e delle segnalazioni per il conferimento delle Onorificenze Sportive sono:<\/p>\n<ol>\n<li>per la Stella al Merito Sportivo e per la Palma al Merito Tecnico: le\u00a0<strong>Federazioni Sportive Nazionali<\/strong>, le\u00a0<strong>Discipline Sportive Associate<\/strong>, i\u00a0<strong>Comitati Regionali del CONI<\/strong>\u00a0e i\u00a0<strong>CONI Point\u00a0<\/strong>(per il tramite dei rispettivi Comitati Regionali);<\/li>\n<li>per la Medaglia al Valore atletico: le\u00a0<strong>Federazioni Sportive Nazionali<\/strong>\u00a0e le\u00a0<strong>Discipline Sportive<\/strong><\/li>\n<\/ol>\n<p>La Giunta Nazionale del CONI, su proposta del Presidente dell\u2019Ente o con motivata segnalazione della Commissione Benemerenze Sportive pu\u00f2 assegnare con propria deliberazione diretta il Collare d\u2019oro al Merito Sportivo, la Stella al Merito Sportivo, la Palma al Merito Tecnico per particolare e straordinaria attivit\u00e0 svolta nella promozione e nella diffusione degli ideale sportivi e olimpici in seno alle olimpiadi ed altri eventi.<\/p>\n<p>La consegna del Collare d\u2019Oro al Merito Sportivo avviene ogni anno a Roma alla presenza dei vertici del CONI e delle pi\u00f9 alte cariche dello Stato. La Stella al Merito Sportivo, la Medaglia al Valore Atletico e la Palma al Merito Tecnico dei tre gradi, sono inviate ai Comitati Regionali del CONI che provvedono all\u2019organizzazione di cerimonie di consegna nei rispettivi territori.<\/p>\n<p>La concessione delle Onorificenze Sportive pu\u00f2 essere revocata dalla Giunta Nazionale del CONI, su proposta motivata del Presidente del CONI, qualora intervengano fatti di incompatibilit\u00e0 fra il comportamento dell\u2019assegnatario ed i principi della morale sportiva e comune.<\/p>\n<p><strong>\u00a0<\/strong><\/p>\n<p><strong>Collare d\u2019Oro al Merito Sportivo<\/strong><\/p>\n<p>&nbsp;<\/p>\n<p>Il\u00a0<strong>\u201cCollare d\u2019Oro al Merito Sportivo\u201d<\/strong>\u00a0pu\u00f2 essere concesso: agli atleti italiani, che conseguono i risultati o i titoli stabiliti con specifica deliberazione della Giunta Nazionale del CONI; ai dirigenti sportivi, e nel limite di 5 per ciascun anno, che siano gi\u00e0 in possesso della \u201cStella d\u2019Oro al Merito Sportivo\u201d e che abbiano per oltre quaranta anni onorato lo sport italiano; alle societ\u00e0 sportive, sempre nel limite di 5 per ciascun anno, che abbiano una anzianit\u00e0 di costituzione di almeno cento anni e che siano in attivit\u00e0 al momento della proposta di concessione dell\u2019Onorificenza, a cui sia gi\u00e0 stata conferita la \u201cStella d\u2019Oro al Merito Sportivo\u201d ed i cui atleti abbiano conseguito titoli in campo internazionale e nazionale.<\/p>\n<p>Dall\u2019istituzione del Collare d\u2019Oro, nel 1995 e fino all\u2019anno 2013, gli atleti che confermavano il titolo olimpico o iridato, non venivano insigniti nuovamente di tale Onorificenza, ma veniva attribuito loro il\u00a0<strong>Diploma d\u2019Onore<\/strong>.<\/p>\n<p>A partire dall\u2019anno 2014, l\u2019Onorificenza del \u201cCollare d\u2019Oro al Merito Sportivo\u201d pu\u00f2 essere concessa agli atleti meritevoli una volta l\u2019anno, e per diverse annualit\u00e0, nel corso della carriera sportiva.<\/p>\n<p>Agli insigniti di \u201cCollare d\u2019Oro al Merito Sportivo\u201d non pu\u00f2 essere assegnata ulteriore benemerenza di grado inferiore a quella gi\u00e0 loro attribuita.<\/p>\n<p><strong>\u00a0<\/strong><\/p>\n<h2><strong>Stella al Merito Sportivo<\/strong><\/h2>\n<p>&nbsp;<\/p>\n<p>L\u2019Onorificenza della\u00a0<strong>\u201cStella al Merito Sportivo\u201d<\/strong>\u00a0ha tre distinti gradi: oro, argento e bronzo.<\/p>\n<p>Essa pu\u00f2 essere concessa alla\u00a0<strong>bandiera di enti sportivi<\/strong>\u00a0che con continuata e meritoria azione nel campo della promozione e della attivit\u00e0 agonistica abbiano contribuito a diffondere e onorare lo sport nel Paese; a\u00a0<strong>personalit\u00e0 sportive<\/strong>\u00a0che con opere di segnalato impegno ed in positivit\u00e0 d\u2019intenti abbiano lungamente servito lo sport, a personalit\u00e0 sportive straniere particolarmente meritevoli per aver operato in favore dello Sport Italiano e ai Gruppi Sportivi Militari e Civili e ai Gruppi Sportivi dei Corpi di Polizia esclusivamente a livello nazionale.<\/p>\n<p>La\u00a0<strong>Stella d\u2019oro<\/strong>\u00a0al Merito Sportivo viene attribuita di diritto al Presidente del CONI, ai componenti, con diritto di voto, del Consiglio Nazionale e della Giunta Nazionale del CONI, ai Presidenti Nazionali delle Discipline Sportive Associate e al Presidente del Collegio di Garanzia e al Procuratore Generale dello Sport del CONI.<\/p>\n<p>La\u00a0<strong>Stella d\u2019argento<\/strong>\u00a0al Merito Sportivo viene attribuita di diritto: ai Presidenti Nazionali degli Enti di Promozione Sportiva, ai Presidenti Nazionali delle Associazioni Benemerite, ai Presidenti dei Comitati Regionali del CONI, anche di Trento e Bolzano, e ai Presidenti delle sezioni del Collegio di Garanzia del CONI.<\/p>\n<p>La\u00a0<strong>Stella di bronzo<\/strong>\u00a0al Merito Sportivo viene attribuita di diritto ai Delegati Provinciali del CONI, ai Delegati del CONI presso le Comunit\u00e0 Italiane all\u2019estero a conclusione di un quadriennio olimpico.<\/p>\n<p>L\u2019Onorificenza della Stella al Merito Sportivo pu\u00f2 essere concessa una sola volta per ogni distinto grado e la concessione avviene per gradi successivi di merito. Tra la concessione della Stella di bronzo e la Stella d\u2019argento deve intercorrere un periodo di almeno 4 anni e tra la concessione della Stella d\u2019argento e la Stella d\u2019oro deve intercorrere un periodo di almeno 7 anni.<\/p>\n<p>&nbsp;<\/p>\n<p><strong>Palma al Merito Tecnico<\/strong><\/p>\n<p>&nbsp;<\/p>\n<p>L\u2019Onorificenza della\u00a0<strong>\u201cPalma al Merito Tecnico\u201d<\/strong>\u00a0ha tre distinti gradi, e pu\u00f2 essere conferita ai\u00a0<strong>Tecnici Sportivi<\/strong>\u00a0che si siano distinti per l\u2019ottenimento, da parte dei loro atleti o squadre, di risultati di alto livello nazionale o internazionale, nonch\u00e9 per il rilevante contributo fornito per l\u2019aggiornamento tecnico e per lo sviluppo dell\u2019attivit\u00e0 giovanile e ai Tecnici Sportivi stranieri particolarmente meritevoli per aver operato in favore dello Sport Italiano.<\/p>\n<p>L\u2019Onorificenza della Palma al Merito Tecnico pu\u00f2 essere concessa una sola volta per ogni distinto grado e la concessione avviene per gradi successivi di merito. Tra la concessione della Palma di bronzo e della Palma d\u2019argento deve intercorrere un periodo di almeno 4 anni e tra la concessione della Palma d\u2019argento e della Palma d\u2019oro deve intercorrere un periodo di almeno 7 anni.<\/p>\n<p>&nbsp;<\/p>\n<p><strong>Medaglia al Valore Atletico<\/strong><\/p>\n<p>&nbsp;<\/p>\n<p>L\u2019Onorificenza della \u201c<strong>Medaglia al Valore Atletico<\/strong>\u201d ha tre distinti gradi: oro, argento e bronzo; e pu\u00f2 essere conferita agli\u00a0<strong>atleti italiani<\/strong>\u00a0che abbiano conseguito risultati sportivi \u201cassoluti\u201d, titoli o primati a livello mondiale ed europeo, nazionale ed internazionale e che si siano distinti ai Giochi Olimpici.<\/p>\n<p>A partire dall\u2019anno 2013 allo stesso atleta possono essere concesse pi\u00f9 Medaglie al Valore Atletico di grado uguale o superiore a quella gi\u00e0 ottenuta nella sua carriera sportiva. All\u2019atleta che nel corso della stessa stagione abbia ottenuto prestazioni agonistiche comportanti l\u2019attribuzione di pi\u00f9 Medaglie anche di diverso grado, verr\u00e0 conferita solo la Medaglia di grado superiore.<\/p>\n<p>All\u2019inizio di ogni quadriennio olimpico, la Commissione Benemerenze Sportive provvede a stabilire gli\u00a0<strong>elenchi delle gare<\/strong>\u00a0di ciascuna specialit\u00e0, di concerto con le Federazioni Sportive Nazionali e con le Discipline Sportive Associate, sulla base del Regolamento Internazionale che saranno valutati ai fini dell\u2019assegnazione delle Medaglie al Valore Atletico.<\/p>\n<\/div>\n<div class=\"thumb tright\">\n<div class=\"thumbinner\">\n<p>&nbsp;<\/p>\n<div class=\"thumbcaption\"><\/div>\n<\/div>\n<\/div>\n<p>&nbsp;<\/p>\n<p>&nbsp;<\/p>\n<p>&nbsp;<\/p>\n<p><em>Fonti Wikipedia , <a href=\"https:\/\/www.coni.it\/it\/\">CONI<\/a><\/em><\/p>\n<p>9.19<\/p>\n","protected":false},"excerpt":{"rendered":"<p style=\"text-align: center;\">Medaglia non portativa, del <strong>COMITATO\u00a0 OLIMPICO\u00a0 NAZIONALE\u00a0 ITALIANO , <\/strong><strong>CONI<\/strong> , che veniva assegnata in occasione di vari eventi sportivi, dalle <strong>Olimpiadi<\/strong> ai <strong>Mondiali<\/strong> di <strong>Calcio<\/strong>, agli accompagnatori delle nazionali italiane, agli organizzatori degli eventi, ai giudici arbitri delle gare, allo staff della nazionale, ai simpatizzanti politici del regime fascista. La medaglia \u00e8 in perfette condizioni, misura mm.50 di diametro ed \u00e8 completa della sua scatola originale marcata &#8220;<strong>S.I. Arte della Medaglia &#8211; Roma<\/strong>&#8220;<\/p>\n<p style=\"text-align: center;\"><strong><em>(Scorri la pagina in basso per ulteriori dettagli e informazioni)<\/em><\/strong><\/p>\n<p>&nbsp;<\/p>\n<p>&nbsp;<\/p>\n","protected":false},"featured_media":3689,"comment_status":"open","ping_status":"closed","template":"","meta":[],"product_cat":[586],"product_tag":[272,153,197,162,155,317,450,198,154,152],"yoast_head":"<!-- This site is optimized with the Yoast SEO plugin v21.9.1 - https:\/\/yoast.com\/wordpress\/plugins\/seo\/ -->\n<title>\u274c\ud83d\ude41CONI Olimpiadi merito sportivo - medaglia DUCE Bronzo - Thefinitive<\/title>\n<meta name=\"description\" content=\"Medaglia CONI - Merito sportivo fascista - Organizzatori, Giudici - Olympic bronze medal, Football world championship - Olimpiadi, Mondiali di Calcio\" \/>\n<meta name=\"robots\" content=\"index, follow, max-snippet:-1, max-image-preview:large, max-video-preview:-1\" \/>\n<link rel=\"canonical\" href=\"https:\/\/thefinitive.com\/en\/prodotto\/coni-olimpiadi-merito-sportivo-medaglia-duce-bronzo\/\" \/>\n<meta property=\"og:locale\" content=\"en_US\" \/>\n<meta property=\"og:type\" content=\"article\" \/>\n<meta property=\"og:title\" content=\"\u274c\ud83d\ude41CONI Olimpiadi merito sportivo - medaglia DUCE Bronzo - Thefinitive\" \/>\n<meta property=\"og:description\" content=\"Medaglia CONI - Merito sportivo fascista - Organizzatori, Giudici - Olympic bronze medal, Football world championship - Olimpiadi, Mondiali di Calcio\" \/>\n<meta property=\"og:url\" content=\"https:\/\/thefinitive.com\/en\/prodotto\/coni-olimpiadi-merito-sportivo-medaglia-duce-bronzo\/\" \/>\n<meta property=\"og:site_name\" content=\"Thefinitive\" \/>\n<meta property=\"article:publisher\" content=\"https:\/\/business.facebook.com\/Thefinitive-111771813534320\/\" \/>\n<meta property=\"article:modified_time\" content=\"2023-03-20T14:59:41+00:00\" \/>\n<meta property=\"og:image\" content=\"https:\/\/thefinitive.com\/wp-content\/uploads\/2019\/09\/20190902_122947.jpg\" \/>\n\t<meta property=\"og:image:width\" content=\"2160\" \/>\n\t<meta property=\"og:image:height\" content=\"2160\" \/>\n\t<meta property=\"og:image:type\" content=\"image\/jpeg\" \/>\n<meta name=\"twitter:card\" content=\"summary_large_image\" \/>\n<meta name=\"twitter:label1\" content=\"Est. reading time\" \/>\n\t<meta name=\"twitter:data1\" content=\"8 minutes\" \/>\n<script type=\"application\/ld+json\" class=\"yoast-schema-graph\">{\"@context\":\"https:\/\/schema.org\",\"@graph\":[{\"@type\":\"WebPage\",\"@id\":\"https:\/\/thefinitive.com\/en\/prodotto\/coni-olimpiadi-merito-sportivo-medaglia-duce-bronzo\/\",\"url\":\"https:\/\/thefinitive.com\/en\/prodotto\/coni-olimpiadi-merito-sportivo-medaglia-duce-bronzo\/\",\"name\":\"\u274c\ud83d\ude41CONI Olimpiadi merito sportivo - medaglia DUCE Bronzo - Thefinitive\",\"isPartOf\":{\"@id\":\"https:\/\/thefinitive.com\/en\/#website\"},\"datePublished\":\"2019-09-10T21:15:40+00:00\",\"dateModified\":\"2023-03-20T14:59:41+00:00\",\"description\":\"Medaglia CONI - Merito sportivo fascista - Organizzatori, Giudici - Olympic bronze medal, Football world championship - Olimpiadi, Mondiali di Calcio\",\"breadcrumb\":{\"@id\":\"https:\/\/thefinitive.com\/en\/prodotto\/coni-olimpiadi-merito-sportivo-medaglia-duce-bronzo\/#breadcrumb\"},\"inLanguage\":\"en-US\",\"potentialAction\":[{\"@type\":\"ReadAction\",\"target\":[\"https:\/\/thefinitive.com\/en\/prodotto\/coni-olimpiadi-merito-sportivo-medaglia-duce-bronzo\/\"]}]},{\"@type\":\"BreadcrumbList\",\"@id\":\"https:\/\/thefinitive.com\/en\/prodotto\/coni-olimpiadi-merito-sportivo-medaglia-duce-bronzo\/#breadcrumb\",\"itemListElement\":[{\"@type\":\"ListItem\",\"position\":1,\"name\":\"Home\",\"item\":\"https:\/\/thefinitive.com\/en\/\"},{\"@type\":\"ListItem\",\"position\":2,\"name\":\"Shop\",\"item\":\"https:\/\/thefinitive.com\/en\/shop-2\/\"},{\"@type\":\"ListItem\",\"position\":3,\"name\":\"\u274c\ud83d\ude41CONI Olimpiadi merito sportivo &#8211; medaglia DUCE Bronzo\"}]},{\"@type\":\"WebSite\",\"@id\":\"https:\/\/thefinitive.com\/en\/#website\",\"url\":\"https:\/\/thefinitive.com\/en\/\",\"name\":\"Thefinitive\",\"description\":\"Antiquariato Online\",\"publisher\":{\"@id\":\"https:\/\/thefinitive.com\/en\/#organization\"},\"potentialAction\":[{\"@type\":\"SearchAction\",\"target\":{\"@type\":\"EntryPoint\",\"urlTemplate\":\"https:\/\/thefinitive.com\/en\/?s={search_term_string}\"},\"query-input\":\"required name=search_term_string\"}],\"inLanguage\":\"en-US\"},{\"@type\":\"Organization\",\"@id\":\"https:\/\/thefinitive.com\/en\/#organization\",\"name\":\"Thefinitive\",\"url\":\"https:\/\/thefinitive.com\/en\/\",\"logo\":{\"@type\":\"ImageObject\",\"inLanguage\":\"en-US\",\"@id\":\"https:\/\/thefinitive.com\/en\/#\/schema\/logo\/image\/\",\"url\":\"https:\/\/thefinitive.com\/wp-content\/uploads\/2019\/07\/logo4vett.svg\",\"contentUrl\":\"https:\/\/thefinitive.com\/wp-content\/uploads\/2019\/07\/logo4vett.svg\",\"width\":500,\"height\":100,\"caption\":\"Thefinitive\"},\"image\":{\"@id\":\"https:\/\/thefinitive.com\/en\/#\/schema\/logo\/image\/\"},\"sameAs\":[\"https:\/\/business.facebook.com\/Thefinitive-111771813534320\/\",\"https:\/\/www.instagram.com\/_thefinitive_\/\"]}]}<\/script>\n<!-- \/ Yoast SEO plugin. -->","yoast_head_json":{"title":"\u274c\ud83d\ude41CONI Olimpiadi merito sportivo - medaglia DUCE Bronzo - Thefinitive","description":"Medaglia CONI - Merito sportivo fascista - Organizzatori, Giudici - Olympic bronze medal, Football world championship - Olimpiadi, Mondiali di Calcio","robots":{"index":"index","follow":"follow","max-snippet":"max-snippet:-1","max-image-preview":"max-image-preview:large","max-video-preview":"max-video-preview:-1"},"canonical":"https:\/\/thefinitive.com\/en\/prodotto\/coni-olimpiadi-merito-sportivo-medaglia-duce-bronzo\/","og_locale":"en_US","og_type":"article","og_title":"\u274c\ud83d\ude41CONI Olimpiadi merito sportivo - medaglia DUCE Bronzo - Thefinitive","og_description":"Medaglia CONI - Merito sportivo fascista - Organizzatori, Giudici - Olympic bronze medal, Football world championship - Olimpiadi, Mondiali di Calcio","og_url":"https:\/\/thefinitive.com\/en\/prodotto\/coni-olimpiadi-merito-sportivo-medaglia-duce-bronzo\/","og_site_name":"Thefinitive","article_publisher":"https:\/\/business.facebook.com\/Thefinitive-111771813534320\/","article_modified_time":"2023-03-20T14:59:41+00:00","og_image":[{"width":2160,"height":2160,"url":"https:\/\/thefinitive.com\/wp-content\/uploads\/2019\/09\/20190902_122947.jpg","type":"image\/jpeg"}],"twitter_card":"summary_large_image","twitter_misc":{"Est. reading time":"8 minutes"},"schema":{"@context":"https:\/\/schema.org","@graph":[{"@type":"WebPage","@id":"https:\/\/thefinitive.com\/en\/prodotto\/coni-olimpiadi-merito-sportivo-medaglia-duce-bronzo\/","url":"https:\/\/thefinitive.com\/en\/prodotto\/coni-olimpiadi-merito-sportivo-medaglia-duce-bronzo\/","name":"\u274c\ud83d\ude41CONI Olimpiadi merito sportivo - medaglia DUCE Bronzo - Thefinitive","isPartOf":{"@id":"https:\/\/thefinitive.com\/en\/#website"},"datePublished":"2019-09-10T21:15:40+00:00","dateModified":"2023-03-20T14:59:41+00:00","description":"Medaglia CONI - Merito sportivo fascista - Organizzatori, Giudici - Olympic bronze medal, Football world championship - Olimpiadi, Mondiali di Calcio","breadcrumb":{"@id":"https:\/\/thefinitive.com\/en\/prodotto\/coni-olimpiadi-merito-sportivo-medaglia-duce-bronzo\/#breadcrumb"},"inLanguage":"en-US","potentialAction":[{"@type":"ReadAction","target":["https:\/\/thefinitive.com\/en\/prodotto\/coni-olimpiadi-merito-sportivo-medaglia-duce-bronzo\/"]}]},{"@type":"BreadcrumbList","@id":"https:\/\/thefinitive.com\/en\/prodotto\/coni-olimpiadi-merito-sportivo-medaglia-duce-bronzo\/#breadcrumb","itemListElement":[{"@type":"ListItem","position":1,"name":"Home","item":"https:\/\/thefinitive.com\/en\/"},{"@type":"ListItem","position":2,"name":"Shop","item":"https:\/\/thefinitive.com\/en\/shop-2\/"},{"@type":"ListItem","position":3,"name":"\u274c\ud83d\ude41CONI Olimpiadi merito sportivo &#8211; medaglia DUCE Bronzo"}]},{"@type":"WebSite","@id":"https:\/\/thefinitive.com\/en\/#website","url":"https:\/\/thefinitive.com\/en\/","name":"Thefinitive","description":"Antiquariato Online","publisher":{"@id":"https:\/\/thefinitive.com\/en\/#organization"},"potentialAction":[{"@type":"SearchAction","target":{"@type":"EntryPoint","urlTemplate":"https:\/\/thefinitive.com\/en\/?s={search_term_string}"},"query-input":"required name=search_term_string"}],"inLanguage":"en-US"},{"@type":"Organization","@id":"https:\/\/thefinitive.com\/en\/#organization","name":"Thefinitive","url":"https:\/\/thefinitive.com\/en\/","logo":{"@type":"ImageObject","inLanguage":"en-US","@id":"https:\/\/thefinitive.com\/en\/#\/schema\/logo\/image\/","url":"https:\/\/thefinitive.com\/wp-content\/uploads\/2019\/07\/logo4vett.svg","contentUrl":"https:\/\/thefinitive.com\/wp-content\/uploads\/2019\/07\/logo4vett.svg","width":500,"height":100,"caption":"Thefinitive"},"image":{"@id":"https:\/\/thefinitive.com\/en\/#\/schema\/logo\/image\/"},"sameAs":["https:\/\/business.facebook.com\/Thefinitive-111771813534320\/","https:\/\/www.instagram.com\/_thefinitive_\/"]}]}},"_links":{"self":[{"href":"https:\/\/thefinitive.com\/en\/wp-json\/wp\/v3\/product\/3742"}],"collection":[{"href":"https:\/\/thefinitive.com\/en\/wp-json\/wp\/v3\/product"}],"about":[{"href":"https:\/\/thefinitive.com\/en\/wp-json\/wp\/v2\/types\/product"}],"replies":[{"embeddable":true,"href":"https:\/\/thefinitive.com\/en\/wp-json\/wp\/v2\/comments?post=3742"}],"version-history":[{"count":1,"href":"https:\/\/thefinitive.com\/en\/wp-json\/wp\/v3\/product\/3742\/revisions"}],"predecessor-version":[{"id":14871,"href":"https:\/\/thefinitive.com\/en\/wp-json\/wp\/v3\/product\/3742\/revisions\/14871"}],"wp:featuredmedia":[{"embeddable":true,"href":"https:\/\/thefinitive.com\/en\/wp-json\/wp\/v2\/media\/3689"}],"wp:attachment":[{"href":"https:\/\/thefinitive.com\/en\/wp-json\/wp\/v2\/media?parent=3742"}],"wp:term":[{"taxonomy":"product_cat","embeddable":true,"href":"https:\/\/thefinitive.com\/en\/wp-json\/wp\/v2\/product_cat?post=3742"},{"taxonomy":"product_tag","embeddable":true,"href":"https:\/\/thefinitive.com\/en\/wp-json\/wp\/v2\/product_tag?post=3742"}],"curies":[{"name":"wp","href":"https:\/\/api.w.org\/{rel}","templated":true}]}}