{"id":3410,"date":"2019-08-25T15:16:33","date_gmt":"2019-08-25T15:16:33","guid":{"rendered":"https:\/\/www.thefinitive.com\/?post_type=product&#038;p=3410"},"modified":"2024-11-12T14:39:24","modified_gmt":"2024-11-12T13:39:24","slug":"favalli-belli-disegno-originale-lotta-greco-romana-fascista","status":"publish","type":"product","link":"https:\/\/thefinitive.com\/en\/prodotto\/favalli-belli-disegno-originale-lotta-greco-romana-fascista\/","title":{"rendered":"FAVALLI BELLI disegno originale Lotta Greco Romana fascista"},"content":{"rendered":"<p>Disegno originale firmato<b> FAVALLI\u00a0 BELLI\u00a0 <\/b>, periodo 1932 &#8211; 1938 . Raffigura due atleti di <strong>lotta Greco Romana<\/strong> , sport molto in voga sin dagli inizi del &#8216;900, e diffuso largamente durante il periodo fascista (<strong>Giovanni Raicevich<\/strong> , lottatore triestino , all&#8217;epoca era considerato il pi\u00f9 forte lottatore al mondo). Evidente tratto di ispirazione futurista , movimento artistico di avanguardia e di spicco dei primi del &#8216;900, al quale <strong>Favalli<\/strong> ader\u00ec fondando la sezione romana dei <strong><em>Futursimultanisti .<\/em><\/strong><\/p>\n<p>Il disegno \u00e8 originale, firmato in basso a destra <em><strong>FAVALLI\u00a0 BELLI<\/strong><\/em> . Realizzato a tempera e matite su carta ruvida, misura circa cm. 31 x 23\u00a0 , inserito in cornice coeva . In buone condizioni generali.<\/p>\n<p>&nbsp;<\/p>\n<p><strong>TECNICA &#8230;&#8230;&#8230;&#8230;&#8230;&#8230; :<\/strong>\u00a0 Tempera e matite su carta<\/p>\n<p><strong>MISURE &#8230;&#8230;&#8230;&#8230;&#8230;&#8230;. :\u00a0 \u00a0<\/strong>cm. 31 x 23<\/p>\n<p><strong>FIRMA &#8230;&#8230;&#8230;&#8230;&#8230;&#8230;&#8230;.:\u00a0 \u00a0<\/strong>Favalli Belli<\/p>\n<p>&nbsp;<\/p>\n<p><img loading=\"lazy\" decoding=\"async\" class=\"alignnone wp-image-3420\" src=\"https:\/\/www.thefinitive.com\/wp-content\/uploads\/2019\/08\/246px-Giovanni_Raicevich.jpg\" alt=\"\" width=\"211\" height=\"386\" srcset=\"https:\/\/thefinitive.com\/wp-content\/uploads\/2019\/08\/246px-Giovanni_Raicevich.jpg 246w, https:\/\/thefinitive.com\/wp-content\/uploads\/2019\/08\/246px-Giovanni_Raicevich-64x117.jpg 64w, https:\/\/thefinitive.com\/wp-content\/uploads\/2019\/08\/246px-Giovanni_Raicevich-164x300.jpg 164w\" sizes=\"(max-width: 211px) 100vw, 211px\" \/> Giovanni Raicevich<\/p>\n<p>&nbsp;<\/p>\n<p>&nbsp;<\/p>\n<h2><\/h2>\n<h2>NOTIZIE<\/h2>\n<p><strong>FAVALLI<\/strong>,\u00a0<span class=\"sc\">Augusto<\/span>. &#8211; Nacque a Milano il 5 ott. 1912 da Vittorio., che due anni dopo si trasfer\u00ec a Roma portando con s\u00e9 la famiglia, e da Luigia Trovati. Nella capitale il F. comp\u00ec gli studi regolari e apprese i primi rudimenti di disegno dal padre, che lavorava come disegnatore per la ditta Monti. Alla fine degli anni Venti studi\u00f2 presso il Museo artistico industriale di Roma dove conobbe lo scultore marchigiano E. Mannucci e il pittore F. Gentilini, artisti con i quali rimase in contatto anche nel secondo dopoguerra.<\/p>\n<p>Gi\u00e0 in questi anni incontr\u00f2 gli esponenti romani dell&#8217;<strong>avanguardia futurista<\/strong>, movimento al quale il Favalli ader\u00ec, sia come pittore sia come grafico, sino alla fine degli anni Trenta. Di tale produzione non rimangono per\u00f2 che <em>pochi esemplari avendo l&#8217;artista stesso provveduto a distruggerne la maggior parte dopo il 1946<\/em>.<\/p>\n<p>Nel <strong>1931<\/strong> a Roma fu uno dei sei fondatori del gruppo dei <strong>futursimultanisti<\/strong>. Gli erano accanto <strong>D. Belli, B. Tano<\/strong>, gli scultori A. <strong>Innocenz\u00ec<\/strong> e G. <strong>Tomassetti<\/strong>, oltre al poeta G. E. <strong>Mattia<\/strong>, che sulla rivista futurista\u00a0<em>Oggi e domani<\/em>\u00a0(12 ott. 1931) cos\u00ec presentava la nuova formazione romana: &#8220;&#8230; I futursimultanisti &#8230; partecipano a tutte le battaglie iniziate dal comandante <strong>F. T. Marinetti<\/strong>. La denominazione di futursimultanisti \u00e8 sbocciata dall&#8217;idea che la &#8220;novit\u00e0&#8221; futurista debba essere basata assolutamente sulla simultaneit\u00e0 di sensazioni ispiratrici e non sul ricamo sia pure suggestivo di tante diverse maniere d&#8217;Oltralpe spacciate per futurismo&#8221; (cfr. Baccarini, 1989, p. 449). Punto di riferimento del gruppo romano, e pi\u00f9 in generale di tutti i futuristi italiani, era <strong>F. T. Marinetti<\/strong>, che nel giugno dello stesso anno i futursimultanisti difesero dalle critiche del pubblico che assistette alla messa in scena, al teatro Argentina, dello spettacolo\u00a0<em>Simultanina<\/em>. Sempre nel 1931 i futursimultanisti organizzarono a Roma serate di poesia e pittura futurista, tra le quali quella tenutasi il 3 dicembre nei locali dell&#8217;Associazione pugliese, dove il F. present\u00f2 alcuni non meglio identificati dipinti di <strong>aeropittura<\/strong>. Con un breve testo in catalogo dedicato all'&#8221;<strong>Aeropittura futurista<\/strong>&#8220;, Marinetti present\u00f2 i futursimultanisti alla <strong>III Mostra del Sindacato regionale fascista belle arti del Lazio<\/strong>, che si tenne nel marzo-aprile del <strong>1932<\/strong> al palazzo delle Esposizioni di Roma. Essi esposero nella sala XII presentando due-tre opere ciascuno &#8211; il F. partecip\u00f2 con\u00a0<strong><em>Il cavaliere della carlinga<\/em>,\u00a0<em>Nascita di un aeroplanino<\/em>,\u00a0<em>Intervista con il motore<\/em><\/strong>\u00a0(nn. 22-24, p. 47) &#8211; accanto a quelle di aeropittori pi\u00f9 celebri e navigati quali <strong>Tato<\/strong> ([Guglielmo Sansoni] a cui fu dedicata una personale), G. Balla e G. Dottori.<\/p>\n<p>Quest&#8217;ultimo intervenne in seguito, sulle riviste legate al movimento di Marinetti, recensendo le mostre cui parteciparono i futursimultanisti: sulle pagine de\u00a0<em>L&#8217;Impero<\/em>\u00a0(9 luglio 1932) scrisse riguardo alla I Mostra d&#8217;arte dei giovani fascisti tenutasi all&#8217;inizio dell&#8217;estate nell&#8217;Aranciera di villa Umberto; sulle colonne di\u00a0<em>Futurismo<\/em>\u00a0(3 genn. 1933) recens\u00ec la mostra inauguratasi il 20 dic. 1932 alla galleria <strong>Bragaglia<\/strong> fuori commercio dove erano state esposte opere del F., di Tano e Belli. Con quest&#8217;ultimo il F. nello stesso &#8217;32 aveva collaborato alla decorazione murale del ristorante Grotte del gallinaccio e della sede del Fascio giovanile Macao in piazza Esedra; l&#8217;anno successivo i due realizzeranno la nuova sede dei giovani fascisti di Trevi-Colonna.<\/p>\n<p>In una sorta di consuntivo apparso su\u00a0<em>Futurismo<\/em>\u00a0(n. 14, 11 dic. 1932) i sei artisti annunciarono la trasformazione del Blocco futursimultanista in Gruppo futurista romano.<\/p>\n<p>&#8220;Dall&#8217;esperienza fortemente solidaristica e &#8216;collettivistica&#8217; &#8230; si passa cos\u00ec a quella del Gruppo futurista romano, poco pi\u00f9 di una sigla dentro la quale si riunivano varie tendenze e specifiche individualit\u00e0&#8221; (Baccarini, 1989, p. 452). Sebbene confluiti in una pi\u00f9 larga, e generica, formazione di futuristi romani, i futurisimultanisti rimasero in stretto contatto fra loro. Nel gennaio 1933 il Favalli con un suo disegno originale, Belli e Tano parteciparono a Firenze alla Mostra d&#8217;arte futurista allestita presso la Galleria Ferroni (&#8220;Belli, Favalli, Tano ed altri &#8211; recensisce G. Dottori su <em>Futurismo<\/em>, n. 20, 22 genn. 1933, p. i &#8211; son tutti in cielo lanciatisi arditamente per afferrare e dar forma plastica ai fantasmi che popolano il cosmo&#8221;); in aprile organizzarono alla Bragaglia fuori commercio una &#8220;Mostra di tavole futuriste&#8221;, esponendovi loro stessi, e parteciparono a Firenze alla <strong>I Mostra del Sindacato nazionale fascista di belle arti<\/strong> esponendo nella sezione, ordinata da A. G. Bragaglia, dedicata alla scenografia; in giugno, infine, il F. prese parte all'&#8221;omaggio futurista a <strong>Boccioni<\/strong>&#8220;, mostra organizzata dalla galleria Pesaro di Milano, presentando i coevi dipinti Sensazioni di volo e Paesaggio bonificato (cfr. Baccarini, 1989, tav. p. 456, fig. H\/18 p. 475). Le due opere, tra le poche pervenuteci, dimostrano il F. partecipe del versante &#8220;spaziale&#8221; o &#8220;cosmico&#8221; dell&#8217;aereopittura (<em>Manifesto dell&#8217;aeropittura futurista<\/em>, pubblicato da F. T. Marinetti, in\u00a0<em>La Gazzetta del Popolo<\/em>, 22 sett. 1929); diverso, in questo, dalla visione descrittiva del volo proposta, tra gli altri, dall&#8217;amico Tano e attento piuttosto, con Belli, all&#8217;ipotesi di &#8220;idealismo cosmico&#8221; portata avanti da E. Prampolini, figura trainante del futurismo romano degli anni Trenta.<\/p>\n<p>Con\u00a0<strong><em>Avventura cosmica<\/em>,\u00a0<em>Paesaggio fascista\u00a0<\/em>e\u00a0<em>Cavaliere dello spazio<\/em><\/strong>, il F. prese parte nell&#8217;ottobre del <strong>&#8217;33<\/strong> alla grande <strong>I Mostra nazionale d&#8217;arte futurista<\/strong> che si tenne a <strong>Roma<\/strong> in piazza Adriana (cfr.\u00a0<em>Catalogo degli artisti e delle opere esposte nel primo turno<\/em>, in\u00a0<em>Futurismo<\/em>, n. 57, 29 dic. 1933, pp. 2, 4), ma non manc\u00f2 di essere critico verso il taglio quantitativo pi\u00f9 che qualitativo dato dai curatori della mostra. In un articolo apparso su\u00a0<em>Conquista<\/em>\u00a0(15 nov. 1933) scrisse infatti: &#8220;Cos\u00ec come nelle mostre novecento le mele sul giornale, le donne allo specchio e i pescivendoli ricci ne sono i motivi insostituibili, dinamismi e linee di forza, compenetrazioni e sensualit\u00e0 meccaniche fanno le spese di questa esposizione&#8221; (riportato da Baccarini, 1989, p. 453). Nello stesso anno aveva pubblicato sul n. 32 di\u00a0<em>Futurismo\u00a0<\/em>una <strong>tavola parolibera<\/strong> sul tema del volo (Caruso-Martini, 1977, p. 288).<\/p>\n<p>Nell&#8217;ottobre del 1934 partecip\u00f2 a Napoli alla <strong>II Mostra internazionale d&#8217;arte coloniale<\/strong> presentando le aereopitture\u00a0<strong><em>Corriere del Sud<\/em>,\u00a0<em>Volo di ricognizione sul deserto<\/em>,\u00a0<em>Volo di rappresaglia<\/em>,\u00a0<em>Una strada<\/em><\/strong> (sala XXIV, p. 182). Sempre con Belli e Tano, Favalli l&#8217;anno dopo prese parte alla <strong>II Quadriennale di Roma<\/strong> esponendo il disegno originale <em><strong>Aeropittura<\/strong>\u00a0<\/em>e\u00a0<strong><em>Passaggio sulla base<\/em><\/strong>\u00a0(sala XXXVI, nn. 3-4, p. 141).<\/p>\n<p><img loading=\"lazy\" decoding=\"async\" class=\"alignnone wp-image-3421\" src=\"https:\/\/www.thefinitive.com\/wp-content\/uploads\/2019\/08\/favalli.jpg\" alt=\"\" width=\"263\" height=\"371\" srcset=\"https:\/\/thefinitive.com\/wp-content\/uploads\/2019\/08\/favalli.jpg 1704w, https:\/\/thefinitive.com\/wp-content\/uploads\/2019\/08\/favalli-1200x1690.jpg 1200w, https:\/\/thefinitive.com\/wp-content\/uploads\/2019\/08\/favalli-64x90.jpg 64w, https:\/\/thefinitive.com\/wp-content\/uploads\/2019\/08\/favalli-213x300.jpg 213w, https:\/\/thefinitive.com\/wp-content\/uploads\/2019\/08\/favalli-768x1082.jpg 768w, https:\/\/thefinitive.com\/wp-content\/uploads\/2019\/08\/favalli-727x1024.jpg 727w\" sizes=\"(max-width: 263px) 100vw, 263px\" \/>\u00a0 \u00a0Bozzetto II Quadriennale Romana disegno originale Favalli Belli<\/p>\n<p>&nbsp;<\/p>\n<p>Nel <strong>1936<\/strong> firm\u00f2 il <strong>manifesto della plastica murale<\/strong>, redatto nel 1934, ripubblicato in occasione della II Mostra nazionale di plastica murale per l&#8217;edilizia fascista in Italia e in Africa che si tenne in ottobre ai Mercati Traianei di Roma. Nello stesso anno si trasfer\u00ec a Milano per impiegarsi, come disegnatore, presso la ditta Monti dove aveva lavorato il padre. Nella citt\u00e0 lombarda entr\u00f2 in contatto con i futuristi milanesi e in particolare con C. <strong>Andreoni<\/strong>, anch&#8217;egli soprattutto grafico, che due anni dopo fu testimone alle nozze del F. con Margherita Spinelli. Nel nov. 1937 partecip\u00f2 a Roma alla Mostra di aeropitture futuriste allestita presso il dopolavoro aeronautico di piazza Esedra e, nel febbraio del 1938, espose alla galleria del Milione di Milano nella mostra &#8220;Gli aeropittori futuristi&#8221;. Alla mostra parteciparono anche Belli (i due l&#8217;anno prima avevano firmato e progettato il manifesto per la Sindacale nazionale di Napoli) e C. Andreoni. Con quest&#8217;ultimo il F. esporr\u00e0 in estate a Venezia, nella sezione Futuristi aeropittori d&#8217;Africa e Spagna curata da Marinetti per la XXI Esposizione biennale internazionale d&#8217;arte di Venezia (sale 41-43, opera n. 37:\u00a0<em>Il muro<\/em>).<\/p>\n<p>Nel gennaio 1939 prese parte a Cagliari alla mostra organizzata dagli aeropittori veneti del gruppo Savar\u00e8. In febbraio espose alla <strong>III Quadriennale naz. d&#8217;arte di Roma<\/strong> i dipinti\u00a0<em>Volante oltre le nubi\u00a0<\/em>e\u00a0<em>Aeropittura di alta quota<\/em>\u00a0(p. 195, nn. 55 s.); nello stesso anno lasci\u00f2 Milano per stabilirsi definitivamente a Roma. Nel dicembre del 1940 ricevette la chiamata alle armi e fu inviato, col grado di tenente, in Albania e combatt\u00e8 nel fronte greco. Catturato successivamente dagli Alleati, fu prigioniero prima a Creta e poi, dal 1944, a Nuova Delhi, dove fu impiegato come grafico per una ditta statunitense.<\/p>\n<p>Rimpatriato a Roma nel giugno del 1946, il F. apr\u00ec uno studio di grafica pubblicitaria in <strong>via Margutta<\/strong>, abbandonando quasi completamente l&#8217;attivit\u00e0 pittorica. Nello stesso anno realizz\u00f2 la grafica del manifesto del film\u00a0<em>Mio figlio professore\u00a0<\/em>di R. Castellani e inizi\u00f2 cos\u00ec un&#8217;intensa collaborazione con la casa di produzione <strong>Lux Film<\/strong>, chiamando a illustrare i manifesti da lui progettati artisti quali R. <strong>Guttuso<\/strong> e D. <strong>Purificato<\/strong>, rispettivamente per i film\u00a0<em>Riso amaro<\/em>\u00a0(1948) e\u00a0<em>Non c&#8217;\u00e8 pace tra gli ulivi<\/em>\u00a0(1949). Nel 1958 l&#8217;ormai ben avviato Studio Favalli di grafica si trasfer\u00ec nella nuova e ampia sede di piazza Metronia.<\/p>\n<p>Il F. mor\u00ec a Roma il 15 apr. 1969.<\/p>\n<p>&nbsp;<\/p>\n<p>Fonti\u00a0 <a href=\"http:\/\/www.treccani.it\/enciclopedia\/augusto-favalli_(Dizionario-Biografico)\/\">Treccani<\/a> , web<\/p>\n<p>&nbsp;<\/p>\n<p>&nbsp;<\/p>\n<p>9.19<\/p>\n","protected":false},"excerpt":{"rendered":"<p style=\"text-align: center;\">Disegno originale firmato <strong>FAVALLI\u00a0 BELLI\u00a0<\/strong> , periodo 1932 &#8211; 1938, con due atleti di <strong>lotta Greco Romana<\/strong> , sport\u00a0 largamente diffuso durante il periodo fascista. Bella espressione di <strong>futurismo<\/strong> , di cui il <strong>Favalli<\/strong> era esponente attivo essendo anche il fondatore della sezione romana dei <strong><em>Futursimultanisti .<\/em><\/strong><\/p>\n<p style=\"text-align: center;\">Firmato in basso a destra <em><strong>FAVALLI\u00a0 BELLI<\/strong><\/em> , tempera e matite su carta ruvida, misura circa cm. 31 x 23 , in cornice coeva . In buone condizioni generali.<\/p>\n<p style=\"text-align: center;\"><strong><em>(Scorri la pagina in basso per ulteriori dettagli e informazioni)<\/em><\/strong><\/p>\n","protected":false},"featured_media":3419,"comment_status":"open","ping_status":"closed","template":"","meta":[],"product_cat":[145,146,105,106,109],"product_tag":[387,396,385,153,155,389,282,250,394,314,154,152,395],"yoast_head":"<!-- This site is optimized with the Yoast SEO plugin v21.9.1 - https:\/\/yoast.com\/wordpress\/plugins\/seo\/ -->\n<title>FAVALLI BELLI disegno originale Lotta Greco Romana fascista - Thefinitive<\/title>\n<meta name=\"description\" content=\"Disegno originale FAVALLI BELLI futurismo Sport olimpico Lotta Greco Romana - 1932 1938 periodo fascista - Aeropittura romana - Balla - Tato\" \/>\n<meta name=\"robots\" content=\"index, follow, max-snippet:-1, max-image-preview:large, max-video-preview:-1\" \/>\n<link rel=\"canonical\" href=\"https:\/\/thefinitive.com\/en\/prodotto\/favalli-belli-disegno-originale-lotta-greco-romana-fascista\/\" \/>\n<meta property=\"og:locale\" content=\"en_US\" \/>\n<meta property=\"og:type\" content=\"article\" \/>\n<meta property=\"og:title\" content=\"FAVALLI BELLI disegno originale Lotta Greco Romana fascista - Thefinitive\" \/>\n<meta property=\"og:description\" content=\"Disegno originale FAVALLI BELLI futurismo Sport olimpico Lotta Greco Romana - 1932 1938 periodo fascista - Aeropittura romana - Balla - Tato\" \/>\n<meta property=\"og:url\" content=\"https:\/\/thefinitive.com\/en\/prodotto\/favalli-belli-disegno-originale-lotta-greco-romana-fascista\/\" \/>\n<meta property=\"og:site_name\" content=\"Thefinitive\" \/>\n<meta property=\"article:publisher\" content=\"https:\/\/business.facebook.com\/Thefinitive-111771813534320\/\" \/>\n<meta property=\"article:modified_time\" content=\"2024-11-12T13:39:24+00:00\" \/>\n<meta property=\"og:image\" content=\"https:\/\/thefinitive.com\/wp-content\/uploads\/2019\/08\/20190824_125110.jpg\" \/>\n\t<meta property=\"og:image:width\" content=\"2160\" \/>\n\t<meta property=\"og:image:height\" content=\"2160\" \/>\n\t<meta property=\"og:image:type\" content=\"image\/jpeg\" \/>\n<meta name=\"twitter:card\" content=\"summary_large_image\" \/>\n<meta name=\"twitter:label1\" content=\"Est. reading time\" \/>\n\t<meta name=\"twitter:data1\" content=\"7 minutes\" \/>\n<script type=\"application\/ld+json\" class=\"yoast-schema-graph\">{\"@context\":\"https:\/\/schema.org\",\"@graph\":[{\"@type\":\"WebPage\",\"@id\":\"https:\/\/thefinitive.com\/en\/prodotto\/favalli-belli-disegno-originale-lotta-greco-romana-fascista\/\",\"url\":\"https:\/\/thefinitive.com\/en\/prodotto\/favalli-belli-disegno-originale-lotta-greco-romana-fascista\/\",\"name\":\"FAVALLI BELLI disegno originale Lotta Greco Romana fascista - Thefinitive\",\"isPartOf\":{\"@id\":\"https:\/\/thefinitive.com\/en\/#website\"},\"datePublished\":\"2019-08-25T15:16:33+00:00\",\"dateModified\":\"2024-11-12T13:39:24+00:00\",\"description\":\"Disegno originale FAVALLI BELLI futurismo Sport olimpico Lotta Greco Romana - 1932 1938 periodo fascista - Aeropittura romana - Balla - Tato\",\"breadcrumb\":{\"@id\":\"https:\/\/thefinitive.com\/en\/prodotto\/favalli-belli-disegno-originale-lotta-greco-romana-fascista\/#breadcrumb\"},\"inLanguage\":\"en-US\",\"potentialAction\":[{\"@type\":\"ReadAction\",\"target\":[\"https:\/\/thefinitive.com\/en\/prodotto\/favalli-belli-disegno-originale-lotta-greco-romana-fascista\/\"]}]},{\"@type\":\"BreadcrumbList\",\"@id\":\"https:\/\/thefinitive.com\/en\/prodotto\/favalli-belli-disegno-originale-lotta-greco-romana-fascista\/#breadcrumb\",\"itemListElement\":[{\"@type\":\"ListItem\",\"position\":1,\"name\":\"Home\",\"item\":\"https:\/\/thefinitive.com\/en\/\"},{\"@type\":\"ListItem\",\"position\":2,\"name\":\"Shop\",\"item\":\"https:\/\/thefinitive.com\/en\/shop-2\/\"},{\"@type\":\"ListItem\",\"position\":3,\"name\":\"FAVALLI BELLI disegno originale Lotta Greco Romana fascista\"}]},{\"@type\":\"WebSite\",\"@id\":\"https:\/\/thefinitive.com\/en\/#website\",\"url\":\"https:\/\/thefinitive.com\/en\/\",\"name\":\"Thefinitive\",\"description\":\"Antiquariato Online\",\"publisher\":{\"@id\":\"https:\/\/thefinitive.com\/en\/#organization\"},\"potentialAction\":[{\"@type\":\"SearchAction\",\"target\":{\"@type\":\"EntryPoint\",\"urlTemplate\":\"https:\/\/thefinitive.com\/en\/?s={search_term_string}\"},\"query-input\":\"required name=search_term_string\"}],\"inLanguage\":\"en-US\"},{\"@type\":\"Organization\",\"@id\":\"https:\/\/thefinitive.com\/en\/#organization\",\"name\":\"Thefinitive\",\"url\":\"https:\/\/thefinitive.com\/en\/\",\"logo\":{\"@type\":\"ImageObject\",\"inLanguage\":\"en-US\",\"@id\":\"https:\/\/thefinitive.com\/en\/#\/schema\/logo\/image\/\",\"url\":\"https:\/\/thefinitive.com\/wp-content\/uploads\/2019\/07\/logo4vett.svg\",\"contentUrl\":\"https:\/\/thefinitive.com\/wp-content\/uploads\/2019\/07\/logo4vett.svg\",\"width\":500,\"height\":100,\"caption\":\"Thefinitive\"},\"image\":{\"@id\":\"https:\/\/thefinitive.com\/en\/#\/schema\/logo\/image\/\"},\"sameAs\":[\"https:\/\/business.facebook.com\/Thefinitive-111771813534320\/\",\"https:\/\/www.instagram.com\/_thefinitive_\/\"]}]}<\/script>\n<!-- \/ Yoast SEO plugin. -->","yoast_head_json":{"title":"FAVALLI BELLI disegno originale Lotta Greco Romana fascista - Thefinitive","description":"Disegno originale FAVALLI BELLI futurismo Sport olimpico Lotta Greco Romana - 1932 1938 periodo fascista - Aeropittura romana - Balla - Tato","robots":{"index":"index","follow":"follow","max-snippet":"max-snippet:-1","max-image-preview":"max-image-preview:large","max-video-preview":"max-video-preview:-1"},"canonical":"https:\/\/thefinitive.com\/en\/prodotto\/favalli-belli-disegno-originale-lotta-greco-romana-fascista\/","og_locale":"en_US","og_type":"article","og_title":"FAVALLI BELLI disegno originale Lotta Greco Romana fascista - Thefinitive","og_description":"Disegno originale FAVALLI BELLI futurismo Sport olimpico Lotta Greco Romana - 1932 1938 periodo fascista - Aeropittura romana - Balla - Tato","og_url":"https:\/\/thefinitive.com\/en\/prodotto\/favalli-belli-disegno-originale-lotta-greco-romana-fascista\/","og_site_name":"Thefinitive","article_publisher":"https:\/\/business.facebook.com\/Thefinitive-111771813534320\/","article_modified_time":"2024-11-12T13:39:24+00:00","og_image":[{"width":2160,"height":2160,"url":"https:\/\/thefinitive.com\/wp-content\/uploads\/2019\/08\/20190824_125110.jpg","type":"image\/jpeg"}],"twitter_card":"summary_large_image","twitter_misc":{"Est. reading time":"7 minutes"},"schema":{"@context":"https:\/\/schema.org","@graph":[{"@type":"WebPage","@id":"https:\/\/thefinitive.com\/en\/prodotto\/favalli-belli-disegno-originale-lotta-greco-romana-fascista\/","url":"https:\/\/thefinitive.com\/en\/prodotto\/favalli-belli-disegno-originale-lotta-greco-romana-fascista\/","name":"FAVALLI BELLI disegno originale Lotta Greco Romana fascista - Thefinitive","isPartOf":{"@id":"https:\/\/thefinitive.com\/en\/#website"},"datePublished":"2019-08-25T15:16:33+00:00","dateModified":"2024-11-12T13:39:24+00:00","description":"Disegno originale FAVALLI BELLI futurismo Sport olimpico Lotta Greco Romana - 1932 1938 periodo fascista - Aeropittura romana - Balla - Tato","breadcrumb":{"@id":"https:\/\/thefinitive.com\/en\/prodotto\/favalli-belli-disegno-originale-lotta-greco-romana-fascista\/#breadcrumb"},"inLanguage":"en-US","potentialAction":[{"@type":"ReadAction","target":["https:\/\/thefinitive.com\/en\/prodotto\/favalli-belli-disegno-originale-lotta-greco-romana-fascista\/"]}]},{"@type":"BreadcrumbList","@id":"https:\/\/thefinitive.com\/en\/prodotto\/favalli-belli-disegno-originale-lotta-greco-romana-fascista\/#breadcrumb","itemListElement":[{"@type":"ListItem","position":1,"name":"Home","item":"https:\/\/thefinitive.com\/en\/"},{"@type":"ListItem","position":2,"name":"Shop","item":"https:\/\/thefinitive.com\/en\/shop-2\/"},{"@type":"ListItem","position":3,"name":"FAVALLI BELLI disegno originale Lotta Greco Romana fascista"}]},{"@type":"WebSite","@id":"https:\/\/thefinitive.com\/en\/#website","url":"https:\/\/thefinitive.com\/en\/","name":"Thefinitive","description":"Antiquariato Online","publisher":{"@id":"https:\/\/thefinitive.com\/en\/#organization"},"potentialAction":[{"@type":"SearchAction","target":{"@type":"EntryPoint","urlTemplate":"https:\/\/thefinitive.com\/en\/?s={search_term_string}"},"query-input":"required name=search_term_string"}],"inLanguage":"en-US"},{"@type":"Organization","@id":"https:\/\/thefinitive.com\/en\/#organization","name":"Thefinitive","url":"https:\/\/thefinitive.com\/en\/","logo":{"@type":"ImageObject","inLanguage":"en-US","@id":"https:\/\/thefinitive.com\/en\/#\/schema\/logo\/image\/","url":"https:\/\/thefinitive.com\/wp-content\/uploads\/2019\/07\/logo4vett.svg","contentUrl":"https:\/\/thefinitive.com\/wp-content\/uploads\/2019\/07\/logo4vett.svg","width":500,"height":100,"caption":"Thefinitive"},"image":{"@id":"https:\/\/thefinitive.com\/en\/#\/schema\/logo\/image\/"},"sameAs":["https:\/\/business.facebook.com\/Thefinitive-111771813534320\/","https:\/\/www.instagram.com\/_thefinitive_\/"]}]}},"_links":{"self":[{"href":"https:\/\/thefinitive.com\/en\/wp-json\/wp\/v3\/product\/3410"}],"collection":[{"href":"https:\/\/thefinitive.com\/en\/wp-json\/wp\/v3\/product"}],"about":[{"href":"https:\/\/thefinitive.com\/en\/wp-json\/wp\/v2\/types\/product"}],"replies":[{"embeddable":true,"href":"https:\/\/thefinitive.com\/en\/wp-json\/wp\/v2\/comments?post=3410"}],"version-history":[{"count":2,"href":"https:\/\/thefinitive.com\/en\/wp-json\/wp\/v3\/product\/3410\/revisions"}],"predecessor-version":[{"id":15491,"href":"https:\/\/thefinitive.com\/en\/wp-json\/wp\/v3\/product\/3410\/revisions\/15491"}],"wp:featuredmedia":[{"embeddable":true,"href":"https:\/\/thefinitive.com\/en\/wp-json\/wp\/v2\/media\/3419"}],"wp:attachment":[{"href":"https:\/\/thefinitive.com\/en\/wp-json\/wp\/v2\/media?parent=3410"}],"wp:term":[{"taxonomy":"product_cat","embeddable":true,"href":"https:\/\/thefinitive.com\/en\/wp-json\/wp\/v2\/product_cat?post=3410"},{"taxonomy":"product_tag","embeddable":true,"href":"https:\/\/thefinitive.com\/en\/wp-json\/wp\/v2\/product_tag?post=3410"}],"curies":[{"name":"wp","href":"https:\/\/api.w.org\/{rel}","templated":true}]}}