{"id":3010,"date":"2019-08-20T22:18:59","date_gmt":"2019-08-20T22:18:59","guid":{"rendered":"https:\/\/www.thefinitive.com\/?post_type=product&#038;p=3010"},"modified":"2024-01-10T21:08:03","modified_gmt":"2024-01-10T20:08:03","slug":"topolino-frassinelli-1933-disney-volume-2-fumetti","status":"publish","type":"product","link":"https:\/\/thefinitive.com\/en\/prodotto\/topolino-frassinelli-1933-disney-volume-2-fumetti\/","title":{"rendered":"Topolino FRASSINELLI 1933 Disney &#8211; Volume 2 &#8211; fumetti"},"content":{"rendered":"<p><strong>Le Avventure di Topolino <\/strong>(<strong>Mickey Mouse<\/strong>) , Storielle e illustrazioni dello Studio <strong>Walter Disney<\/strong> , <strong>Frassinelli<\/strong> , Torino , <strong>1933<\/strong> , XI (Era fascista) . Volumetto N. 2 , con le storie\u00a0 &#8220;<strong>Il Mistero del gorilla<\/strong>&#8221;\u00a0 e\u00a0 &#8220;<strong>La festa di compleanno<\/strong>&#8221; . Traduzione dall&#8217;inglese di Pavese. Cartonatura editoriale. Dimensioni cm 22 x 16 circa , pagine 36 in bianco e nero.<\/p>\n<p>Si tratta della <strong>prima edizione<\/strong> di Mickey Mouse in volume edita in Italia, composta da due volumetti : il <strong>numero 1<\/strong> con copertina gialla,\u00a0 che conteneva le storie &#8220;<strong>I pionieri<\/strong>&#8221; ed &#8220;<strong>I militi del fuoco<\/strong>&#8221; , ed il <strong>numero 2<\/strong> , del quale vi proponiamo questo esemplare in vendita. Nel 1930 su &#8220;L&#8217;illustrazione del Popolo&#8221; , vennero pubblicate le prime strisce giornaliere di Topolino, e nel 1932 Frassinelli si occup\u00f2 della pubblicazione di questi due volumetti le cui traduzioni dall&#8217;inglese furono affidate a <strong>Pavese<\/strong>. Tuttavia nel 1932 anche l&#8217;editore <strong>Nerbini<\/strong> aveva iniziato la pubblicazione di <strong>Topolino giornale<\/strong> , e questo fu causa di una lunga querelle tra Frassinelli e Nerbini perch\u00e8 il primo sosteneva di aver acquisito tutti i diritti su Topolino direttamente dalla Disney. Il tribunale di Torino nel 1933 diede ragione a Frassinelli, ma va ricordato comunque che, nel 1935\u00a0<strong>Mondadori<\/strong>, dopo una serie di altre complicate traversie per i diritti Disney in Italia, divenne l\u2019editore esclusivo di\u00a0<em><strong>Topolino<\/strong> ( <\/em>lo rimase fino al 1988 ).<\/p>\n<p>Il volumetto \u00e8 in condizioni discrete, ha <strong>subito notevoli interventi di restauro conservativi<\/strong> , che sono evidentemente visibili durante la fruizione del libretto, di cui forniamo una parziale documentazione fotografica, confermando che <strong>tutte le pagine<\/strong> presentano pi\u00f9 o meno segni evidenti di &#8220;usura&#8221; in qualche modo tamponata.<\/p>\n<p>&nbsp;<\/p>\n<p><strong>MATERIALE\u00a0 \u00a0 \u00a0:\u00a0<\/strong> Carta, cartonatura editoriale, b\/n<\/p>\n<p><strong>MISURE\u00a0 \u00a0 \u00a0 \u00a0 \u00a0 \u00a0 :<\/strong>\u00a0 cm. 22 x 16 circa<\/p>\n<p><strong>MARCHIO\u00a0 \u00a0 \u00a0 \u00a0 \u00a0:<\/strong>\u00a0 Frassinelli<\/p>\n<p>&nbsp;<\/p>\n<div class=\"thumb tright\">\n<div class=\"thumbinner\">\n<h2 style=\"text-align: left;\">NOTIZIE<\/h2>\n<div class=\"thumb tright\">\n<div class=\"thumbinner\">\n<p><b>Topolino<\/b>, conosciuto negli\u00a0Stati Uniti d&#8217;America, cos\u00ec come in molti altri, come\u00a0<b>Mickey Mouse<\/b>, \u00e8 un\u00a0personaggio immaginario\u00a0dei\u00a0fumetti\u00a0e dei\u00a0cartoni animati\u00a0creato il 16 gennaio\u00a01928\u00a0da\u00a0Walt Disney\u00a0e\u00a0Ub Iwerks e successivamente sviluppato da\u00a0Floyd Gottfredson, fra i pi\u00f9 famosi al mondo e\u00a0icona\u00a0stessa della\u00a0Walt Disney Company\u00a0e della cultura popolare mondiale.<\/p>\n<p>Il debutto cinematografico del personaggio avvenne il <strong>18 novembre\u00a01928<\/strong>\u00a0nel\u00a0cortometraggio\u00a0<strong>Steamboat Willie<\/strong>, il quale riscosse un successo notevole grazie anche alla presenza di trovate visive e sonore perfettamente fuse tra loro. Nei fumetti il personaggio debutt\u00f2 sui quotidiani due anni dopo, il 13 gennaio <strong>1930<\/strong> con la storia\u00a0<strong>Topolino nell&#8217;isola misteriosa<\/strong>. Per la sua creazione Walt Disney vinse un\u00a0Premio Oscar\u00a0onorario.<\/p>\n<p>&nbsp;<\/p>\n<\/div>\n<\/div>\n<\/div>\n<\/div>\n<div class=\"thumb tright\">\n<div class=\"thumbinner\"><img loading=\"lazy\" decoding=\"async\" class=\"alignnone wp-image-3035\" src=\"https:\/\/www.thefinitive.com\/wp-content\/uploads\/2019\/08\/toolino-85-grande.jpg\" alt=\"\" width=\"286\" height=\"161\" srcset=\"https:\/\/thefinitive.com\/wp-content\/uploads\/2019\/08\/toolino-85-grande.jpg 1344w, https:\/\/thefinitive.com\/wp-content\/uploads\/2019\/08\/toolino-85-grande-1200x675.jpg 1200w, https:\/\/thefinitive.com\/wp-content\/uploads\/2019\/08\/toolino-85-grande-64x36.jpg 64w, https:\/\/thefinitive.com\/wp-content\/uploads\/2019\/08\/toolino-85-grande-300x169.jpg 300w, https:\/\/thefinitive.com\/wp-content\/uploads\/2019\/08\/toolino-85-grande-768x432.jpg 768w, https:\/\/thefinitive.com\/wp-content\/uploads\/2019\/08\/toolino-85-grande-1024x576.jpg 1024w\" sizes=\"(max-width: 286px) 100vw, 286px\" \/> (c)Walt Disney<\/div>\n<div><\/div>\n<div><\/div>\n<div><\/div>\n<div class=\"thumbinner\">Topolino \u00e8 un\u00a0topo\u00a0antropomorfo\u00a0che veste pantaloni\u00a0rossi, grandi scarpe gialle e guanti bianchi. Walt Disney dichiar\u00f2 in un&#8217;intervista, rilasciata molto tempo dopo i fatti, di essere stato ispirato nella creazione di Topolino da un\u00a0topo domestico\u00a0che veniva nel suo ufficio presso il\u00a0Laugh-O-Gram Studio.<\/div>\n<\/div>\n<div>\n<p>Nel\u00a01928\u00a0Walt Disney\u00a0aveva perso i diritti del suo primo personaggio di successo (<strong>Oswald<\/strong> il coniglio fortunato) e l&#8217;intero staff del proprio studio di\u00a0Hollywood\u00a0lo aveva abbandonato; Disney, allora ancora giovane regista alle prime armi, ebbe l&#8217;idea di creare un nuovo personaggio, <strong>Mickey Mouse<\/strong>.\u00a0<strong>Ub Iwerks<\/strong>\u00a0era l&#8217;unico collaboratore rimastogli e con lui realizzo il nuovo personaggio al quale affidare la sopravvivenza dello Studio Disney. Per settimane tutti ignorarono che Walt e Ub stessero dando corpo alla realizzazione di un nuovo progetto. In gran segreto, lavorando di notte in un garage, Walt Disney e il suo braccio destro Ub Iwerks prepararono in tutta fretta il primo film di Mickey Mouse. Iwerks, disegnando fino a 700 animazioni al giorno, consent\u00ec al personaggio di debuttare in una proiezione privata il <strong>15 maggio 1928<\/strong>. Il film era intitolato\u00a0<strong><i>L&#8217;aereo impazzito<\/i><\/strong>\u00a0(nel quale compare anche\u00a0<strong>Minnie<\/strong>). Nasce cos\u00ec, impulsivo e sognatore, sbarazzino ma determinato, il nuovo personaggio su cui Disney avrebbe scommesso la stessa sopravvivenza del suo studio. Negli\u00a0anni venti\u00a0uno dei personaggi di maggior successo era il gatto\u00a0Felix: una nera macchia d&#8217;inchiostro piena di intraprendenza e dotata di una vena surreale. Puntare su un topo fu forse per Disney una scelta giocata allo stesso tempo per affinit\u00e0 e contrasto, con lo scopo di dissimulare la somiglianza con il famoso gatto. Nonostante una discreta accoglienza, nessuno sembrava voler distribuire i film del nuovo personaggio. Disney decide di produrne un secondo:\u00a0<strong>Topolino gaucho<\/strong>, nel quale al personaggio vengono aggiunte le scarpe ed esordisce il gatto\u00a0<strong>Gambadilegno<\/strong>; Minnie \u00e8 nuovamente presente come protagonista femminile.<\/p>\n<p>Nel frattempo era stato introdotto il sonoro nei film e il terzo tentativo di lanciare il personaggio avvenne con un film concepito con il sonoro sincronizzato. Lo spunto del terzo film di Topolino viene attinto da una comica di\u00a0Buster Keaton. Le musiche sono i motivetti\u00a0<i>Turkey in the Straw<\/i>\u00a0e\u00a0<i>Steamboat Bill<\/i>. Il nuovo film, intitolato\u00a0<strong><i>Steamboat Willie<\/i><\/strong>, viene prodotto a costo di incredibili difficolt\u00e0. A film pronto, nessun distributore sembra interessarsi al Topolino musicale di Disney. Privo di qualsiasi supporto economico, Disney accetta come estrema ratio la proposta del titolare di una sala di Broadway, e tenta la carta del pubblico: il film viene proiettato al Colony Theater di\u00a0New York\u00a0il 18 novembre 1928, abbinato al lungometraggio sonoro dal vero &#8220;Gang War&#8221;. \u00c8 il clamoroso successo in cui Disney iniziava a non sperare pi\u00f9. La critica e il pubblico sono unanimi: qualcosa di nuovo e unico si \u00e8 affacciato sugli schermi americani. Tutti i riflettori sono puntati su Topolino. Disney aggiunge il sonoro anche ai due preesistenti cortometraggi muti di Mickey.<\/p>\n<p>Amico di Walt fin dal tempo di\u00a0Kansas City, dove entrambi sono cresciuti, Iwerks era un talento grafico naturale che comprendeva con la sua arte la creativit\u00e0 di Walt Disney. Fatto socio al 20% dello studio, Iwerks all&#8217;inizio del 1930 viene letteralmente comprato dalla concorrenza. Andandosene ceder\u00e0 la sua quota nella societ\u00e0: e quando, dopo fallimentari esperienze, ritorner\u00e0 a chiedere lavoro allo studio Disney, verr\u00e0 assunto nel settore effetti speciali.<\/p>\n<div class=\"thumb tright\">\n<div class=\"thumbinner\">\n<p><img loading=\"lazy\" decoding=\"async\" class=\"thumbimage\" src=\"https:\/\/upload.wikimedia.org\/wikipedia\/commons\/thumb\/2\/28\/Topolino_Walk_of_fame.jpg\/220px-Topolino_Walk_of_fame.jpg\" srcset=\"\/\/upload.wikimedia.org\/wikipedia\/commons\/thumb\/2\/28\/Topolino_Walk_of_fame.jpg\/330px-Topolino_Walk_of_fame.jpg 1.5x, \/\/upload.wikimedia.org\/wikipedia\/commons\/thumb\/2\/28\/Topolino_Walk_of_fame.jpg\/440px-Topolino_Walk_of_fame.jpg 2x\" alt=\"\" width=\"220\" height=\"185\" data-file-width=\"960\" data-file-height=\"809\" \/><\/p>\n<div class=\"thumbcaption\">\n<div class=\"magnify\"><\/div>\n<p>Stella di Topolino (Mickey Mouse) sulla\u00a0Hollywood Walk of Fame,\u00a0Los Angeles\u00a0(California).<\/p>\n<\/div>\n<div><\/div>\n<\/div>\n<\/div>\n<p>Al sesto film (<i>Via il gatto, Topolino balla<\/i>,\u00a01929) il personaggio acquista i guanti. In questa sua prima fase Mickey Mouse vive in una serie di storie che si caratterizzano specialmente per l&#8217;ambientazione rurale. Topolino nasce come un personaggio di provincia: presto si mette a fare pi\u00f9 che il topo l&#8217;ometto. Al nono film,\u00a0The Karnival Kid\u00a0(1929), Topolino figura estensivamente impiegato in un ruolo parlato. Il 1929 \u00e8 l&#8217;anno dell&#8217;esplosione del fenomeno Mickey Mouse negli\u00a0USA.<\/p>\n<p>Produrre un cartoon della serie costa ormai cinquemila dollari alla produzione. Nel\u00a01930\u00a0una canzone di\u00a0Harry Carlton\u00a0\u00e8 dedicata a Topolino. Dello stesso anno l&#8217;inevitabile omaggio in cera di\u00a0Madame Tussaud. Nel\u00a01931\u00a0la\u00a0MGM, con una spedizione pionieristica a lungo amplificata dalla stampa, gira in\u00a0Africa\u00a0il lungometraggio\u00a0Trader Horn. Topolino \u00e8 lesto a richiamare l&#8217;impresa l&#8217;anno successivo in\u00a0Trader Mickey. La moda imperante dei film in costume e dell&#8217;esotismo ispira ancora\u00a0Jungle Rythm\u00a0(1929),\u00a0Topolino in Arabia\u00a0(1932) e il medievaleggiante\u00a0Topolino menestrello\u00a0(1933). L&#8217;horror compare in film come\u00a0Topolino e gli spettri\u00a0(1929) e\u00a0Topolino e lo scienziato pazzo\u00a0(1933), la voglia del\u00a0jazz\u00a0in\u00a0Topolino pianista\u00a0(1929). Nel 1931\u00a0Charlie Chaplin\u00a0insiste perch\u00e9 un cartoon di Topolino accompagni tutte le proiezioni del suo ultimo film\u00a0<i>Luci della citt\u00e0<\/i>. Il favore viene restituito due anni dopo: il cortometraggio\u00a0Mickey&#8217;s Gala Premiere\u00a0\u00e8 ambientato nel\u00a0Teatro Cinese\u00a0di Hollywood, classica sede delle grandi prime. Fra i divi che per l&#8217;occasione omaggiano Topolino:\u00a0Laurel &amp; Hardy, i\u00a0fratelli Marx,\u00a0Mae West, la\u00a0Garbo\u00a0e\u00a0Charlot.<\/p>\n<p>Jimmy Durante\u00a0nel\u00a01934\u00a0invita Topolino a esibirsi al piano nel lungometraggio dal vero\u00a0<i>Hollywood Party<\/i>, mentre Laurel &amp; Hardy nello stesso anno lo ospitano in una fugace apparizione nel fantasioso\u00a0<i>Nel paese delle meraviglie<\/i>. \u00c8 stato ospitato anche nel film\u00a0<i>Chi ha incastrato Roger Rabbit<\/i>.<\/p>\n<p>&nbsp;<\/p>\n<\/div>\n<p>Fonti \u00a0<em><a href=\"https:\/\/it.wikipedia.org\/wiki\/Topolino\">Wikipedia<\/a>, Web<\/em><\/p>\n<p>&nbsp;<\/p>\n<p>9.19<\/p>\n","protected":false},"excerpt":{"rendered":"<p style=\"text-align: center;\"><strong>Le Avventure di Topolino <\/strong>(<strong>Mickey Mouse<\/strong>) , Storielle e illustrazioni dello Studio <strong>Walter Disney<\/strong> , <strong>Frassinelli<\/strong> , Torino , <strong>1933<\/strong> , XI (Era fascista) . <strong>Volumetto N. 2<\/strong> , \u00a0cartonatura editoriale. Dimensioni cm 22 x 16 circa , pagine 36 in bianco e nero. <strong>Prima edizione<\/strong> di Mickey Mouse in volume edita in Italia. Il volumetto \u00e8 in condizioni discrete, ha <strong>subito notevoli interventi di restauro conservativi<\/strong> .<\/p>\n<p>&nbsp;<\/p>\n<p style=\"text-align: center;\"><strong><em>(Scorri la pagina in basso per ulteriori dettagli e informazioni)<\/em><\/strong><\/p>\n<p>&nbsp;<\/p>\n<p>&nbsp;<\/p>\n","protected":false},"featured_media":3011,"comment_status":"open","ping_status":"closed","template":"","meta":[],"product_cat":[105,111],"product_tag":[155,369,335,371,370,368],"yoast_head":"<!-- This site is optimized with the Yoast SEO plugin v21.9.1 - https:\/\/yoast.com\/wordpress\/plugins\/seo\/ -->\n<title>Topolino FRASSINELLI 1933 Disney - Volume 2 - fumetti - Thefinitive<\/title>\n<meta name=\"description\" content=\"Topolino Volume n.2 Frassinelli - Walt Disney - 1933 anno XI Era Fascista - Mickey Mouse - First original italian edition - Prima pubblicazione su libretto\" \/>\n<meta name=\"robots\" content=\"index, follow, max-snippet:-1, max-image-preview:large, max-video-preview:-1\" \/>\n<link rel=\"canonical\" href=\"https:\/\/thefinitive.com\/en\/prodotto\/topolino-frassinelli-1933-disney-volume-2-fumetti\/\" \/>\n<meta property=\"og:locale\" content=\"en_US\" \/>\n<meta property=\"og:type\" content=\"article\" \/>\n<meta property=\"og:title\" content=\"Topolino FRASSINELLI 1933 Disney - Volume 2 - fumetti - Thefinitive\" \/>\n<meta property=\"og:description\" content=\"Topolino Volume n.2 Frassinelli - Walt Disney - 1933 anno XI Era Fascista - Mickey Mouse - First original italian edition - Prima pubblicazione su libretto\" \/>\n<meta property=\"og:url\" content=\"https:\/\/thefinitive.com\/en\/prodotto\/topolino-frassinelli-1933-disney-volume-2-fumetti\/\" \/>\n<meta property=\"og:site_name\" content=\"Thefinitive\" \/>\n<meta property=\"article:publisher\" content=\"https:\/\/business.facebook.com\/Thefinitive-111771813534320\/\" \/>\n<meta property=\"article:modified_time\" content=\"2024-01-10T20:08:03+00:00\" \/>\n<meta property=\"og:image\" content=\"https:\/\/thefinitive.com\/wp-content\/uploads\/2019\/08\/20190817_121456-1.jpg\" \/>\n\t<meta property=\"og:image:width\" content=\"2160\" \/>\n\t<meta property=\"og:image:height\" content=\"2160\" \/>\n\t<meta property=\"og:image:type\" content=\"image\/jpeg\" \/>\n<meta name=\"twitter:card\" content=\"summary_large_image\" \/>\n<meta name=\"twitter:label1\" content=\"Est. reading time\" \/>\n\t<meta name=\"twitter:data1\" content=\"6 minutes\" \/>\n<script type=\"application\/ld+json\" class=\"yoast-schema-graph\">{\"@context\":\"https:\/\/schema.org\",\"@graph\":[{\"@type\":\"WebPage\",\"@id\":\"https:\/\/thefinitive.com\/en\/prodotto\/topolino-frassinelli-1933-disney-volume-2-fumetti\/\",\"url\":\"https:\/\/thefinitive.com\/en\/prodotto\/topolino-frassinelli-1933-disney-volume-2-fumetti\/\",\"name\":\"Topolino FRASSINELLI 1933 Disney - Volume 2 - fumetti - Thefinitive\",\"isPartOf\":{\"@id\":\"https:\/\/thefinitive.com\/en\/#website\"},\"datePublished\":\"2019-08-20T22:18:59+00:00\",\"dateModified\":\"2024-01-10T20:08:03+00:00\",\"description\":\"Topolino Volume n.2 Frassinelli - Walt Disney - 1933 anno XI Era Fascista - Mickey Mouse - First original italian edition - Prima pubblicazione su libretto\",\"breadcrumb\":{\"@id\":\"https:\/\/thefinitive.com\/en\/prodotto\/topolino-frassinelli-1933-disney-volume-2-fumetti\/#breadcrumb\"},\"inLanguage\":\"en-US\",\"potentialAction\":[{\"@type\":\"ReadAction\",\"target\":[\"https:\/\/thefinitive.com\/en\/prodotto\/topolino-frassinelli-1933-disney-volume-2-fumetti\/\"]}]},{\"@type\":\"BreadcrumbList\",\"@id\":\"https:\/\/thefinitive.com\/en\/prodotto\/topolino-frassinelli-1933-disney-volume-2-fumetti\/#breadcrumb\",\"itemListElement\":[{\"@type\":\"ListItem\",\"position\":1,\"name\":\"Home\",\"item\":\"https:\/\/thefinitive.com\/en\/\"},{\"@type\":\"ListItem\",\"position\":2,\"name\":\"Shop\",\"item\":\"https:\/\/thefinitive.com\/en\/shop-2\/\"},{\"@type\":\"ListItem\",\"position\":3,\"name\":\"Topolino FRASSINELLI 1933 Disney &#8211; Volume 2 &#8211; fumetti\"}]},{\"@type\":\"WebSite\",\"@id\":\"https:\/\/thefinitive.com\/en\/#website\",\"url\":\"https:\/\/thefinitive.com\/en\/\",\"name\":\"Thefinitive\",\"description\":\"Antiquariato Online\",\"publisher\":{\"@id\":\"https:\/\/thefinitive.com\/en\/#organization\"},\"potentialAction\":[{\"@type\":\"SearchAction\",\"target\":{\"@type\":\"EntryPoint\",\"urlTemplate\":\"https:\/\/thefinitive.com\/en\/?s={search_term_string}\"},\"query-input\":\"required name=search_term_string\"}],\"inLanguage\":\"en-US\"},{\"@type\":\"Organization\",\"@id\":\"https:\/\/thefinitive.com\/en\/#organization\",\"name\":\"Thefinitive\",\"url\":\"https:\/\/thefinitive.com\/en\/\",\"logo\":{\"@type\":\"ImageObject\",\"inLanguage\":\"en-US\",\"@id\":\"https:\/\/thefinitive.com\/en\/#\/schema\/logo\/image\/\",\"url\":\"https:\/\/thefinitive.com\/wp-content\/uploads\/2019\/07\/logo4vett.svg\",\"contentUrl\":\"https:\/\/thefinitive.com\/wp-content\/uploads\/2019\/07\/logo4vett.svg\",\"width\":500,\"height\":100,\"caption\":\"Thefinitive\"},\"image\":{\"@id\":\"https:\/\/thefinitive.com\/en\/#\/schema\/logo\/image\/\"},\"sameAs\":[\"https:\/\/business.facebook.com\/Thefinitive-111771813534320\/\",\"https:\/\/www.instagram.com\/_thefinitive_\/\"]}]}<\/script>\n<!-- \/ Yoast SEO plugin. -->","yoast_head_json":{"title":"Topolino FRASSINELLI 1933 Disney - Volume 2 - fumetti - Thefinitive","description":"Topolino Volume n.2 Frassinelli - Walt Disney - 1933 anno XI Era Fascista - Mickey Mouse - First original italian edition - Prima pubblicazione su libretto","robots":{"index":"index","follow":"follow","max-snippet":"max-snippet:-1","max-image-preview":"max-image-preview:large","max-video-preview":"max-video-preview:-1"},"canonical":"https:\/\/thefinitive.com\/en\/prodotto\/topolino-frassinelli-1933-disney-volume-2-fumetti\/","og_locale":"en_US","og_type":"article","og_title":"Topolino FRASSINELLI 1933 Disney - Volume 2 - fumetti - Thefinitive","og_description":"Topolino Volume n.2 Frassinelli - Walt Disney - 1933 anno XI Era Fascista - Mickey Mouse - First original italian edition - Prima pubblicazione su libretto","og_url":"https:\/\/thefinitive.com\/en\/prodotto\/topolino-frassinelli-1933-disney-volume-2-fumetti\/","og_site_name":"Thefinitive","article_publisher":"https:\/\/business.facebook.com\/Thefinitive-111771813534320\/","article_modified_time":"2024-01-10T20:08:03+00:00","og_image":[{"width":2160,"height":2160,"url":"https:\/\/thefinitive.com\/wp-content\/uploads\/2019\/08\/20190817_121456-1.jpg","type":"image\/jpeg"}],"twitter_card":"summary_large_image","twitter_misc":{"Est. reading time":"6 minutes"},"schema":{"@context":"https:\/\/schema.org","@graph":[{"@type":"WebPage","@id":"https:\/\/thefinitive.com\/en\/prodotto\/topolino-frassinelli-1933-disney-volume-2-fumetti\/","url":"https:\/\/thefinitive.com\/en\/prodotto\/topolino-frassinelli-1933-disney-volume-2-fumetti\/","name":"Topolino FRASSINELLI 1933 Disney - Volume 2 - fumetti - Thefinitive","isPartOf":{"@id":"https:\/\/thefinitive.com\/en\/#website"},"datePublished":"2019-08-20T22:18:59+00:00","dateModified":"2024-01-10T20:08:03+00:00","description":"Topolino Volume n.2 Frassinelli - Walt Disney - 1933 anno XI Era Fascista - Mickey Mouse - First original italian edition - Prima pubblicazione su libretto","breadcrumb":{"@id":"https:\/\/thefinitive.com\/en\/prodotto\/topolino-frassinelli-1933-disney-volume-2-fumetti\/#breadcrumb"},"inLanguage":"en-US","potentialAction":[{"@type":"ReadAction","target":["https:\/\/thefinitive.com\/en\/prodotto\/topolino-frassinelli-1933-disney-volume-2-fumetti\/"]}]},{"@type":"BreadcrumbList","@id":"https:\/\/thefinitive.com\/en\/prodotto\/topolino-frassinelli-1933-disney-volume-2-fumetti\/#breadcrumb","itemListElement":[{"@type":"ListItem","position":1,"name":"Home","item":"https:\/\/thefinitive.com\/en\/"},{"@type":"ListItem","position":2,"name":"Shop","item":"https:\/\/thefinitive.com\/en\/shop-2\/"},{"@type":"ListItem","position":3,"name":"Topolino FRASSINELLI 1933 Disney &#8211; Volume 2 &#8211; fumetti"}]},{"@type":"WebSite","@id":"https:\/\/thefinitive.com\/en\/#website","url":"https:\/\/thefinitive.com\/en\/","name":"Thefinitive","description":"Antiquariato Online","publisher":{"@id":"https:\/\/thefinitive.com\/en\/#organization"},"potentialAction":[{"@type":"SearchAction","target":{"@type":"EntryPoint","urlTemplate":"https:\/\/thefinitive.com\/en\/?s={search_term_string}"},"query-input":"required name=search_term_string"}],"inLanguage":"en-US"},{"@type":"Organization","@id":"https:\/\/thefinitive.com\/en\/#organization","name":"Thefinitive","url":"https:\/\/thefinitive.com\/en\/","logo":{"@type":"ImageObject","inLanguage":"en-US","@id":"https:\/\/thefinitive.com\/en\/#\/schema\/logo\/image\/","url":"https:\/\/thefinitive.com\/wp-content\/uploads\/2019\/07\/logo4vett.svg","contentUrl":"https:\/\/thefinitive.com\/wp-content\/uploads\/2019\/07\/logo4vett.svg","width":500,"height":100,"caption":"Thefinitive"},"image":{"@id":"https:\/\/thefinitive.com\/en\/#\/schema\/logo\/image\/"},"sameAs":["https:\/\/business.facebook.com\/Thefinitive-111771813534320\/","https:\/\/www.instagram.com\/_thefinitive_\/"]}]}},"_links":{"self":[{"href":"https:\/\/thefinitive.com\/en\/wp-json\/wp\/v3\/product\/3010"}],"collection":[{"href":"https:\/\/thefinitive.com\/en\/wp-json\/wp\/v3\/product"}],"about":[{"href":"https:\/\/thefinitive.com\/en\/wp-json\/wp\/v2\/types\/product"}],"replies":[{"embeddable":true,"href":"https:\/\/thefinitive.com\/en\/wp-json\/wp\/v2\/comments?post=3010"}],"version-history":[{"count":1,"href":"https:\/\/thefinitive.com\/en\/wp-json\/wp\/v3\/product\/3010\/revisions"}],"predecessor-version":[{"id":3036,"href":"https:\/\/thefinitive.com\/en\/wp-json\/wp\/v3\/product\/3010\/revisions\/3036"}],"wp:featuredmedia":[{"embeddable":true,"href":"https:\/\/thefinitive.com\/en\/wp-json\/wp\/v2\/media\/3011"}],"wp:attachment":[{"href":"https:\/\/thefinitive.com\/en\/wp-json\/wp\/v2\/media?parent=3010"}],"wp:term":[{"taxonomy":"product_cat","embeddable":true,"href":"https:\/\/thefinitive.com\/en\/wp-json\/wp\/v2\/product_cat?post=3010"},{"taxonomy":"product_tag","embeddable":true,"href":"https:\/\/thefinitive.com\/en\/wp-json\/wp\/v2\/product_tag?post=3010"}],"curies":[{"name":"wp","href":"https:\/\/api.w.org\/{rel}","templated":true}]}}