{"id":2901,"date":"2019-08-19T11:54:36","date_gmt":"2019-08-19T11:54:36","guid":{"rendered":"https:\/\/www.thefinitive.com\/?post_type=product&#038;p=2901"},"modified":"2023-03-20T15:59:49","modified_gmt":"2023-03-20T14:59:49","slug":"burnus-truppe-coloniali-aoi-regio-esercito-bambino","status":"publish","type":"product","link":"https:\/\/thefinitive.com\/en\/prodotto\/burnus-truppe-coloniali-aoi-regio-esercito-bambino\/","title":{"rendered":"\u274c\ud83d\ude41BURNUS Truppe Coloniali AOI &#8211; Regio Esercito &#8211; bambino"},"content":{"rendered":"<p><strong>BURNUS<\/strong> , mantello usato dalle <strong>truppe coloniali<\/strong> , durante le varie campagne in Africa , in AOI, in eccezionale misura piccola , per bambino. Il Burnus era adottato anche dal Regio Esercito, gli ufficiali del <strong>Regio Corpo di Truppe Coloniali<\/strong> , <strong>R.C.T.C.<\/strong> , ad esempio il <strong>Gruppo Squadroni Cavalieri dell&#8217; Ahmara<\/strong>, indossavano il mantello con la grande uniforme; i <strong>Carabinieri Reali<\/strong> della guardia vicereale , i <strong>Lancieri<\/strong> dei plotoni di scorta governatoriali , nel corpo di <strong>Polizia dell&#8217;Africa Italiana<\/strong> (penne di Falco) . A seconda del corpo , cambiava il colore (nei Carabinieri Reali era di colore rosso).<\/p>\n<p>Capo di abbigliamento con cappuccio, generalmente di colore blu scuro con profilature di colore arancio\/rosso applicate lungo i bordi, e con dei fiocchetti di filo di seta rosso, pendenti dal cappuccio e dalle estremit\u00e0 finali.<\/p>\n<p>Al tempo gli ufficiali del Regio Esercito che avevano figli maschi, usavano far confezionare uniformi di taglie piccole, per i propri bambini generalmente nella fascia\u00a0 8-12 anni, con gli stessi attributi di grado e corpo di appartenenza dell&#8217;ufficiale. E&#8217; dunque facile pensare che questo <em><strong>burnus<\/strong> <\/em>sia un elemento usato dal figlio di un ufficiale del <strong>R.C.T.C.<\/strong> che doveva emulare il genitore.<\/p>\n<p>In condizioni eccezionali, assolutamente perfetto, senza danni, completo degli 8 fiocchetti pendenti , le misure sono cm.95 su un lato della larghezza (dal cappuccio) e cm.85 al retro (altezza) sempre dal cappuccio (vedi le foto in allegato)<\/p>\n<p>&nbsp;<\/p>\n<h2><img loading=\"lazy\" decoding=\"async\" class=\"alignnone wp-image-2916\" src=\"https:\/\/www.thefinitive.com\/wp-content\/uploads\/2019\/08\/burnus.jpg\" alt=\"burnus truppe coloniali aoi\" width=\"395\" height=\"271\" srcset=\"https:\/\/thefinitive.com\/wp-content\/uploads\/2019\/08\/burnus.jpg 600w, https:\/\/thefinitive.com\/wp-content\/uploads\/2019\/08\/burnus-64x44.jpg 64w, https:\/\/thefinitive.com\/wp-content\/uploads\/2019\/08\/burnus-300x206.jpg 300w\" sizes=\"(max-width: 395px) 100vw, 395px\" \/>\u00a0 \u00a0 <img loading=\"lazy\" decoding=\"async\" class=\"alignnone wp-image-2918\" src=\"https:\/\/www.thefinitive.com\/wp-content\/uploads\/2019\/08\/ahmara3.jpg\" alt=\"\" width=\"211\" height=\"271\" srcset=\"https:\/\/thefinitive.com\/wp-content\/uploads\/2019\/08\/ahmara3.jpg 311w, https:\/\/thefinitive.com\/wp-content\/uploads\/2019\/08\/ahmara3-64x82.jpg 64w, https:\/\/thefinitive.com\/wp-content\/uploads\/2019\/08\/ahmara3-233x300.jpg 233w\" sizes=\"(max-width: 211px) 100vw, 211px\" \/><\/h2>\n<p><strong>MATERIALE\u00a0 \u00a0 \u00a0 : <\/strong>Stoffa, lana, filo di seta<\/p>\n<p><strong>MISURE\u00a0 \u00a0 \u00a0 \u00a0 \u00a0 \u00a0<\/strong>\u00a0 \u00a0 <strong>:<\/strong> cm.95 x 85 , cappuccio cm.21 x 21<\/p>\n<p><strong>PRODUTTORE\u00a0 :<\/strong>\u00a0 nessun marchio (generalmente Ve.De.Me)<\/p>\n<p>&nbsp;<\/p>\n<p>&nbsp;<\/p>\n<h2>Notizie<\/h2>\n<p>Il\u00a0<b>Burnus<\/b>\u00a0o\u00a0<b>Aselham<\/b>\u00a0(parola\u00a0berbera\u00a0e dei\u00a0dialetti arabi\u00a0del\u00a0Nordafrica) \u00e8 l&#8217;ampio\u00a0mantello\u00a0con cappuccio di lana, perlopi\u00f9 bianco, che costituisce l&#8217;elemento pi\u00f9 tipico dell&#8217;abbigliamento\u00a0maschile nell&#8217;Africa del Nord. Alcuni dicono il nome deriva dal\u00a0latino\u00a0<i>byrrus<\/i>\u00a0(o\u00a0<i>birrus<\/i>), che designava appunto un ampio mantello da portare sopra gli abiti. Altri dicono il nome deriva direttamente dalla lingua berbera (radice\u00a0<i>BRNS<\/i>\u00a0dalla parola berbera\u00a0<i>abernus<\/i>).<\/p>\n<p>Caratteristica del burnus, oltre al cappuccio (<i>aqelmum<\/i>,\u00a0<i>agelmus<\/i>, &#8230;), che pu\u00f2 essere anche molto grande e a volte terminare con un pompon (<i>acrur<\/i>,\u00a0<i>tawtat<\/i>,\u00a0<i>tawckint<\/i>&#8230;), \u00e8 la corta cucitura che lo chiude sulla parte alta del davanti, il che permette di indossarlo infilandolo sopra la testa, senza necessit\u00e0 di fibbie o spille per fissarlo.<\/p>\n<p>In realt\u00e0 esistono diversi modi di indossarlo. Solo in caso di freddo e maltempo ci si avvilupper\u00e0 in esso tirandosi il cappuccio sulla testa. Spesso esso viene semplicemente portato sulle spalle, a volte appoggiandolo senza neanche infilare la testa nell&#8217;apertura anteriore; a volte viene indossato in modo asimmetrico, con il cappuccio su di un lato che pu\u00f2 essere usato come sacca in cui riporre oggetti. Capita anche che venga gettato di traverso su di una spalla, acquisendo cos\u00ec solo un valore simbolico e non pi\u00f9 di semplice capo di abbigliamento. Infatti il burnus non \u00e8 solo un indumento, ma anche un elemento di dignit\u00e0 della persona, in modo analogo alla\u00a0toga\u00a0virile dei\u00a0Romani. Molte espressioni berbere ricordano questo valore del burnus. I\u00a0santi &#8220;protettori&#8221; sono spesso detti &#8220;dal burnus&#8221;, e se si fa un augurio a qualcuno si augura che il tal santo lo protegga con i lembi del suo burnus. E&#8217; un indumento molto antico in Nordafrica, lo troviamo raffigurato gi\u00e0 in incisioni rupestri di epoca punica a Sigus\u00a0(a sud di\u00a0Costantina), dove si osserva un&#8217;immagine con postura molto simile a quella odierna, col braccio destro che solleva un lembo mentre la mano sinistra tiene ferma la stoffa.<\/p>\n<p>Il Burnus venne dunque adottato dai militari italiani ed indigeni del Regio Esercito, in\u00a0 AOI, comunque proveniva dalla tradizione autoctona, ed un esempio di<span style=\"color: #333333; font-family: Georgia, 'Times New Roman', 'Bitstream Charter', Times, serif; font-size: 16px;\">\u00a0truppe coloniali , sono gli <em><strong>spahis<\/strong> <\/em>, truppe libiche montate a cavallo, che operarono tra il <\/span><strong style=\"color: #333333; font-family: Georgia, 'Times New Roman', 'Bitstream Charter', Times, serif; font-size: 16px;\">1912<\/strong><span style=\"color: #333333; font-family: Georgia, 'Times New Roman', 'Bitstream Charter', Times, serif; font-size: 16px;\"> e il <\/span><strong style=\"color: #333333; font-family: Georgia, 'Times New Roman', 'Bitstream Charter', Times, serif; font-size: 16px;\">1942<\/strong><span style=\"color: #333333; font-family: Georgia, 'Times New Roman', 'Bitstream Charter', Times, serif; font-size: 16px;\">; ricavati da un gruppo di cavalleria autoctono, il loro principale ruolo fu quello di polizia montana, di perlustrazione rurale e di controllo delle zone desertiche sahariane.<\/span><\/p>\n<div class=\"entry-content\">\n<div id=\"attachment_211\" class=\"wp-caption aligncenter\" data-shortcode=\"caption\">\n<p><a href=\"https:\/\/letruppecoloniali.files.wordpress.com\/2013\/03\/spahis.jpg\"><img loading=\"lazy\" decoding=\"async\" class=\" wp-image-211 \" src=\"https:\/\/letruppecoloniali.files.wordpress.com\/2013\/03\/spahis.jpg?w=213&amp;h=240\" sizes=\"(max-width: 213px) 100vw, 213px\" srcset=\"https:\/\/letruppecoloniali.files.wordpress.com\/2013\/03\/spahis.jpg?w=213&amp;h=240 213w, https:\/\/letruppecoloniali.files.wordpress.com\/2013\/03\/spahis.jpg?w=133&amp;h=150 133w, https:\/\/letruppecoloniali.files.wordpress.com\/2013\/03\/spahis.jpg?w=267&amp;h=300 267w, https:\/\/letruppecoloniali.files.wordpress.com\/2013\/03\/spahis.jpg 408w\" alt=\"Rappresentazione di Spahis\" width=\"213\" height=\"240\" aria-describedby=\"caption-attachment-211\" data-attachment-id=\"211\" data-permalink=\"https:\/\/letruppecoloniali.wordpress.com\/regio-corpo-truppe-coloniali\/specialita-e-reparti-delle-truppe-coloniali\/spahis\/spahis-2\/\" data-orig-file=\"https:\/\/letruppecoloniali.files.wordpress.com\/2013\/03\/spahis.jpg\" data-orig-size=\"408,459\" data-comments-opened=\"1\" data-image-meta=\"{&quot;aperture&quot;:&quot;0&quot;,&quot;credit&quot;:&quot;&quot;,&quot;camera&quot;:&quot;&quot;,&quot;caption&quot;:&quot;&quot;,&quot;created_timestamp&quot;:&quot;0&quot;,&quot;copyright&quot;:&quot;&quot;,&quot;focal_length&quot;:&quot;0&quot;,&quot;iso&quot;:&quot;0&quot;,&quot;shutter_speed&quot;:&quot;0&quot;,&quot;title&quot;:&quot;&quot;}\" data-image-title=\"Spahis\" data-image-description=\"\" data-medium-file=\"https:\/\/letruppecoloniali.files.wordpress.com\/2013\/03\/spahis.jpg?w=267\" data-large-file=\"https:\/\/letruppecoloniali.files.wordpress.com\/2013\/03\/spahis.jpg?w=408\" \/><\/a><\/p>\n<p>Bench\u00e9 comandati da ufficiali italiani, gli <i>spahis<\/i>\u00a0mantennero usi e costumi consoni alle tradizioni locali, differentemente dai normali reggimenti di cavalleria libica (i\u00a0<i>savari<\/i>). Indossavano un vestito pittoresco, modellato su quello di alcune trib\u00f9 berbere del deserto (dalle quali essi spesso provenivano). In guerra, quasi costante era l\u2019utilizzo del\u00a0<strong><i>burnus<\/i><\/strong>, un ampio mantello bianco con cappuccio. Il pi\u00f9 famoso gruppo di Spahis italiani fu quello di\u00a0Amedeo Guillet. Nel 1935 il &#8220;<strong>comandante Diavolo<\/strong>&#8221; (come fu soprannominato Guillet) ottenne il trasferimento in Libia presso un reparto di Spahis. Nell&#8217;ottobre del\u00a01935\u00a0partecip\u00f2, come comandante di plotone degli Spahis di Libia, alle prime azioni della\u00a0guerra di Etiopia. Il 24 dicembre dello stesso anno venne ferito gravemente alla mano sinistra durante la battaglia di Selaclacl\u00e0, dove si distinsero i suoi duecento Spahis. Al termine delle ostilit\u00e0, il 5 maggio del\u00a01936, venne decorato a\u00a0Tripoli\u00a0dal maresciallo d&#8217;Italia\u00a0Italo Balbo\u00a0per il suo esemplare e coraggioso comportamento in combattimento. Il mese successivo sfil\u00f2 a\u00a0Roma, in occasione del primo anniversario dell&#8217;Impero, alla testa delle unit\u00e0 Spahis.<\/p>\n<\/div>\n<\/div>\n<p>&nbsp;<\/p>\n<p>&nbsp;<\/p>\n<p><img loading=\"lazy\" decoding=\"async\" class=\"alignnone wp-image-2917\" src=\"https:\/\/www.thefinitive.com\/wp-content\/uploads\/2019\/08\/ahmara.jpg\" alt=\"\" width=\"259\" height=\"382\" srcset=\"https:\/\/thefinitive.com\/wp-content\/uploads\/2019\/08\/ahmara.jpg 563w, https:\/\/thefinitive.com\/wp-content\/uploads\/2019\/08\/ahmara-64x94.jpg 64w, https:\/\/thefinitive.com\/wp-content\/uploads\/2019\/08\/ahmara-203x300.jpg 203w\" sizes=\"(max-width: 259px) 100vw, 259px\" \/>\u00a0 <img loading=\"lazy\" decoding=\"async\" class=\"alignnone wp-image-2919\" src=\"https:\/\/www.thefinitive.com\/wp-content\/uploads\/2019\/08\/burnus4.jpg\" alt=\"burnus truppe coloniali aoi\" width=\"184\" height=\"380\" srcset=\"https:\/\/thefinitive.com\/wp-content\/uploads\/2019\/08\/burnus4.jpg 522w, https:\/\/thefinitive.com\/wp-content\/uploads\/2019\/08\/burnus4-64x132.jpg 64w, https:\/\/thefinitive.com\/wp-content\/uploads\/2019\/08\/burnus4-145x300.jpg 145w, https:\/\/thefinitive.com\/wp-content\/uploads\/2019\/08\/burnus4-495x1024.jpg 495w\" sizes=\"(max-width: 184px) 100vw, 184px\" \/><\/p>\n<p>&nbsp;<\/p>\n<p>Fonti <a href=\"https:\/\/it.wikipedia.org\/wiki\/Burnus\">Wikipedia<\/a> , <a href=\"http:\/\/www.albertoparducci.it\/photo_gallery\/ascari9.htm\">foto<\/a>\u00a0 <a href=\"https:\/\/i.pinimg.com\/236x\/34\/5d\/aa\/345daa555345a7e6dc512e85ed097d93--soldati-penna.jpg\">archivi<\/a> vari<\/p>\n<p>&nbsp;<\/p>\n<p>9.19<\/p>\n","protected":false},"excerpt":{"rendered":"<p><strong>BURNUS<\/strong> , mantello usato dalle <strong>truppe coloniali<\/strong> , in rarissima misura piccola , per bambino. In condizioni eccezionali, assolutamente perfetto, senza danni, completo dei fiocchetti pendenti . Misure circa cm.95 x cm.85.<\/p>\n<p style=\"text-align: center;\"><strong><em>(Scorri la pagina in basso per ulteriori dettagli e informazioni)<\/em><\/strong><\/p>\n","protected":false},"featured_media":2902,"comment_status":"open","ping_status":"closed","template":"","meta":[],"product_cat":[586],"product_tag":[164,163,350,349,155,169,352,351,348],"yoast_head":"<!-- This site is optimized with the Yoast SEO plugin v21.9.1 - https:\/\/yoast.com\/wordpress\/plugins\/seo\/ -->\n<title>\u274c\ud83d\ude41BURNUS Truppe Coloniali AOI - Regio Esercito - bambino - Thefinitive<\/title>\n<meta name=\"description\" content=\"Burnus per ufficiale Regio Corpo Truppe Coloniali RCTC - Spahis - Ahmara - Guardia Vicereale - PAI Polizia Africa Italiana - AOI\" \/>\n<meta name=\"robots\" content=\"index, follow, max-snippet:-1, max-image-preview:large, max-video-preview:-1\" \/>\n<link rel=\"canonical\" href=\"https:\/\/thefinitive.com\/en\/prodotto\/burnus-truppe-coloniali-aoi-regio-esercito-bambino\/\" \/>\n<meta property=\"og:locale\" content=\"en_US\" \/>\n<meta property=\"og:type\" content=\"article\" \/>\n<meta property=\"og:title\" content=\"\u274c\ud83d\ude41BURNUS Truppe Coloniali AOI - Regio Esercito - bambino - Thefinitive\" \/>\n<meta property=\"og:description\" content=\"Burnus per ufficiale Regio Corpo Truppe Coloniali RCTC - Spahis - Ahmara - Guardia Vicereale - PAI Polizia Africa Italiana - AOI\" \/>\n<meta property=\"og:url\" content=\"https:\/\/thefinitive.com\/en\/prodotto\/burnus-truppe-coloniali-aoi-regio-esercito-bambino\/\" \/>\n<meta property=\"og:site_name\" content=\"Thefinitive\" \/>\n<meta property=\"article:publisher\" content=\"https:\/\/business.facebook.com\/Thefinitive-111771813534320\/\" \/>\n<meta property=\"article:modified_time\" content=\"2023-03-20T14:59:49+00:00\" \/>\n<meta property=\"og:image\" content=\"https:\/\/thefinitive.com\/wp-content\/uploads\/2019\/08\/20190818_102135.jpg\" \/>\n\t<meta property=\"og:image:width\" content=\"2160\" \/>\n\t<meta property=\"og:image:height\" content=\"2160\" \/>\n\t<meta property=\"og:image:type\" content=\"image\/jpeg\" \/>\n<meta name=\"twitter:card\" content=\"summary_large_image\" \/>\n<meta name=\"twitter:label1\" content=\"Est. reading time\" \/>\n\t<meta name=\"twitter:data1\" content=\"4 minutes\" \/>\n<script type=\"application\/ld+json\" class=\"yoast-schema-graph\">{\"@context\":\"https:\/\/schema.org\",\"@graph\":[{\"@type\":\"WebPage\",\"@id\":\"https:\/\/thefinitive.com\/en\/prodotto\/burnus-truppe-coloniali-aoi-regio-esercito-bambino\/\",\"url\":\"https:\/\/thefinitive.com\/en\/prodotto\/burnus-truppe-coloniali-aoi-regio-esercito-bambino\/\",\"name\":\"\u274c\ud83d\ude41BURNUS Truppe Coloniali AOI - Regio Esercito - bambino - Thefinitive\",\"isPartOf\":{\"@id\":\"https:\/\/thefinitive.com\/en\/#website\"},\"datePublished\":\"2019-08-19T11:54:36+00:00\",\"dateModified\":\"2023-03-20T14:59:49+00:00\",\"description\":\"Burnus per ufficiale Regio Corpo Truppe Coloniali RCTC - Spahis - Ahmara - Guardia Vicereale - PAI Polizia Africa Italiana - AOI\",\"breadcrumb\":{\"@id\":\"https:\/\/thefinitive.com\/en\/prodotto\/burnus-truppe-coloniali-aoi-regio-esercito-bambino\/#breadcrumb\"},\"inLanguage\":\"en-US\",\"potentialAction\":[{\"@type\":\"ReadAction\",\"target\":[\"https:\/\/thefinitive.com\/en\/prodotto\/burnus-truppe-coloniali-aoi-regio-esercito-bambino\/\"]}]},{\"@type\":\"BreadcrumbList\",\"@id\":\"https:\/\/thefinitive.com\/en\/prodotto\/burnus-truppe-coloniali-aoi-regio-esercito-bambino\/#breadcrumb\",\"itemListElement\":[{\"@type\":\"ListItem\",\"position\":1,\"name\":\"Home\",\"item\":\"https:\/\/thefinitive.com\/en\/\"},{\"@type\":\"ListItem\",\"position\":2,\"name\":\"Shop\",\"item\":\"https:\/\/thefinitive.com\/en\/shop-2\/\"},{\"@type\":\"ListItem\",\"position\":3,\"name\":\"\u274c\ud83d\ude41BURNUS Truppe Coloniali AOI &#8211; Regio Esercito &#8211; bambino\"}]},{\"@type\":\"WebSite\",\"@id\":\"https:\/\/thefinitive.com\/en\/#website\",\"url\":\"https:\/\/thefinitive.com\/en\/\",\"name\":\"Thefinitive\",\"description\":\"Antiquariato Online\",\"publisher\":{\"@id\":\"https:\/\/thefinitive.com\/en\/#organization\"},\"potentialAction\":[{\"@type\":\"SearchAction\",\"target\":{\"@type\":\"EntryPoint\",\"urlTemplate\":\"https:\/\/thefinitive.com\/en\/?s={search_term_string}\"},\"query-input\":\"required name=search_term_string\"}],\"inLanguage\":\"en-US\"},{\"@type\":\"Organization\",\"@id\":\"https:\/\/thefinitive.com\/en\/#organization\",\"name\":\"Thefinitive\",\"url\":\"https:\/\/thefinitive.com\/en\/\",\"logo\":{\"@type\":\"ImageObject\",\"inLanguage\":\"en-US\",\"@id\":\"https:\/\/thefinitive.com\/en\/#\/schema\/logo\/image\/\",\"url\":\"https:\/\/thefinitive.com\/wp-content\/uploads\/2019\/07\/logo4vett.svg\",\"contentUrl\":\"https:\/\/thefinitive.com\/wp-content\/uploads\/2019\/07\/logo4vett.svg\",\"width\":500,\"height\":100,\"caption\":\"Thefinitive\"},\"image\":{\"@id\":\"https:\/\/thefinitive.com\/en\/#\/schema\/logo\/image\/\"},\"sameAs\":[\"https:\/\/business.facebook.com\/Thefinitive-111771813534320\/\",\"https:\/\/www.instagram.com\/_thefinitive_\/\"]}]}<\/script>\n<!-- \/ Yoast SEO plugin. -->","yoast_head_json":{"title":"\u274c\ud83d\ude41BURNUS Truppe Coloniali AOI - Regio Esercito - bambino - Thefinitive","description":"Burnus per ufficiale Regio Corpo Truppe Coloniali RCTC - Spahis - Ahmara - Guardia Vicereale - PAI Polizia Africa Italiana - AOI","robots":{"index":"index","follow":"follow","max-snippet":"max-snippet:-1","max-image-preview":"max-image-preview:large","max-video-preview":"max-video-preview:-1"},"canonical":"https:\/\/thefinitive.com\/en\/prodotto\/burnus-truppe-coloniali-aoi-regio-esercito-bambino\/","og_locale":"en_US","og_type":"article","og_title":"\u274c\ud83d\ude41BURNUS Truppe Coloniali AOI - Regio Esercito - bambino - Thefinitive","og_description":"Burnus per ufficiale Regio Corpo Truppe Coloniali RCTC - Spahis - Ahmara - Guardia Vicereale - PAI Polizia Africa Italiana - AOI","og_url":"https:\/\/thefinitive.com\/en\/prodotto\/burnus-truppe-coloniali-aoi-regio-esercito-bambino\/","og_site_name":"Thefinitive","article_publisher":"https:\/\/business.facebook.com\/Thefinitive-111771813534320\/","article_modified_time":"2023-03-20T14:59:49+00:00","og_image":[{"width":2160,"height":2160,"url":"https:\/\/thefinitive.com\/wp-content\/uploads\/2019\/08\/20190818_102135.jpg","type":"image\/jpeg"}],"twitter_card":"summary_large_image","twitter_misc":{"Est. reading time":"4 minutes"},"schema":{"@context":"https:\/\/schema.org","@graph":[{"@type":"WebPage","@id":"https:\/\/thefinitive.com\/en\/prodotto\/burnus-truppe-coloniali-aoi-regio-esercito-bambino\/","url":"https:\/\/thefinitive.com\/en\/prodotto\/burnus-truppe-coloniali-aoi-regio-esercito-bambino\/","name":"\u274c\ud83d\ude41BURNUS Truppe Coloniali AOI - Regio Esercito - bambino - Thefinitive","isPartOf":{"@id":"https:\/\/thefinitive.com\/en\/#website"},"datePublished":"2019-08-19T11:54:36+00:00","dateModified":"2023-03-20T14:59:49+00:00","description":"Burnus per ufficiale Regio Corpo Truppe Coloniali RCTC - Spahis - Ahmara - Guardia Vicereale - PAI Polizia Africa Italiana - AOI","breadcrumb":{"@id":"https:\/\/thefinitive.com\/en\/prodotto\/burnus-truppe-coloniali-aoi-regio-esercito-bambino\/#breadcrumb"},"inLanguage":"en-US","potentialAction":[{"@type":"ReadAction","target":["https:\/\/thefinitive.com\/en\/prodotto\/burnus-truppe-coloniali-aoi-regio-esercito-bambino\/"]}]},{"@type":"BreadcrumbList","@id":"https:\/\/thefinitive.com\/en\/prodotto\/burnus-truppe-coloniali-aoi-regio-esercito-bambino\/#breadcrumb","itemListElement":[{"@type":"ListItem","position":1,"name":"Home","item":"https:\/\/thefinitive.com\/en\/"},{"@type":"ListItem","position":2,"name":"Shop","item":"https:\/\/thefinitive.com\/en\/shop-2\/"},{"@type":"ListItem","position":3,"name":"\u274c\ud83d\ude41BURNUS Truppe Coloniali AOI &#8211; Regio Esercito &#8211; bambino"}]},{"@type":"WebSite","@id":"https:\/\/thefinitive.com\/en\/#website","url":"https:\/\/thefinitive.com\/en\/","name":"Thefinitive","description":"Antiquariato Online","publisher":{"@id":"https:\/\/thefinitive.com\/en\/#organization"},"potentialAction":[{"@type":"SearchAction","target":{"@type":"EntryPoint","urlTemplate":"https:\/\/thefinitive.com\/en\/?s={search_term_string}"},"query-input":"required name=search_term_string"}],"inLanguage":"en-US"},{"@type":"Organization","@id":"https:\/\/thefinitive.com\/en\/#organization","name":"Thefinitive","url":"https:\/\/thefinitive.com\/en\/","logo":{"@type":"ImageObject","inLanguage":"en-US","@id":"https:\/\/thefinitive.com\/en\/#\/schema\/logo\/image\/","url":"https:\/\/thefinitive.com\/wp-content\/uploads\/2019\/07\/logo4vett.svg","contentUrl":"https:\/\/thefinitive.com\/wp-content\/uploads\/2019\/07\/logo4vett.svg","width":500,"height":100,"caption":"Thefinitive"},"image":{"@id":"https:\/\/thefinitive.com\/en\/#\/schema\/logo\/image\/"},"sameAs":["https:\/\/business.facebook.com\/Thefinitive-111771813534320\/","https:\/\/www.instagram.com\/_thefinitive_\/"]}]}},"_links":{"self":[{"href":"https:\/\/thefinitive.com\/en\/wp-json\/wp\/v3\/product\/2901"}],"collection":[{"href":"https:\/\/thefinitive.com\/en\/wp-json\/wp\/v3\/product"}],"about":[{"href":"https:\/\/thefinitive.com\/en\/wp-json\/wp\/v2\/types\/product"}],"replies":[{"embeddable":true,"href":"https:\/\/thefinitive.com\/en\/wp-json\/wp\/v2\/comments?post=2901"}],"version-history":[{"count":2,"href":"https:\/\/thefinitive.com\/en\/wp-json\/wp\/v3\/product\/2901\/revisions"}],"predecessor-version":[{"id":14874,"href":"https:\/\/thefinitive.com\/en\/wp-json\/wp\/v3\/product\/2901\/revisions\/14874"}],"wp:featuredmedia":[{"embeddable":true,"href":"https:\/\/thefinitive.com\/en\/wp-json\/wp\/v2\/media\/2902"}],"wp:attachment":[{"href":"https:\/\/thefinitive.com\/en\/wp-json\/wp\/v2\/media?parent=2901"}],"wp:term":[{"taxonomy":"product_cat","embeddable":true,"href":"https:\/\/thefinitive.com\/en\/wp-json\/wp\/v2\/product_cat?post=2901"},{"taxonomy":"product_tag","embeddable":true,"href":"https:\/\/thefinitive.com\/en\/wp-json\/wp\/v2\/product_tag?post=2901"}],"curies":[{"name":"wp","href":"https:\/\/api.w.org\/{rel}","templated":true}]}}