{"id":2850,"date":"2019-08-17T18:20:55","date_gmt":"2019-08-17T18:20:55","guid":{"rendered":"https:\/\/www.thefinitive.com\/?post_type=product&#038;p=2850"},"modified":"2023-03-20T15:59:51","modified_gmt":"2023-03-20T14:59:51","slug":"bing-battle-ship-wind-up-nave-da-guerra-1920s","status":"publish","type":"product","link":"https:\/\/thefinitive.com\/en\/prodotto\/bing-battle-ship-wind-up-nave-da-guerra-1920s\/","title":{"rendered":"\u274c\ud83d\ude41BING Battle Ship nave da guerra &#8211; Latta Tin &#8211; Wind Up &#8217;20s"},"content":{"rendered":"<p><strong>BING <\/strong>nave da guerra , tipologia <strong>cacciatorpediniere<\/strong>, tin toy <em>Destroyer Battle Ship. <\/em> Marcata <strong>GBN BAVARIA<\/strong> all&#8217;interno di una losanga, sinonimo di produzione tedesca <strong>Made<\/strong> <strong>in Germany<\/strong> , periodo <strong>1910<\/strong>\u00a0&#8211; <strong>1925<\/strong>. Il giocattolo \u00e8 in latta dipinta a mano , con lo scafo nei classici colori grigio e nero, per le navi da guerra. Il giocattolo \u00e8 fornito di meccanismo di carica a molla, funzionante, tramite chiavetta da inserirsi sull&#8217;albero del motore situato all&#8217;interno di uno dei due fumaioli della nave, che provvede a far girare l&#8217;elica situata a poppa. Sul ponte della cacciatorpediniera\u00a0 abbiamo due fumaioli, due cannoni girevoli , e due cannoncini laterali alla sovrastruttura di controllo\/comando. Il timone \u00e8 orientabile.<\/p>\n<p>In buone condizioni di conservazione, con mancanze alla vernice.<\/p>\n<p>&nbsp;<\/p>\n<p><strong>MATERIALE\u00a0 \u00a0 \u00a0:\u00a0<\/strong> Latta dipinta a mano<\/p>\n<p><strong>MISURE\u00a0 \u00a0 \u00a0 \u00a0 \u00a0 \u00a0 :<\/strong>\u00a0 cm.30 circa lunghezza<\/p>\n<p><strong>MARCHIO\u00a0 \u00a0 \u00a0 \u00a0 \u00a0:<\/strong>\u00a0 BING &#8211; GBN BAVARIA<\/p>\n<h2 style=\"text-align: left;\"><\/h2>\n<div class=\"thumb tright\">\n<div class=\"thumbinner\">\n<div class=\"thumb tright\">\n<div class=\"thumbinner\">\n<h2 style=\"text-align: left;\">NOTIZIE<\/h2>\n<div class=\"thumb tright\">\n<div class=\"thumbinner\">\n<p>&nbsp;<\/p>\n<p><img loading=\"lazy\" decoding=\"async\" class=\"alignnone wp-image-2859 size-full\" src=\"https:\/\/www.thefinitive.com\/wp-content\/uploads\/2019\/08\/bing3.jpg\" alt=\"bing battle ship nave\" width=\"278\" height=\"182\" srcset=\"https:\/\/thefinitive.com\/wp-content\/uploads\/2019\/08\/bing3.jpg 278w, https:\/\/thefinitive.com\/wp-content\/uploads\/2019\/08\/bing3-64x42.jpg 64w\" sizes=\"(max-width: 278px) 100vw, 278px\" \/><\/p>\n<p>La ditta<strong> Bing<\/strong> o Gebr\u00fcder Bing (&#8220;fratelli Bing&#8221;) era una ditta di giocattoli tedesca fondata nel <strong>1863<\/strong> a <strong>Norimberga<\/strong>, in Germania da due fratelli, Ignaz e Adolf Bing. Originariamente produceva utensili da cucina in metallo, ma ricordiamo soprattutto i treni con motori a vapore, navi, automobili.<\/p>\n<p>La societ\u00e0 all&#8217;inizio produceva stoviglie in peltro e rame , prima di passare\u00a0 alla produzione di giocattoli nel <strong>1880<\/strong>, con i loro primi <strong>orsacchiotti<\/strong> nel 1907.\u00a0 All&#8217;inizio del XX secolo, Bing era la pi\u00f9 grande azienda di giocattoli del mondo.\u00a0 Lo &#8220;stile di Norimberga&#8221; della produzione di giocattoli su fogli di acciaio con disegni litografati che venivano stampati nel metallo, formati e assemblati usando linguette e fessure, \u00e8 stato perfezionato proprio dalla Bing, e questo metodo di produzione rimase molto diffuso fino agli anni &#8217;50.<\/p>\n<\/div>\n<div class=\"thumbinner\">\n<h3><span id=\"Toy_Trains\" class=\"mw-headline\"><img loading=\"lazy\" decoding=\"async\" class=\"alignnone size-full wp-image-2861\" src=\"https:\/\/www.thefinitive.com\/wp-content\/uploads\/2019\/08\/bing4.jpg\" alt=\"bing gbn bavaria toy\" width=\"259\" height=\"194\" srcset=\"https:\/\/thefinitive.com\/wp-content\/uploads\/2019\/08\/bing4.jpg 259w, https:\/\/thefinitive.com\/wp-content\/uploads\/2019\/08\/bing4-64x48.jpg 64w\" sizes=\"(max-width: 259px) 100vw, 259px\" \/><\/span><\/h3>\n<h3><\/h3>\n<h3><span id=\"Toy_Trains\" class=\"mw-headline\">Treni\u00a0<\/span><\/h3>\n<\/div>\n<\/div>\n<\/div>\n<\/div>\n<p>&nbsp;<\/p>\n<div class=\"thumb tright\">\n<div class=\"thumbinner\">\n<div class=\"thumb tright\">\n<div class=\"thumbinner\">\n<p><img loading=\"lazy\" decoding=\"async\" class=\"alignnone wp-image-2860\" src=\"https:\/\/www.thefinitive.com\/wp-content\/uploads\/2019\/08\/bing8.jpg\" alt=\"bing gbn bavaria train\" width=\"260\" height=\"344\" srcset=\"https:\/\/thefinitive.com\/wp-content\/uploads\/2019\/08\/bing8.jpg 195w, https:\/\/thefinitive.com\/wp-content\/uploads\/2019\/08\/bing8-64x85.jpg 64w\" sizes=\"(max-width: 260px) 100vw, 260px\" \/><\/p>\n<p>I primi treni <strong>Bing<\/strong> arrivarono sul mercato nel <strong>1880<\/strong>, a concorrere con la grande fabbrica <strong>Marklin<\/strong>, che nel <strong>1891<\/strong> formalizz\u00f2 diversi standard per gli scartamento dei binari; anche la Bing li adott\u00f2 e aggiunse lo scartamento <strong>O<\/strong> nel <strong>1895<\/strong> e lo scartamento <strong>III<\/strong> (2,5 pollici). All&#8217;inizio degli anni 1920, sotto l&#8217;egida di <strong>Bassett-Lowke<\/strong>, Bing introdusse un calibro ancora pi\u00f9 piccolo, che chiam\u00f2 <strong>OO<\/strong>. Della ditta BING famose sono anche le meravigliose navi da guerra, battle ship, navi passeggeri, che rivaleggiarono con la stessa linea di prodotti della Marklin, che produsse per\u00f2 la prima nave fin dalla seconda met\u00e0 dell&#8217;800, eccellendo in questo settore. La <em>Bing<\/em> produsse numerosi articoli per l&#8217;esportazione che furono poi venduti con il proprio nome o per altre societ\u00e0. Ha prodotto treni progettati per il mercato britannico per Bassett-Lowke e A. W. Gamage,\u00a0 ha prodotto treni per il mercato nordamericano, che ha esportato e commercializzato da solo. All&#8217;inizio del 20 \u00b0 secolo, Bing si batt\u00e9 per la quota di mercato con la Ives Manufacturing Company. Nel corso della loro storia, le due societ\u00e0 si sarebbero spesso copiate reciprocamente i disegni. In alcuni casi, le due societ\u00e0 hanno persino usato lo stesso numero di catalogo sui loro prodotti. A causa della manodopera tedesca a basso costo e dei bassi costi di spedizione e dazi doganali, Bing era in grado di ridurre i suoi prezzi rispetto a quelli dei suoi concorrenti statunitensi. Nel 1914, la <strong>Bing<\/strong> aveva <strong>5.000<\/strong> impiegati. In confronto, la <strong>M\u00e4rklin<\/strong> ne impiegava <strong>600<\/strong>.<\/p>\n<h2><span id=\"World_War_I_and_its_aftermath\" class=\"mw-headline\">Periodo bellico<\/span><\/h2>\n<p>La <strong>prima guerra mondiale<\/strong> costrinse Bing a uscire dal mercato delle esportazioni mentre la compagnia era al suo apice. Nel 1916, Ives e la societ\u00e0 A. C. Gilbert formarono la Toy Manufacturers Association e fecero pressioni per proteggere la crescente industria manifatturiera statunitense di giocattoli, che era cresciuta in assenza di concorrenza straniera. Di conseguenza, le tariffe sui giocattoli tedeschi\u00a0 aumentarono dal 35% al \u200b\u200b70%. Inoltre, la morte del fondatore dell&#8217;azienda, Ignaz Bing, nel 1918 cre\u00f2 un vuoto nella leadership.<\/p>\n<p>I salari tedeschi aumentarono dopo la guerra, cos\u00ec come i costi di spedizione e l&#8217;inflazione. Ci\u00f2 ha creato un clima sfavorevole per le esportazioni tedesche.\u00a0Nonostante alcune battute d&#8217;arresto, nel 1921 la Bing si era stabilita sul mercato statunitense, in gran parte attraverso le vendite del rivenditore\u00a0 <strong>Sears, Roebuck &amp; Co<\/strong>. Tuttavia, nel 1925, anche Lionel vendeva attraverso Sears, e Bing si ritrov\u00f2 rapidamente schiacciata dalla concorrenza, tentando di compensare le perdite aumentando la sua presenza in Canada.<\/p>\n<h2>Declino della Bing<\/h2>\n<p>Dal <strong>1927<\/strong>, Bing\u00a0 versava in gravi difficolt\u00e0 finanziarie e il presidente , Stephan Bing, e suo figlio, lasciarono l&#8217;azienda, inizialmente andando a lavorare con un&#8217;altra societ\u00e0 di giocattoli con sede a Norimberga.<\/p>\n<p>Nel <strong>1932<\/strong>, Bing era in liquidazione e i Bings, che erano ebrei, fuggirono in Inghilterra a causa dell&#8217;ascesa di Adolf\u00a0 Hitler. La societ\u00e0 <strong>cess\u00f2 definitivamente l&#8217;attivit\u00e0<\/strong> nel <strong>1933<\/strong>. Gran parte della sua attrezzatura fu acquisita da <strong>Bub<\/strong>, un&#8217;azienda rivale di giocattoli.<\/p>\n<h2>Marchi BING<\/h2>\n<p><strong>1882-1902<\/strong>\u00a0 \u00a0 Statua che regge uno scudo con le lettere &#8220;<strong>GBN<\/strong>&#8221; (per &#8220;Gebr\u00fcder Bing N\u00fcrnberg&#8221;)<br \/>\n<strong>1902\u00a0 \u00a0\u00a0<\/strong>\u00a0 \u00a0 \u00a0 \u00a0 \u00a0 \u00a0(versione di breve durata) Cerchio con le lettere &#8220;<strong>GBN<\/strong>&#8221;<br \/>\n<strong>1902-1907<\/strong>\u00a0 \u00a0Diamante \/ Losanga con le lettere &#8220;<strong>GBN<\/strong>&#8221;<br \/>\n<strong>1908-1925<\/strong>\u00a0 \u00a0Diamante \/ Losanga con le lettere &#8220;<strong>GBN<\/strong>&#8221; e &#8220;<strong>Bavaria<\/strong>&#8221; in basso<br \/>\n<strong>1925-1934<\/strong>\u00a0 \u00a0Lettere stilizzate da <strong>B<\/strong> a <strong>W<\/strong> (per &#8220;<strong>Bing Werke<\/strong>&#8220;)<\/p>\n<p><em>&#8230; alcuni esempi &#8230;<\/em><\/p>\n<\/div>\n<\/div>\n<\/div>\n<\/div>\n<\/div>\n<\/div>\n<p><img loading=\"lazy\" decoding=\"async\" class=\"alignnone wp-image-2856\" src=\"https:\/\/www.thefinitive.com\/wp-content\/uploads\/2019\/08\/bing7.jpg\" alt=\"bing gbn bavaria toy\" width=\"282\" height=\"143\" srcset=\"https:\/\/thefinitive.com\/wp-content\/uploads\/2019\/08\/bing7.jpg 987w, https:\/\/thefinitive.com\/wp-content\/uploads\/2019\/08\/bing7-64x32.jpg 64w, https:\/\/thefinitive.com\/wp-content\/uploads\/2019\/08\/bing7-300x152.jpg 300w, https:\/\/thefinitive.com\/wp-content\/uploads\/2019\/08\/bing7-768x389.jpg 768w\" sizes=\"(max-width: 282px) 100vw, 282px\" \/>\u00a0 <img loading=\"lazy\" decoding=\"async\" class=\"alignnone size-full wp-image-2857\" src=\"https:\/\/www.thefinitive.com\/wp-content\/uploads\/2019\/08\/bing1.jpg\" alt=\"bing gbn bavaria toy\" width=\"147\" height=\"130\" srcset=\"https:\/\/thefinitive.com\/wp-content\/uploads\/2019\/08\/bing1.jpg 147w, https:\/\/thefinitive.com\/wp-content\/uploads\/2019\/08\/bing1-64x57.jpg 64w\" sizes=\"(max-width: 147px) 100vw, 147px\" \/><\/p>\n<p><img loading=\"lazy\" decoding=\"async\" class=\"alignnone wp-image-2858 size-full\" src=\"https:\/\/www.thefinitive.com\/wp-content\/uploads\/2019\/08\/bing2.png\" alt=\"bing battle ship nave\" width=\"156\" height=\"130\" srcset=\"https:\/\/thefinitive.com\/wp-content\/uploads\/2019\/08\/bing2.png 156w, https:\/\/thefinitive.com\/wp-content\/uploads\/2019\/08\/bing2-64x53.png 64w\" sizes=\"(max-width: 156px) 100vw, 156px\" \/><\/p>\n<p>&nbsp;<\/p>\n<p>Fonti \u00a0<em>Wikipedia, Web<\/em><\/p>\n<p>&nbsp;<\/p>\n<p>9.19<\/p>\n","protected":false},"excerpt":{"rendered":"<p><strong>BING <\/strong>nave da guerra , marcata <strong>GBN BAVARIA<\/strong> all&#8217;interno di una losanga ( giocattolo <strong>Made<\/strong> <strong>in Germany<\/strong> , periodo <b>1910<\/b>&#8211; <strong>1925 ). <\/strong>Realizzata in latta dipinta a mano , grigio e nero, con meccanismo di carica a molla funzionante. Elica girevole, timone orientabile. Nave armata di due cannoni grandi girevoli , e due cannoncini.<\/p>\n<p>In buone condizioni di conservazione, con mancanze alla vernice., misura circa cm.30 di lunghezza<\/p>\n<p>&nbsp;<\/p>\n<p style=\"text-align: center;\"><strong><em>(Scorri la pagina in basso per ulteriori dettagli e informazioni)<\/em><\/strong><\/p>\n<p>&nbsp;<\/p>\n<p>&nbsp;<\/p>\n","protected":false},"featured_media":2779,"comment_status":"open","ping_status":"closed","template":"","meta":[],"product_cat":[586],"product_tag":[414,335,337,345,344,327,253,336,346,347,339],"yoast_head":"<!-- This site is optimized with the Yoast SEO plugin v21.9.1 - https:\/\/yoast.com\/wordpress\/plugins\/seo\/ -->\n<title>\u274c\ud83d\ude41BING Battle Ship nave da guerra - Latta Tin - Wind Up &#039;20s - Thefinitive<\/title>\n<meta name=\"description\" content=\"BING tin battle ship - nave da guerra - cacciatorpediniere - Wind Up - Mechanical - Carica a molla - Cannon boat , late &#039;20s\" \/>\n<meta name=\"robots\" content=\"index, follow, max-snippet:-1, max-image-preview:large, max-video-preview:-1\" \/>\n<link rel=\"canonical\" href=\"https:\/\/thefinitive.com\/en\/prodotto\/bing-battle-ship-wind-up-nave-da-guerra-1920s\/\" \/>\n<meta property=\"og:locale\" content=\"en_US\" \/>\n<meta property=\"og:type\" content=\"article\" \/>\n<meta property=\"og:title\" content=\"\u274c\ud83d\ude41BING Battle Ship nave da guerra - Latta Tin - Wind Up &#039;20s - Thefinitive\" \/>\n<meta property=\"og:description\" content=\"BING tin battle ship - nave da guerra - cacciatorpediniere - Wind Up - Mechanical - Carica a molla - Cannon boat , late &#039;20s\" \/>\n<meta property=\"og:url\" content=\"https:\/\/thefinitive.com\/en\/prodotto\/bing-battle-ship-wind-up-nave-da-guerra-1920s\/\" \/>\n<meta property=\"og:site_name\" content=\"Thefinitive\" \/>\n<meta property=\"article:publisher\" content=\"https:\/\/business.facebook.com\/Thefinitive-111771813534320\/\" \/>\n<meta property=\"article:modified_time\" content=\"2023-03-20T14:59:51+00:00\" \/>\n<meta property=\"og:image\" content=\"https:\/\/thefinitive.com\/wp-content\/uploads\/2019\/08\/20190817_120626.jpg\" \/>\n\t<meta property=\"og:image:width\" content=\"2160\" \/>\n\t<meta property=\"og:image:height\" content=\"2160\" \/>\n\t<meta property=\"og:image:type\" content=\"image\/jpeg\" \/>\n<meta name=\"twitter:card\" content=\"summary_large_image\" \/>\n<meta name=\"twitter:label1\" content=\"Est. reading time\" \/>\n\t<meta name=\"twitter:data1\" content=\"4 minutes\" \/>\n<script type=\"application\/ld+json\" class=\"yoast-schema-graph\">{\"@context\":\"https:\/\/schema.org\",\"@graph\":[{\"@type\":\"WebPage\",\"@id\":\"https:\/\/thefinitive.com\/en\/prodotto\/bing-battle-ship-wind-up-nave-da-guerra-1920s\/\",\"url\":\"https:\/\/thefinitive.com\/en\/prodotto\/bing-battle-ship-wind-up-nave-da-guerra-1920s\/\",\"name\":\"\u274c\ud83d\ude41BING Battle Ship nave da guerra - Latta Tin - Wind Up '20s - Thefinitive\",\"isPartOf\":{\"@id\":\"https:\/\/thefinitive.com\/en\/#website\"},\"datePublished\":\"2019-08-17T18:20:55+00:00\",\"dateModified\":\"2023-03-20T14:59:51+00:00\",\"description\":\"BING tin battle ship - nave da guerra - cacciatorpediniere - Wind Up - Mechanical - Carica a molla - Cannon boat , late '20s\",\"breadcrumb\":{\"@id\":\"https:\/\/thefinitive.com\/en\/prodotto\/bing-battle-ship-wind-up-nave-da-guerra-1920s\/#breadcrumb\"},\"inLanguage\":\"en-US\",\"potentialAction\":[{\"@type\":\"ReadAction\",\"target\":[\"https:\/\/thefinitive.com\/en\/prodotto\/bing-battle-ship-wind-up-nave-da-guerra-1920s\/\"]}]},{\"@type\":\"BreadcrumbList\",\"@id\":\"https:\/\/thefinitive.com\/en\/prodotto\/bing-battle-ship-wind-up-nave-da-guerra-1920s\/#breadcrumb\",\"itemListElement\":[{\"@type\":\"ListItem\",\"position\":1,\"name\":\"Home\",\"item\":\"https:\/\/thefinitive.com\/en\/\"},{\"@type\":\"ListItem\",\"position\":2,\"name\":\"Shop\",\"item\":\"https:\/\/thefinitive.com\/en\/shop-2\/\"},{\"@type\":\"ListItem\",\"position\":3,\"name\":\"\u274c\ud83d\ude41BING Battle Ship nave da guerra &#8211; Latta Tin &#8211; Wind Up &#8217;20s\"}]},{\"@type\":\"WebSite\",\"@id\":\"https:\/\/thefinitive.com\/en\/#website\",\"url\":\"https:\/\/thefinitive.com\/en\/\",\"name\":\"Thefinitive\",\"description\":\"Antiquariato Online\",\"publisher\":{\"@id\":\"https:\/\/thefinitive.com\/en\/#organization\"},\"potentialAction\":[{\"@type\":\"SearchAction\",\"target\":{\"@type\":\"EntryPoint\",\"urlTemplate\":\"https:\/\/thefinitive.com\/en\/?s={search_term_string}\"},\"query-input\":\"required name=search_term_string\"}],\"inLanguage\":\"en-US\"},{\"@type\":\"Organization\",\"@id\":\"https:\/\/thefinitive.com\/en\/#organization\",\"name\":\"Thefinitive\",\"url\":\"https:\/\/thefinitive.com\/en\/\",\"logo\":{\"@type\":\"ImageObject\",\"inLanguage\":\"en-US\",\"@id\":\"https:\/\/thefinitive.com\/en\/#\/schema\/logo\/image\/\",\"url\":\"https:\/\/thefinitive.com\/wp-content\/uploads\/2019\/07\/logo4vett.svg\",\"contentUrl\":\"https:\/\/thefinitive.com\/wp-content\/uploads\/2019\/07\/logo4vett.svg\",\"width\":500,\"height\":100,\"caption\":\"Thefinitive\"},\"image\":{\"@id\":\"https:\/\/thefinitive.com\/en\/#\/schema\/logo\/image\/\"},\"sameAs\":[\"https:\/\/business.facebook.com\/Thefinitive-111771813534320\/\",\"https:\/\/www.instagram.com\/_thefinitive_\/\"]}]}<\/script>\n<!-- \/ Yoast SEO plugin. -->","yoast_head_json":{"title":"\u274c\ud83d\ude41BING Battle Ship nave da guerra - Latta Tin - Wind Up '20s - Thefinitive","description":"BING tin battle ship - nave da guerra - cacciatorpediniere - Wind Up - Mechanical - Carica a molla - Cannon boat , late '20s","robots":{"index":"index","follow":"follow","max-snippet":"max-snippet:-1","max-image-preview":"max-image-preview:large","max-video-preview":"max-video-preview:-1"},"canonical":"https:\/\/thefinitive.com\/en\/prodotto\/bing-battle-ship-wind-up-nave-da-guerra-1920s\/","og_locale":"en_US","og_type":"article","og_title":"\u274c\ud83d\ude41BING Battle Ship nave da guerra - Latta Tin - Wind Up '20s - Thefinitive","og_description":"BING tin battle ship - nave da guerra - cacciatorpediniere - Wind Up - Mechanical - Carica a molla - Cannon boat , late '20s","og_url":"https:\/\/thefinitive.com\/en\/prodotto\/bing-battle-ship-wind-up-nave-da-guerra-1920s\/","og_site_name":"Thefinitive","article_publisher":"https:\/\/business.facebook.com\/Thefinitive-111771813534320\/","article_modified_time":"2023-03-20T14:59:51+00:00","og_image":[{"width":2160,"height":2160,"url":"https:\/\/thefinitive.com\/wp-content\/uploads\/2019\/08\/20190817_120626.jpg","type":"image\/jpeg"}],"twitter_card":"summary_large_image","twitter_misc":{"Est. reading time":"4 minutes"},"schema":{"@context":"https:\/\/schema.org","@graph":[{"@type":"WebPage","@id":"https:\/\/thefinitive.com\/en\/prodotto\/bing-battle-ship-wind-up-nave-da-guerra-1920s\/","url":"https:\/\/thefinitive.com\/en\/prodotto\/bing-battle-ship-wind-up-nave-da-guerra-1920s\/","name":"\u274c\ud83d\ude41BING Battle Ship nave da guerra - Latta Tin - Wind Up '20s - Thefinitive","isPartOf":{"@id":"https:\/\/thefinitive.com\/en\/#website"},"datePublished":"2019-08-17T18:20:55+00:00","dateModified":"2023-03-20T14:59:51+00:00","description":"BING tin battle ship - nave da guerra - cacciatorpediniere - Wind Up - Mechanical - Carica a molla - Cannon boat , late '20s","breadcrumb":{"@id":"https:\/\/thefinitive.com\/en\/prodotto\/bing-battle-ship-wind-up-nave-da-guerra-1920s\/#breadcrumb"},"inLanguage":"en-US","potentialAction":[{"@type":"ReadAction","target":["https:\/\/thefinitive.com\/en\/prodotto\/bing-battle-ship-wind-up-nave-da-guerra-1920s\/"]}]},{"@type":"BreadcrumbList","@id":"https:\/\/thefinitive.com\/en\/prodotto\/bing-battle-ship-wind-up-nave-da-guerra-1920s\/#breadcrumb","itemListElement":[{"@type":"ListItem","position":1,"name":"Home","item":"https:\/\/thefinitive.com\/en\/"},{"@type":"ListItem","position":2,"name":"Shop","item":"https:\/\/thefinitive.com\/en\/shop-2\/"},{"@type":"ListItem","position":3,"name":"\u274c\ud83d\ude41BING Battle Ship nave da guerra &#8211; Latta Tin &#8211; Wind Up &#8217;20s"}]},{"@type":"WebSite","@id":"https:\/\/thefinitive.com\/en\/#website","url":"https:\/\/thefinitive.com\/en\/","name":"Thefinitive","description":"Antiquariato Online","publisher":{"@id":"https:\/\/thefinitive.com\/en\/#organization"},"potentialAction":[{"@type":"SearchAction","target":{"@type":"EntryPoint","urlTemplate":"https:\/\/thefinitive.com\/en\/?s={search_term_string}"},"query-input":"required name=search_term_string"}],"inLanguage":"en-US"},{"@type":"Organization","@id":"https:\/\/thefinitive.com\/en\/#organization","name":"Thefinitive","url":"https:\/\/thefinitive.com\/en\/","logo":{"@type":"ImageObject","inLanguage":"en-US","@id":"https:\/\/thefinitive.com\/en\/#\/schema\/logo\/image\/","url":"https:\/\/thefinitive.com\/wp-content\/uploads\/2019\/07\/logo4vett.svg","contentUrl":"https:\/\/thefinitive.com\/wp-content\/uploads\/2019\/07\/logo4vett.svg","width":500,"height":100,"caption":"Thefinitive"},"image":{"@id":"https:\/\/thefinitive.com\/en\/#\/schema\/logo\/image\/"},"sameAs":["https:\/\/business.facebook.com\/Thefinitive-111771813534320\/","https:\/\/www.instagram.com\/_thefinitive_\/"]}]}},"_links":{"self":[{"href":"https:\/\/thefinitive.com\/en\/wp-json\/wp\/v3\/product\/2850"}],"collection":[{"href":"https:\/\/thefinitive.com\/en\/wp-json\/wp\/v3\/product"}],"about":[{"href":"https:\/\/thefinitive.com\/en\/wp-json\/wp\/v2\/types\/product"}],"replies":[{"embeddable":true,"href":"https:\/\/thefinitive.com\/en\/wp-json\/wp\/v2\/comments?post=2850"}],"version-history":[{"count":2,"href":"https:\/\/thefinitive.com\/en\/wp-json\/wp\/v3\/product\/2850\/revisions"}],"predecessor-version":[{"id":14875,"href":"https:\/\/thefinitive.com\/en\/wp-json\/wp\/v3\/product\/2850\/revisions\/14875"}],"wp:featuredmedia":[{"embeddable":true,"href":"https:\/\/thefinitive.com\/en\/wp-json\/wp\/v2\/media\/2779"}],"wp:attachment":[{"href":"https:\/\/thefinitive.com\/en\/wp-json\/wp\/v2\/media?parent=2850"}],"wp:term":[{"taxonomy":"product_cat","embeddable":true,"href":"https:\/\/thefinitive.com\/en\/wp-json\/wp\/v2\/product_cat?post=2850"},{"taxonomy":"product_tag","embeddable":true,"href":"https:\/\/thefinitive.com\/en\/wp-json\/wp\/v2\/product_tag?post=2850"}],"curies":[{"name":"wp","href":"https:\/\/api.w.org\/{rel}","templated":true}]}}