{"id":2440,"date":"2019-08-12T19:58:02","date_gmt":"2019-08-12T19:58:02","guid":{"rendered":"https:\/\/www.thefinitive.com\/?post_type=product&#038;p=2440"},"modified":"2025-10-10T08:04:26","modified_gmt":"2025-10-10T06:04:26","slug":"colonna-celere-starace-gondar-marcia-su-lago-tana","status":"publish","type":"product","link":"https:\/\/thefinitive.com\/en\/prodotto\/colonna-celere-starace-gondar-marcia-su-lago-tana\/","title":{"rendered":"COLONNA CELERE Starace Gondar (marcia su) Lago Tana"},"content":{"rendered":"<p><em><strong>Attestato<\/strong><\/em> per l&#8217;assegnazione del distintivo <strong>USQUE AD FINEM<\/strong> , meglio noto come distintivo della &#8220;<strong>Colonna Celere<\/strong>&#8221; o &#8220;<strong>Marcia su Gondar<\/strong>&#8221; , in virt\u00f9 della partecipazione alle operazioni di conquista di Gondar ed altre localit\u00e0 , dato ai componenti della COLONNA CELERE di <strong>Achille Starace<\/strong>.<\/p>\n<p>Con il grado di <strong>Luogotenente Generale<\/strong> della <strong>MVSN<\/strong> Milizia Volontaria Sicurezza Nazionale, <em>Achille Starace<\/em> allora Segretario del <strong>Partito Nazionale Fascista<\/strong> , viene comandato a dirigere le operazioni in Africa Orientale con la sua Colonna Celere.<\/p>\n<p>A chi avesse preso parte a tali operazioni, venne assegnato il distintivo corredato di relativo attestato, entrambi numerati.\u00a0 Nell&#8217;immagine dell&#8217;attestato nella parte alta sinistra, leggiamo l&#8217;indicazione del\u00a0 <strong>XIV<\/strong> anno dell&#8217;era fascista , il <strong>I dell&#8217;impero<\/strong> . Pi\u00f9 sotto si nota il leone ucciso con un pugnale (il pugnale da marcia in dotazione delle CC.NN. e dei soldati in A.O.I.) , il vessillo fascista che sventola\u00a0 <strong>USQUE AD FINEM <\/strong>(fino alla morte) , e la mappa delle conquiste della marcia : Gondar, Gorgor\u00e0, Bahar, Debra Tabor, Lago Tana , e, nella parte centrale trovano posto insieme al nome del soldato,\u00a0 la dicitura\u00a0 <strong>HA FATTO PARTE DELLA COLONNA CELERE AO<\/strong>\u00a0con la firma in fac-simile del <strong>LUOGOTENENTE GENERALE\u00a0 COMANDANTE<\/strong> <em>Achille Starace<\/em> . Stampato dallo Stabilimento Marzi &#8211; De Simoni , Roma.<\/p>\n<p>Il documento cartaceo \u00e8 in buone condizioni, tuttavia presenta una mancanza all&#8217;angolo superiore sinistro, ed un paio di strappi come ben evidenziato dalle foto. L&#8217;attestato \u00e8 stato compilato ad inchiostro nero con il nome dell&#8217;insignito , un <strong>Caporal Maggiore<\/strong> di cui \u00e8 stato oscurato il cognome solo nel formato digitale, e riporta il numero <strong>84<\/strong> con timbro a tampone.<\/p>\n<p>Misure approssimative dell&#8217;attestato , cm. 30 x 25<\/p>\n<p>&nbsp;<\/p>\n<h2 style=\"text-align: left;\">NOTIZIE<\/h2>\n<h3>Storia operativa &#8211; dal 5 Marzo 1936<\/h3>\n<p align=\"justify\"><span style=\"font-family: Verdana; font-size: small;\"><img loading=\"lazy\" decoding=\"async\" class=\"alignnone size-medium wp-image-2446\" src=\"https:\/\/www.thefinitive.com\/wp-content\/uploads\/2019\/08\/330px-Achille_Starace_in_Africa_Orientale-212x300.jpg\" alt=\"achille starace colonna celere\" width=\"212\" height=\"300\" srcset=\"https:\/\/thefinitive.com\/wp-content\/uploads\/2019\/08\/330px-Achille_Starace_in_Africa_Orientale-212x300.jpg 212w, https:\/\/thefinitive.com\/wp-content\/uploads\/2019\/08\/330px-Achille_Starace_in_Africa_Orientale-64x91.jpg 64w, https:\/\/thefinitive.com\/wp-content\/uploads\/2019\/08\/330px-Achille_Starace_in_Africa_Orientale.jpg 330w\" sizes=\"(max-width: 212px) 100vw, 212px\" \/><\/span><\/p>\n<p align=\"justify\"><span style=\"font-family: Verdana; font-size: small;\">Il 5 marzo 1936 fu costituita la &#8220;Colonna Celere Starace&#8221; composta di 160 Ufficiali 3177 tra sottufficiali e truppa, ivi compresa la forza dell\u201982\u00b0 Battaglione Camicie Nere del 6\u00b0 Gruppo. Compito della Colonna Celere Starace era l\u2019occupazione di Gondar. Nei giorni 10 ed 11 marzo i reparti si concentrarono nella zona dei Laghi di Acria ed il 12 marzo Luogotenente Generale Achille Starace, ne assunse il comando. La colonna muoveva da Asmara il 15 marzo e giungeva ad Omager il 18; percorrendo in 4 giorni circa 400 Km, la Colonna mise severamente alla prova la propria forza fisica. Il 20 marzo, alle ore 7, la Colonna iniziava il passaggio del Setit, procedendo su di una pista discreta fino al torrente Royan; pervenivano qui le prime informazioni sul nemico che sostava nella zona di Caft\u00e0. Alla fine della giornata erano stati percorsi 45 Km., con una temperatura di 56 gradi. Il 21 e 22 marzo la marcia proseguiva fino al torrente Su\u00e0. Il 23, oltrepassato il Su\u00e0, attraverso un terreno argilloso e sassoso, su cui si alternavano immense foreste di bamb\u00f9, l\u2019avanzata procedeva. Il 25 marzo alle ore 16 veniva raggiunto l\u2019Hangareb\u00a0 aprendosi una pista, metro per metro, su forti pendenze, che sottoponevano uomini e macchine ad uno sforzo gigantesco. Dal 26 al 29, la Colonna procedeva attraverso un susseguirsi di torrenti, gobbe rocciose, canneti sempre pi\u00f9 fitti, che resero necessario appiedare i reparti, per guadagnare tempo. (2)<\/span><\/p>\n<p align=\"justify\"><span style=\"font-family: Verdana; font-size: small;\">Il 30 marzo Badoglio ordinava di coordinare l\u2019avanzata della Colonna Celere e della 3<sup>a<\/sup>\u00a0Brigata Eritrea (che dalle ore 24 era stata posta a disposizione di Starace) su 3 Battaglioni, 3 Bande e due Batterie da 65\/17 su 4 pezzi, con le seguenti direttive:<\/span><\/p>\n<blockquote>\n<ul>\n<li>\n<p align=\"justify\"><span style=\"font-family: Verdana; font-size: small;\">Giorno 30 marzo: la Colonna avanzi quanto pi\u00f9 possibile, autocarrata; la 3<sup>a<\/sup>\u00a0Brigata Eritrea si porti da Dacu\u00e0 a Masal Denghi\u00e0.<\/span><\/p>\n<\/li>\n<li>\n<p align=\"justify\"><span style=\"font-family: Verdana; font-size: small;\">Giorno 31 marzo: la Colonna Celere col massimo delle forze appiedate prosegua su Gondar; la 3<sup>a<\/sup>Brigata Eritrea raggiunga Bambel\u00f2.<\/span><\/p>\n<\/li>\n<li>\n<p align=\"justify\"><span style=\"font-family: Verdana; font-size: small;\">Giorno 1\u00b0aprile: la Colonna Celere e la 3<sup>a<\/sup>\u00a0Brigata Eritrea puntino contemporaneamente su Gondar.<\/span><\/p>\n<\/li>\n<\/ul>\n<\/blockquote>\n<h3 align=\"justify\">Continua la marcia<\/h3>\n<p align=\"justify\"><span style=\"font-family: Verdana; font-size: small;\">Alle ore 18 del 30, dopo un\u2019avanzata oltremodo difficoltosa, la Colonna sostava e la mattina del 31 marzo si iniziava la marcia a piedi con due Battaglioni di Bersaglieri e l\u201982\u00b0 Battaglione CC.NN., due giornate di viveri di riserva, 30 cartucce e due bombe a mano per ciascun armato di fucile, 1800 colpi per ciascuna mitragliatrice, oltre le dotazioni prescritte. Il tempo stringeva: il nemico abbandonava precipitosamente le fortificazioni di Tukul Dingi\u00e0, ma iniziava gli attacchi contro la coda del convoglio, attacchi ripetuti nei giorni successivi con perdite da parte nostra, ma con pi\u00f9 gravi perdite da parte del nemico. Il 1\u00b0aprile alle 6, la Colonna riprendeva l\u2019avanzata ed alle 8.50 con un plotone di punta raggiungeva i pressi di Cheddus Johannes e ben presto serrava tutta sulla testa del pianoro a nord-est. Alle ore 10 il Tricolore veniva issato sul Castello di Gondar. (3)<\/span><\/p>\n<p align=\"justify\"><span style=\"font-family: Verdana; font-size: small;\">Alle ore 12 del 12 aprile Starace occupava con breve combattimento la penisola del Gorgor\u00e0 ed innalzava il Tricolore sulla vetta pi\u00f9 alta, cui fu imposto il nome di &#8220;Vetta Mussolini&#8221;. Il 19 aprile il Gruppo Bande dell\u2019altopiano muoveva da Gondar verso Bahar Dar, distante 160 Km.; il 20 seguiva Starace con l\u201982\u00b0 Battaglione CC.NN. e l\u201911\u00b0 Battaglione Eritrei: alle ore 14 del 24 la Colonna raggiungeva l\u2019obbiettivo. Il 26 iniziava l\u2019avanzata su Debra Tabor con la seguente formazione: 2\u00b0 Battaglione CC.NN, 11\u00b0 Battaglione Eritrei, 1<sup>a<\/sup>\u00a0Sezione dell\u20198\u00b0 Gruppo Autotrainato da 77\/28 e la 5<sup>a<\/sup>\u00a0Batteria Eritrea.\u00a0<\/span><\/p>\n<h3 align=\"justify\">Verso le altre localit\u00e0<\/h3>\n<p align=\"justify\"><span style=\"font-family: Verdana; font-size: small;\">Alle ore 17 del 28 aprile il Tricolore sventolava su Debra Tabor (140 Km. In 25 ore di marcia effettiva). Il 2 maggio Starace raggiungeva il guado del Nilo Azzurro, toccando per la prima volta la sponda sud del Lago Tana: la mattina del 20 maggio partiva in volo da Bahar Dar con due apparecchi R.O.1 della 41<sup>a<\/sup>\u00a0Squadriglia, sorvolava la Colonna in marcia verso Debra Marcos ed atterrava in questa localit\u00e0 alle ore 9, mentre i reparti vi giungevano solo alle 12. In 65 giorni la Colonna Celere A.O. aveva cos\u00ec percorso oltre 1.300 Km., conquistando cinque tra i pi\u00f9 importanti centri della regione e controllando circa 100.000 Kmq. di territorio. Il 20 maggio la Colonna Celere A.O., avendo completamente e brillantemente assolto il proprio compito, veniva disciolta.<\/span><\/p>\n<h2 style=\"font-weight: 400;\"><strong>ORGANIGRAMMA DELLA COLONNA<\/strong><\/h2>\n<p style=\"font-weight: 400;\">&#8211;\u00a0 \u00a0 \u00a0 \u00a0 \u00a0Comando<br \/>\n&#8211;\u00a0\u00a0\u00a0\u00a0\u00a0\u00a0\u00a0\u00a0\u00a082\u00b0 Legione Camicie Nere \u201cMussolini\u201d &#8211; Forl\u00ec<br \/>\n&#8211;\u00a0\u00a0\u00a0\u00a0\u00a0\u00a0\u00a0\u00a0\u00a03\u00b0Reggimento Bersaglieri (20\u00b0, 25\u00b0 e 28\u00b0 Battaglione)<br \/>\n&#8211;\u00a0\u00a0\u00a0\u00a0\u00a0\u00a0\u00a0\u00a0\u00a08\u00b0Gruppo Artiglieria 77\/28<br \/>\n&#8211;\u00a0\u00a0\u00a0\u00a0\u00a0\u00a0\u00a0\u00a0\u00a0Nucleo Sussistenza<br \/>\n&#8211;\u00a0\u00a0\u00a0\u00a0\u00a0\u00a0\u00a0\u00a0\u00a0Reparto speciale Genio<br \/>\n&#8211;\u00a0\u00a0\u00a0\u00a0\u00a0\u00a0\u00a0\u00a0\u00a0Sezione di Sanit\u00e0<br \/>\n&#8211;\u00a0\u00a0\u00a0\u00a0\u00a0\u00a0\u00a0\u00a0\u00a0Ospedale da campo<br \/>\n&#8211;\u00a0\u00a0\u00a0\u00a0\u00a0\u00a0\u00a0\u00a0\u00a0Autoreparto<br \/>\n&#8211;\u00a0\u00a0\u00a0\u00a0\u00a0\u00a0\u00a0\u00a0\u00a0Servizi Speciali<\/p>\n<h2 style=\"font-weight: 400;\"><strong>CADUTI E FERITI<\/strong><\/h2>\n<h3>Caduti nazionali<\/h3>\n<ul>\n<li style=\"font-weight: 400;\">1\u00b0Capitano Fanteria Giuseppe della Rovere<\/li>\n<li style=\"font-weight: 400;\">Tenente Aeronautica G. de Robertis,\u00a0 cielo di Injabara &#8211; Goggiam<\/li>\n<li style=\"font-weight: 400;\">Capomanipolo Cantoni Pio<\/li>\n<li style=\"font-weight: 400;\">Caporale De Mucci Vittorio<\/li>\n<li style=\"font-weight: 400;\">Soldato Fracasso Validio<\/li>\n<li style=\"font-weight: 400;\">Soldato Colasanti Paolo<\/li>\n<li style=\"font-weight: 400;\">Soldato Benedetti Luigi<\/li>\n<li style=\"font-weight: 400;\">Bersagliere Colzani Ettore<\/li>\n<\/ul>\n<h3>Feriti nazionali<\/h3>\n<ul>\n<li style=\"font-weight: 400;\">Sergente Grane Gaspare<\/li>\n<li style=\"font-weight: 400;\">Cap.Maggiore Cerutti Mario<\/li>\n<li style=\"font-weight: 400;\">Cap.Maggiore Placidi Renzo<\/li>\n<li style=\"font-weight: 400;\">Caporale Rigon Aldo<\/li>\n<li style=\"font-weight: 400;\">Soldato Lodi Alessandro<\/li>\n<li style=\"font-weight: 400;\">Soldato Quinti Nino<\/li>\n<li style=\"font-weight: 400;\">Soldato Zuccaio Ruggero<\/li>\n<\/ul>\n<h3>Caduti indigeni<\/h3>\n<ul>\n<li style=\"font-weight: 400;\">Ascari Ghermelac Habetezghi<\/li>\n<\/ul>\n<h3>Feriti indigeni<\/h3>\n<ul>\n<li style=\"font-weight: 400;\">Ascari Techesi\u00e8 Uoldesillassie<\/li>\n<li style=\"font-weight: 400;\">Ascari Gherezghier Hogbazghe<\/li>\n<\/ul>\n<p>(&#8230; omissis &#8230;)<\/p>\n<p><em><img loading=\"lazy\" decoding=\"async\" class=\"alignnone size-medium wp-image-2445\" src=\"https:\/\/www.thefinitive.com\/wp-content\/uploads\/2019\/08\/Achille_Starace-193x300.jpg\" alt=\"\" width=\"193\" height=\"300\" srcset=\"https:\/\/thefinitive.com\/wp-content\/uploads\/2019\/08\/Achille_Starace-193x300.jpg 193w, https:\/\/thefinitive.com\/wp-content\/uploads\/2019\/08\/Achille_Starace-64x100.jpg 64w, https:\/\/thefinitive.com\/wp-content\/uploads\/2019\/08\/Achille_Starace.jpg 300w\" sizes=\"(max-width: 193px) 100vw, 193px\" \/><\/em><\/p>\n<p><a href=\"https:\/\/it.wikipedia.org\/wiki\/Achille_Starace\"><b>Achille Starace<\/b><\/a>\u00a0(Sannicola,\u00a018 agosto\u00a01889\u00a0\u2013\u00a0Milano,\u00a029 aprile\u00a01945) \u00e8 stato un\u00a0generale,\u00a0politico\u00a0e\u00a0dirigente sportivo\u00a0italiano. \u00c8 stato per otto anni (dal\u00a01931\u00a0al\u00a01939) segretario del\u00a0Partito Nazionale Fascista, presidente del\u00a0Comitato Olimpico Nazionale Italiano, commissario straordinario della\u00a0Lega navale italiana, luogotenente generale della\u00a0Milizia volontaria per la sicurezza nazionale. Fu sepolto a Sannicola di Lecce, presso il cimitero comunale.<\/p>\n<p>&nbsp;<\/p>\n<p><em>Data la vastit\u00e0 dell&#8217;argomento della <a href=\"http:\/\/spazioinwind.libero.it\/littorio\/mvsn\/colostarace.htm\">Colonna Celere<\/a> e del personaggio <strong><a href=\"https:\/\/it.wikipedia.org\/wiki\/Achille_Starace\">Achille Starace<\/a><\/strong> , si rimanda a consultazioni personali su Wikipedia , ed anche <a href=\"http:\/\/www.regioesercito.it\/reparti\/mvsn\/colstarace.htm\">Regio Esercito<\/a>\u00a0 e sulle fonti evidenziate dai link in questo articolo.\u00a0<\/em><\/p>\n<p>9.19<\/p>\n","protected":false},"excerpt":{"rendered":"<p><em><strong>Attestato<\/strong><\/em> per l&#8217;assegnazione del distintivo <strong>USQUE AD FINEM<\/strong> , distintivo della &#8220;<strong>Colonna Celere<\/strong>&#8221; o &#8220;<strong>Marcia su Gondar<\/strong>&#8220;, numerato <strong>84<\/strong> ,dato ai componenti della COLONNA CELERE di <strong>Achille Starace<\/strong>.<\/p>\n<p>Il documento \u00e8 in buone condizioni, presenta una mancanza all&#8217;angolo superiore sinistro, ed un paio di strappi come ben evidenziato dalle foto. Il cognome del <strong>Caporal Maggiore<\/strong> \u00e8 stato oscurato solo nel formato digitale.<\/p>\n<p>Misure approssimative dell&#8217;attestato , cm. 30 x 25<\/p>\n<p style=\"text-align: center;\"><strong><em>(Scorri la pagina in basso per ulteriori dettagli e informazioni)<\/em><\/strong><\/p>\n<p>&nbsp;<\/p>\n<p>&nbsp;<\/p>\n","protected":false},"featured_media":2441,"comment_status":"open","ping_status":"closed","template":"","meta":[],"product_cat":[121,122,125,112,115,113],"product_tag":[164,163,286,285,172,284,155,161,160,198,157,156,166],"yoast_head":"<!-- This site is optimized with the Yoast SEO plugin v21.9.1 - https:\/\/yoast.com\/wordpress\/plugins\/seo\/ -->\n<title>COLONNA CELERE Starace Gondar (marcia su) Lago Tana - Thefinitive<\/title>\n<meta name=\"description\" content=\"Attestato per Marcia su Gondar - COLONNA CELERE di Achille Starace - Usque ad Finem - Lago Tana , Africa Orientale Italiana AOI Impero\" \/>\n<meta name=\"robots\" content=\"index, follow, max-snippet:-1, max-image-preview:large, max-video-preview:-1\" \/>\n<link rel=\"canonical\" href=\"https:\/\/thefinitive.com\/en\/prodotto\/colonna-celere-starace-gondar-marcia-su-lago-tana\/\" \/>\n<meta property=\"og:locale\" content=\"en_US\" \/>\n<meta property=\"og:type\" content=\"article\" \/>\n<meta property=\"og:title\" content=\"COLONNA CELERE Starace Gondar (marcia su) Lago Tana - Thefinitive\" \/>\n<meta property=\"og:description\" content=\"Attestato per Marcia su Gondar - COLONNA CELERE di Achille Starace - Usque ad Finem - Lago Tana , Africa Orientale Italiana AOI Impero\" \/>\n<meta property=\"og:url\" content=\"https:\/\/thefinitive.com\/en\/prodotto\/colonna-celere-starace-gondar-marcia-su-lago-tana\/\" \/>\n<meta property=\"og:site_name\" content=\"Thefinitive\" \/>\n<meta property=\"article:publisher\" content=\"https:\/\/business.facebook.com\/Thefinitive-111771813534320\/\" \/>\n<meta property=\"article:modified_time\" content=\"2025-10-10T06:04:26+00:00\" \/>\n<meta property=\"og:image\" content=\"https:\/\/thefinitive.com\/wp-content\/uploads\/2019\/08\/celere1.jpg\" \/>\n\t<meta property=\"og:image:width\" content=\"1993\" \/>\n\t<meta property=\"og:image:height\" content=\"1344\" \/>\n\t<meta property=\"og:image:type\" content=\"image\/jpeg\" \/>\n<meta name=\"twitter:card\" content=\"summary_large_image\" \/>\n<meta name=\"twitter:label1\" content=\"Est. reading time\" \/>\n\t<meta name=\"twitter:data1\" content=\"6 minutes\" \/>\n<script type=\"application\/ld+json\" class=\"yoast-schema-graph\">{\"@context\":\"https:\/\/schema.org\",\"@graph\":[{\"@type\":\"WebPage\",\"@id\":\"https:\/\/thefinitive.com\/en\/prodotto\/colonna-celere-starace-gondar-marcia-su-lago-tana\/\",\"url\":\"https:\/\/thefinitive.com\/en\/prodotto\/colonna-celere-starace-gondar-marcia-su-lago-tana\/\",\"name\":\"COLONNA CELERE Starace Gondar (marcia su) Lago Tana - Thefinitive\",\"isPartOf\":{\"@id\":\"https:\/\/thefinitive.com\/en\/#website\"},\"datePublished\":\"2019-08-12T19:58:02+00:00\",\"dateModified\":\"2025-10-10T06:04:26+00:00\",\"description\":\"Attestato per Marcia su Gondar - COLONNA CELERE di Achille Starace - Usque ad Finem - Lago Tana , Africa Orientale Italiana AOI Impero\",\"breadcrumb\":{\"@id\":\"https:\/\/thefinitive.com\/en\/prodotto\/colonna-celere-starace-gondar-marcia-su-lago-tana\/#breadcrumb\"},\"inLanguage\":\"en-US\",\"potentialAction\":[{\"@type\":\"ReadAction\",\"target\":[\"https:\/\/thefinitive.com\/en\/prodotto\/colonna-celere-starace-gondar-marcia-su-lago-tana\/\"]}]},{\"@type\":\"BreadcrumbList\",\"@id\":\"https:\/\/thefinitive.com\/en\/prodotto\/colonna-celere-starace-gondar-marcia-su-lago-tana\/#breadcrumb\",\"itemListElement\":[{\"@type\":\"ListItem\",\"position\":1,\"name\":\"Home\",\"item\":\"https:\/\/thefinitive.com\/en\/\"},{\"@type\":\"ListItem\",\"position\":2,\"name\":\"Shop\",\"item\":\"https:\/\/thefinitive.com\/en\/shop-2\/\"},{\"@type\":\"ListItem\",\"position\":3,\"name\":\"COLONNA CELERE Starace Gondar (marcia su) Lago Tana\"}]},{\"@type\":\"WebSite\",\"@id\":\"https:\/\/thefinitive.com\/en\/#website\",\"url\":\"https:\/\/thefinitive.com\/en\/\",\"name\":\"Thefinitive\",\"description\":\"Antiquariato Online\",\"publisher\":{\"@id\":\"https:\/\/thefinitive.com\/en\/#organization\"},\"potentialAction\":[{\"@type\":\"SearchAction\",\"target\":{\"@type\":\"EntryPoint\",\"urlTemplate\":\"https:\/\/thefinitive.com\/en\/?s={search_term_string}\"},\"query-input\":\"required name=search_term_string\"}],\"inLanguage\":\"en-US\"},{\"@type\":\"Organization\",\"@id\":\"https:\/\/thefinitive.com\/en\/#organization\",\"name\":\"Thefinitive\",\"url\":\"https:\/\/thefinitive.com\/en\/\",\"logo\":{\"@type\":\"ImageObject\",\"inLanguage\":\"en-US\",\"@id\":\"https:\/\/thefinitive.com\/en\/#\/schema\/logo\/image\/\",\"url\":\"https:\/\/thefinitive.com\/wp-content\/uploads\/2019\/07\/logo4vett.svg\",\"contentUrl\":\"https:\/\/thefinitive.com\/wp-content\/uploads\/2019\/07\/logo4vett.svg\",\"width\":500,\"height\":100,\"caption\":\"Thefinitive\"},\"image\":{\"@id\":\"https:\/\/thefinitive.com\/en\/#\/schema\/logo\/image\/\"},\"sameAs\":[\"https:\/\/business.facebook.com\/Thefinitive-111771813534320\/\",\"https:\/\/www.instagram.com\/_thefinitive_\/\"]}]}<\/script>\n<!-- \/ Yoast SEO plugin. -->","yoast_head_json":{"title":"COLONNA CELERE Starace Gondar (marcia su) Lago Tana - Thefinitive","description":"Attestato per Marcia su Gondar - COLONNA CELERE di Achille Starace - Usque ad Finem - Lago Tana , Africa Orientale Italiana AOI Impero","robots":{"index":"index","follow":"follow","max-snippet":"max-snippet:-1","max-image-preview":"max-image-preview:large","max-video-preview":"max-video-preview:-1"},"canonical":"https:\/\/thefinitive.com\/en\/prodotto\/colonna-celere-starace-gondar-marcia-su-lago-tana\/","og_locale":"en_US","og_type":"article","og_title":"COLONNA CELERE Starace Gondar (marcia su) Lago Tana - Thefinitive","og_description":"Attestato per Marcia su Gondar - COLONNA CELERE di Achille Starace - Usque ad Finem - Lago Tana , Africa Orientale Italiana AOI Impero","og_url":"https:\/\/thefinitive.com\/en\/prodotto\/colonna-celere-starace-gondar-marcia-su-lago-tana\/","og_site_name":"Thefinitive","article_publisher":"https:\/\/business.facebook.com\/Thefinitive-111771813534320\/","article_modified_time":"2025-10-10T06:04:26+00:00","og_image":[{"width":1993,"height":1344,"url":"https:\/\/thefinitive.com\/wp-content\/uploads\/2019\/08\/celere1.jpg","type":"image\/jpeg"}],"twitter_card":"summary_large_image","twitter_misc":{"Est. reading time":"6 minutes"},"schema":{"@context":"https:\/\/schema.org","@graph":[{"@type":"WebPage","@id":"https:\/\/thefinitive.com\/en\/prodotto\/colonna-celere-starace-gondar-marcia-su-lago-tana\/","url":"https:\/\/thefinitive.com\/en\/prodotto\/colonna-celere-starace-gondar-marcia-su-lago-tana\/","name":"COLONNA CELERE Starace Gondar (marcia su) Lago Tana - Thefinitive","isPartOf":{"@id":"https:\/\/thefinitive.com\/en\/#website"},"datePublished":"2019-08-12T19:58:02+00:00","dateModified":"2025-10-10T06:04:26+00:00","description":"Attestato per Marcia su Gondar - COLONNA CELERE di Achille Starace - Usque ad Finem - Lago Tana , Africa Orientale Italiana AOI Impero","breadcrumb":{"@id":"https:\/\/thefinitive.com\/en\/prodotto\/colonna-celere-starace-gondar-marcia-su-lago-tana\/#breadcrumb"},"inLanguage":"en-US","potentialAction":[{"@type":"ReadAction","target":["https:\/\/thefinitive.com\/en\/prodotto\/colonna-celere-starace-gondar-marcia-su-lago-tana\/"]}]},{"@type":"BreadcrumbList","@id":"https:\/\/thefinitive.com\/en\/prodotto\/colonna-celere-starace-gondar-marcia-su-lago-tana\/#breadcrumb","itemListElement":[{"@type":"ListItem","position":1,"name":"Home","item":"https:\/\/thefinitive.com\/en\/"},{"@type":"ListItem","position":2,"name":"Shop","item":"https:\/\/thefinitive.com\/en\/shop-2\/"},{"@type":"ListItem","position":3,"name":"COLONNA CELERE Starace Gondar (marcia su) Lago Tana"}]},{"@type":"WebSite","@id":"https:\/\/thefinitive.com\/en\/#website","url":"https:\/\/thefinitive.com\/en\/","name":"Thefinitive","description":"Antiquariato Online","publisher":{"@id":"https:\/\/thefinitive.com\/en\/#organization"},"potentialAction":[{"@type":"SearchAction","target":{"@type":"EntryPoint","urlTemplate":"https:\/\/thefinitive.com\/en\/?s={search_term_string}"},"query-input":"required name=search_term_string"}],"inLanguage":"en-US"},{"@type":"Organization","@id":"https:\/\/thefinitive.com\/en\/#organization","name":"Thefinitive","url":"https:\/\/thefinitive.com\/en\/","logo":{"@type":"ImageObject","inLanguage":"en-US","@id":"https:\/\/thefinitive.com\/en\/#\/schema\/logo\/image\/","url":"https:\/\/thefinitive.com\/wp-content\/uploads\/2019\/07\/logo4vett.svg","contentUrl":"https:\/\/thefinitive.com\/wp-content\/uploads\/2019\/07\/logo4vett.svg","width":500,"height":100,"caption":"Thefinitive"},"image":{"@id":"https:\/\/thefinitive.com\/en\/#\/schema\/logo\/image\/"},"sameAs":["https:\/\/business.facebook.com\/Thefinitive-111771813534320\/","https:\/\/www.instagram.com\/_thefinitive_\/"]}]}},"_links":{"self":[{"href":"https:\/\/thefinitive.com\/en\/wp-json\/wp\/v3\/product\/2440"}],"collection":[{"href":"https:\/\/thefinitive.com\/en\/wp-json\/wp\/v3\/product"}],"about":[{"href":"https:\/\/thefinitive.com\/en\/wp-json\/wp\/v2\/types\/product"}],"replies":[{"embeddable":true,"href":"https:\/\/thefinitive.com\/en\/wp-json\/wp\/v2\/comments?post=2440"}],"version-history":[{"count":2,"href":"https:\/\/thefinitive.com\/en\/wp-json\/wp\/v3\/product\/2440\/revisions"}],"predecessor-version":[{"id":15495,"href":"https:\/\/thefinitive.com\/en\/wp-json\/wp\/v3\/product\/2440\/revisions\/15495"}],"wp:featuredmedia":[{"embeddable":true,"href":"https:\/\/thefinitive.com\/en\/wp-json\/wp\/v2\/media\/2441"}],"wp:attachment":[{"href":"https:\/\/thefinitive.com\/en\/wp-json\/wp\/v2\/media?parent=2440"}],"wp:term":[{"taxonomy":"product_cat","embeddable":true,"href":"https:\/\/thefinitive.com\/en\/wp-json\/wp\/v2\/product_cat?post=2440"},{"taxonomy":"product_tag","embeddable":true,"href":"https:\/\/thefinitive.com\/en\/wp-json\/wp\/v2\/product_tag?post=2440"}],"curies":[{"name":"wp","href":"https:\/\/api.w.org\/{rel}","templated":true}]}}